{"id":2052,"date":"2025-03-19T20:27:06","date_gmt":"2025-03-19T18:27:06","guid":{"rendered":"https:\/\/www.llibreriasantjordi.cat\/?post_type=product&#038;p=2052"},"modified":"2025-05-14T16:04:30","modified_gmt":"2025-05-14T14:04:30","slug":"guarde-el-anochecer-en-el-cajon","status":"publish","type":"product","link":"https:\/\/www.llibreriasantjordi.cat\/es\/producte\/guarde-el-anochecer-en-el-cajon\/","title":{"rendered":"Guard\u00e9 el anochecer en el caj\u00f3n"},"content":{"rendered":"<div class=\"wpb-content-wrapper\"><p>[vc_row css_animation=\u00bb\u00bb row_type=\u00bbrow\u00bb use_row_as_full_screen_section=\u00bbno\u00bb type=\u00bbfull_width\u00bb angled_section=\u00bbno\u00bb text_align=\u00bbleft\u00bb background_image_as_pattern=\u00bbwithout_pattern\u00bb][vc_column][vc_column_text css=\u00bb\u00bb]<strong>Editorial:<\/strong> Lumen<br \/>\n<strong>ISBN:<\/strong> 9788426432599<br \/>\n<strong>Idioma:<\/strong> Castellano<br \/>\n<strong>N\u00famero de p\u00e1ginas:<\/strong> 192<br \/>\n<strong>Encuadernaci\u00f3n:<\/strong> Tapa blanda<br \/>\n<strong>Fecha de publicaci\u00f3n:<\/strong> 10\/04\/2025[\/vc_column_text][\/vc_column][\/vc_row]<\/p>\n<\/div>","protected":false},"excerpt":{"rendered":"<p>PREMIO NOBEL DE LITERATURA 2024<\/p>\n<p>&nbsp;<\/p>\n<p>La autora que ha cautivado a millones de lectores en el mundo con novelas como\u00a0La vegetariana\u00a0y\u00a0La clase de griego\u00a0nos sorprende y deslumbra tambi\u00e9n como poeta.<\/p>\n<p>&nbsp;<\/p>\n<p>\u00abUna de las escritoras m\u00e1s sublimes que pueblan el escenario contempor\u00e1neo\u00bb.<\/p>\n<p>Berna Gonz\u00e1lez Harbour,\u00a0El Pa\u00eds<\/p>\n<p>&nbsp;<\/p>\n<p>Premio Nobel de Literatura en el 2024, Han Kang se revela a\u00a0Guard\u00e9 el atardecer en el caj\u00f3n como la gran poeta que alienta tras sus muy celebradas ficciones.<\/p>\n<p>&nbsp;<\/p>\n<p>La \u201cnoche\u201d, ese espacio ambiguo entre dos luces, se convierte en el escenario donde una voz dolida e inteligente nos habla de la soledad, la enfermedad, el encuentro entre muertos y vivos, la fuerza fr\u00e1gil de la palabra, la necesidad del arte.<\/p>\n<p>&nbsp;<\/p>\n<p>Sin conocer en detalle la an\u00e9cdota que genera el poema, el lector ingresa en un \u00e1mbito de inmediata y poderosa intimidad que acaba haci\u00e9ndole part\u00edcipe de especial trascendencia cotidiana.<\/p>\n<p>&nbsp;<\/p>\n<p>Se trata de una poes\u00eda delicada, oscura, inquietante y tremendamente visceral, que pone el cuerpo y las emociones en el centro. Como ha dicho la autora en The New Yorker, \u00abel lenguaje es como una flecha que siempre falla el blanco por un estrecho margen y tambi\u00e9n es algo que transmite emociones y sensaciones que producen dolor\u00bb. <a class=\"continue\" href=\"https:\/\/www.llibreriasantjordi.cat\/es\/producte\/guarde-el-anochecer-en-el-cajon\/\">CONTINUAR >><span> Guard\u00e9 el anochecer en el caj\u00f3n<\/span><\/a><\/p>\n","protected":false},"featured_media":1706,"template":"","meta":{"_joinchat":[]},"product_brand":[],"product_cat":[172,182,185,188],"product_tag":[248],"class_list":{"0":"post-2052","1":"product","2":"type-product","3":"status-publish","4":"has-post-thumbnail","6":"product_cat-castellano","7":"product_cat-ficcion","8":"product_cat-libros-premiados","9":"product_cat-novedades","10":"product_tag-han-kang-es","12":"first","13":"instock","14":"taxable","15":"shipping-taxable","16":"purchasable","17":"product-type-simple"},"_links":{"self":[{"href":"https:\/\/www.llibreriasantjordi.cat\/es\/wp-json\/wp\/v2\/product\/2052","targetHints":{"allow":["GET"]}}],"collection":[{"href":"https:\/\/www.llibreriasantjordi.cat\/es\/wp-json\/wp\/v2\/product"}],"about":[{"href":"https:\/\/www.llibreriasantjordi.cat\/es\/wp-json\/wp\/v2\/types\/product"}],"wp:featuredmedia":[{"embeddable":true,"href":"https:\/\/www.llibreriasantjordi.cat\/es\/wp-json\/wp\/v2\/media\/1706"}],"wp:attachment":[{"href":"https:\/\/www.llibreriasantjordi.cat\/es\/wp-json\/wp\/v2\/media?parent=2052"}],"wp:term":[{"taxonomy":"product_brand","embeddable":true,"href":"https:\/\/www.llibreriasantjordi.cat\/es\/wp-json\/wp\/v2\/product_brand?post=2052"},{"taxonomy":"product_cat","embeddable":true,"href":"https:\/\/www.llibreriasantjordi.cat\/es\/wp-json\/wp\/v2\/product_cat?post=2052"},{"taxonomy":"product_tag","embeddable":true,"href":"https:\/\/www.llibreriasantjordi.cat\/es\/wp-json\/wp\/v2\/product_tag?post=2052"}],"curies":[{"name":"wp","href":"https:\/\/api.w.org\/{rel}","templated":true}]}}