{"id":2050,"date":"2025-03-19T20:34:56","date_gmt":"2025-03-19T18:34:56","guid":{"rendered":"https:\/\/www.llibreriasantjordi.cat\/?post_type=product&#038;p=2050"},"modified":"2025-05-14T16:04:12","modified_gmt":"2025-05-14T14:04:12","slug":"victorian-psycho","status":"publish","type":"product","link":"https:\/\/www.llibreriasantjordi.cat\/es\/producte\/victorian-psycho\/","title":{"rendered":"Victorian Psycho"},"content":{"rendered":"<div class=\"wpb-content-wrapper\"><p>[vc_row css_animation=\u00bb\u00bb row_type=\u00bbrow\u00bb use_row_as_full_screen_section=\u00bbno\u00bb type=\u00bbfull_width\u00bb angled_section=\u00bbno\u00bb text_align=\u00bbleft\u00bb background_image_as_pattern=\u00bbwithout_pattern\u00bb][vc_column][vc_column_text css=\u00bb\u00bb]<strong>Editorial:<\/strong> La Campana<br \/>\n<strong>ISBN:<\/strong> 9788418226908<br \/>\n<strong>Idioma:<\/strong> Catal\u00e1n<br \/>\n<strong>N\u00famero de p\u00e1ginas:<\/strong> 192<br \/>\n<strong>Encuadernaci\u00f3n:<\/strong> Tapa blanda<br \/>\n<strong>Fecha de publicaci\u00f3n:<\/strong> 09\/01\/2025[\/vc_column_text][\/vc_column][\/vc_row]<\/p>\n<\/div>","protected":false},"excerpt":{"rendered":"<p>Vuelve, por fin, a\u00fan m\u00e1s audaz y provocadora, \u00abla Patricia Highsmith espa\u00f1ola\u00bb, \u00abla nueva dama del thriller\u00bb (La Raz\u00f3n) que conmocion\u00f3 a prensa, libreros y lectores con La se\u00f1ora March, Premio Best Novel Valencia Negra y Premio Un A\u00f1o de Libros al mejor debut, y uno de los mejores libros del a\u00f1o.<\/p>\n<p>&nbsp;<\/p>\n<p>El se\u00f1or y la se\u00f1ora Pounds han contratado a Winifred Notty para que cumpla el rol de la perfecta institutriz victoriana: dar\u00e1 clases a sus pupilos (franc\u00e9s y costura en Drusilla y \u00e1lgebra e historia al peque\u00f1o Andrew) y les contar\u00e1 cuentos antes de dormir. Pero Ensor House y sus habitantes esconden m\u00e1s perversiones y secretos que la perturbada se\u00f1orita Notty, capaz de convertir un t\u00e9 con elegantes invitados y beb\u00e9s en el sal\u00f3n en un evento macabro. \u00bfQu\u00e9 ha pasado en su vida para que una ma\u00f1ana fr\u00eda de Navidad todas las piezas del pasado y el presente encajen y un final opuesto al de un cuento de hadas nos estremezca como un regalo sangriento?<\/p>\n<p>&nbsp;<\/p>\n<p>Cruelmente divertida, cl\u00e1sica y moderna, y dickensianamente escalofriante, Victorian Psycho confirma el original talento de \u00abla nueva dama del thriller\u00bb (\u00c1ngeles L\u00f3pez, La Raz\u00f3n). <a class=\"continue\" href=\"https:\/\/www.llibreriasantjordi.cat\/es\/producte\/victorian-psycho\/\">CONTINUAR >><span> Victorian Psycho<\/span><\/a><\/p>\n","protected":false},"featured_media":1655,"template":"","meta":{"_joinchat":[]},"product_brand":[],"product_cat":[173,182,188],"product_tag":[247],"class_list":{"0":"post-2050","1":"product","2":"type-product","3":"status-publish","4":"has-post-thumbnail","6":"product_cat-catalan","7":"product_cat-ficcion","8":"product_cat-novedades","9":"product_tag-virginia-feito-es","11":"first","12":"instock","13":"taxable","14":"shipping-taxable","15":"purchasable","16":"product-type-simple"},"_links":{"self":[{"href":"https:\/\/www.llibreriasantjordi.cat\/es\/wp-json\/wp\/v2\/product\/2050","targetHints":{"allow":["GET"]}}],"collection":[{"href":"https:\/\/www.llibreriasantjordi.cat\/es\/wp-json\/wp\/v2\/product"}],"about":[{"href":"https:\/\/www.llibreriasantjordi.cat\/es\/wp-json\/wp\/v2\/types\/product"}],"wp:featuredmedia":[{"embeddable":true,"href":"https:\/\/www.llibreriasantjordi.cat\/es\/wp-json\/wp\/v2\/media\/1655"}],"wp:attachment":[{"href":"https:\/\/www.llibreriasantjordi.cat\/es\/wp-json\/wp\/v2\/media?parent=2050"}],"wp:term":[{"taxonomy":"product_brand","embeddable":true,"href":"https:\/\/www.llibreriasantjordi.cat\/es\/wp-json\/wp\/v2\/product_brand?post=2050"},{"taxonomy":"product_cat","embeddable":true,"href":"https:\/\/www.llibreriasantjordi.cat\/es\/wp-json\/wp\/v2\/product_cat?post=2050"},{"taxonomy":"product_tag","embeddable":true,"href":"https:\/\/www.llibreriasantjordi.cat\/es\/wp-json\/wp\/v2\/product_tag?post=2050"}],"curies":[{"name":"wp","href":"https:\/\/api.w.org\/{rel}","templated":true}]}}