{"id":2048,"date":"2025-03-24T18:33:58","date_gmt":"2025-03-24T16:33:58","guid":{"rendered":"https:\/\/www.llibreriasantjordi.cat\/?post_type=product&#038;p=2048"},"modified":"2025-05-13T19:31:02","modified_gmt":"2025-05-13T17:31:02","slug":"al-fons-de-la-vall","status":"publish","type":"product","link":"https:\/\/www.llibreriasantjordi.cat\/es\/producte\/al-fons-de-la-vall\/","title":{"rendered":"Al fons de la vall"},"content":{"rendered":"<div class=\"wpb-content-wrapper\"><p>[vc_row css_animation=\u00bb\u00bb row_type=\u00bbrow\u00bb use_row_as_full_screen_section=\u00bbno\u00bb type=\u00bbfull_width\u00bb angled_section=\u00bbno\u00bb text_align=\u00bbleft\u00bb background_image_as_pattern=\u00bbwithout_pattern\u00bb][vc_column][vc_column_text css=\u00bb\u00bb]<strong>Editorial:<\/strong> La Campana<br \/>\n<strong>ISBN:<\/strong> 9788419836014<br \/>\n<strong>Idioma:<\/strong> Catal\u00e1n<br \/>\n<strong>N\u00famero de p\u00e1ginas:<\/strong> 128<br \/>\n<strong>Encuadernaci\u00f3n:<\/strong> Tapa blanda<br \/>\n<strong>Fecha de publicaci\u00f3n:<\/strong> 20\/03\/2025[\/vc_column_text][\/vc_column][\/vc_row]<\/p>\n<\/div>","protected":false},"excerpt":{"rendered":"<p>Con ecos del popular \u00e1lbum Nebraska, de Bruce Springsteen, Paolo Cognetti retrata un mundo salvaje atravesado simult\u00e1neamente por la modernidad, las disputas familiares, el desamor y el deseo de tejer v\u00ednculos entre los polos opuestos.<\/p>\n<p>&nbsp;<\/p>\n<p>Al fondo del valle narra la historia de dos hermanos, Alfredo y Luigi, cuyo padre les asign\u00f3 un \u00e1rbol a cada uno cuando nacieron: un alerce y un abeto. Ambos \u00e1rboles han crecido en paralelo a la orilla del r\u00edo Sesia, tan diferentes y al mismo tiempo tan parecidos, como un reflejo de la relaci\u00f3n entre los dos protagonistas, que llevan un tiempo alejados.<\/p>\n<p>&nbsp;<\/p>\n<p>Luigi, que en treinta y siete a\u00f1os nunca ha salido del valle, es el alerce, duro y fr\u00e1gil. \u00c9l y Betta se enamoraron mientras se ba\u00f1aban en las balsas del r\u00edo, entre los abedules blancos: ahora esperan una ni\u00f1a y en el aire se respira el aroma de un nuevo comienzo. \u00c9l acaba de aceptar un trabajo como guarda forestal, ella viene de la ciudad y lee a Karen Blixen. Alfredo, el peque\u00f1o de los dos hermanos, es el abeto: t\u00e9trico y resistente a las heladas, inquieto y pasacalles. Para evitar m\u00e1s problemas decidi\u00f3 irse lejos, a Canad\u00e1, entre indios tristes y pozos de petr\u00f3leo. Pero ahora que su padre ya no est\u00e1, ha vuelto al valle para liberarse de los lazos que le quedan. <a class=\"continue\" href=\"https:\/\/www.llibreriasantjordi.cat\/es\/producte\/al-fons-de-la-vall\/\">CONTINUAR >><span> Al fons de la vall<\/span><\/a><\/p>\n","protected":false},"featured_media":1739,"template":"","meta":{"_joinchat":[]},"product_brand":[],"product_cat":[173,182,188],"product_tag":[246],"class_list":{"0":"post-2048","1":"product","2":"type-product","3":"status-publish","4":"has-post-thumbnail","6":"product_cat-catalan","7":"product_cat-ficcion","8":"product_cat-novedades","9":"product_tag-paolo-cognetti-es","11":"first","12":"instock","13":"taxable","14":"shipping-taxable","15":"purchasable","16":"product-type-simple"},"_links":{"self":[{"href":"https:\/\/www.llibreriasantjordi.cat\/es\/wp-json\/wp\/v2\/product\/2048","targetHints":{"allow":["GET"]}}],"collection":[{"href":"https:\/\/www.llibreriasantjordi.cat\/es\/wp-json\/wp\/v2\/product"}],"about":[{"href":"https:\/\/www.llibreriasantjordi.cat\/es\/wp-json\/wp\/v2\/types\/product"}],"wp:featuredmedia":[{"embeddable":true,"href":"https:\/\/www.llibreriasantjordi.cat\/es\/wp-json\/wp\/v2\/media\/1739"}],"wp:attachment":[{"href":"https:\/\/www.llibreriasantjordi.cat\/es\/wp-json\/wp\/v2\/media?parent=2048"}],"wp:term":[{"taxonomy":"product_brand","embeddable":true,"href":"https:\/\/www.llibreriasantjordi.cat\/es\/wp-json\/wp\/v2\/product_brand?post=2048"},{"taxonomy":"product_cat","embeddable":true,"href":"https:\/\/www.llibreriasantjordi.cat\/es\/wp-json\/wp\/v2\/product_cat?post=2048"},{"taxonomy":"product_tag","embeddable":true,"href":"https:\/\/www.llibreriasantjordi.cat\/es\/wp-json\/wp\/v2\/product_tag?post=2048"}],"curies":[{"name":"wp","href":"https:\/\/api.w.org\/{rel}","templated":true}]}}