{"id":2046,"date":"2025-03-24T18:37:33","date_gmt":"2025-03-24T16:37:33","guid":{"rendered":"https:\/\/www.llibreriasantjordi.cat\/?post_type=product&#038;p=2046"},"modified":"2025-05-14T16:04:02","modified_gmt":"2025-05-14T14:04:02","slug":"en-el-valle","status":"publish","type":"product","link":"https:\/\/www.llibreriasantjordi.cat\/es\/producte\/en-el-valle\/","title":{"rendered":"En el valle"},"content":{"rendered":"<div class=\"wpb-content-wrapper\"><p>[vc_row css_animation=\u00bb\u00bb row_type=\u00bbrow\u00bb use_row_as_full_screen_section=\u00bbno\u00bb type=\u00bbfull_width\u00bb angled_section=\u00bbno\u00bb text_align=\u00bbleft\u00bb background_image_as_pattern=\u00bbwithout_pattern\u00bb][vc_column][vc_column_text css=\u00bb\u00bb]<strong>Editorial:<\/strong> Random House<br \/>\n<strong>ISBN:<\/strong> 9788439744696<br \/>\n<strong>Idioma:<\/strong> Castellano<br \/>\n<strong>N\u00famero de p\u00e1ginas:<\/strong> 128<br \/>\n<strong>Encuadernaci\u00f3n:<\/strong> Tapa blanda<br \/>\n<strong>Fecha de publicaci\u00f3n:<\/strong> 20\/03\/2025[\/vc_column_text][\/vc_column][\/vc_row]<\/p>\n<\/div>","protected":false},"excerpt":{"rendered":"<p>VUELTA EL AUTOR DE LOS ALPES<\/p>\n<p>&nbsp;<\/p>\n<p>\u00abPaolo Cognetti crea espl\u00e9ndidos himnos en la monta\u00f1a y sus gentes\u00bb. Le Monde<\/p>\n<p>&nbsp;<\/p>\n<p>\u00abEn el valle supera Las ocho monta\u00f1as. Cognetti tiene el poder de los mejores escritores\u00bb. Il Fatto Cotidiano<\/p>\n<p>&nbsp;<\/p>\n<p>\u00abUn escritor tocado por un tipo especial de gracia y sabidur\u00eda\u00bb. The Wall Street Journal<\/p>\n<p>&nbsp;<\/p>\n<p>Los hermanos Alfredo y Luigi son tan distintos como los \u00e1rboles que su padre plant\u00f3 frente a la vieja casa familiar cuando nacieron. El de Luigi, un alerce que busca la luz del sol y se agita con el viento, es a la vez duro y fr\u00e1gil. El de Alfredo, un abeto fuerte y resistente, es inquieto y sombr\u00edo. Despu\u00e9s de siete a\u00f1os fuera, y tras la tr\u00e1gica muerte de su padre, Alfredo regresa a Valsesia para venderle a su hermano la parte de la casa que le corresponde. Luigi, que se ha establecido como agente forestal, pretende empezar una nueva vida con Elisabetta y el beb\u00e9 que esperan. Mientras, el futuro proyecto de una estaci\u00f3n de esqu\u00ed y el animal salvaje que est\u00e1 asesinando a los perros de la zona amenazan la imperturbable vida del valle. <a class=\"continue\" href=\"https:\/\/www.llibreriasantjordi.cat\/es\/producte\/en-el-valle\/\">CONTINUAR >><span> En el valle<\/span><\/a><\/p>\n","protected":false},"featured_media":1713,"template":"","meta":{"_joinchat":[]},"product_brand":[],"product_cat":[172,182,188],"product_tag":[246],"class_list":{"0":"post-2046","1":"product","2":"type-product","3":"status-publish","4":"has-post-thumbnail","6":"product_cat-castellano","7":"product_cat-ficcion","8":"product_cat-novedades","9":"product_tag-paolo-cognetti-es","11":"first","12":"instock","13":"taxable","14":"shipping-taxable","15":"purchasable","16":"product-type-simple"},"_links":{"self":[{"href":"https:\/\/www.llibreriasantjordi.cat\/es\/wp-json\/wp\/v2\/product\/2046","targetHints":{"allow":["GET"]}}],"collection":[{"href":"https:\/\/www.llibreriasantjordi.cat\/es\/wp-json\/wp\/v2\/product"}],"about":[{"href":"https:\/\/www.llibreriasantjordi.cat\/es\/wp-json\/wp\/v2\/types\/product"}],"wp:featuredmedia":[{"embeddable":true,"href":"https:\/\/www.llibreriasantjordi.cat\/es\/wp-json\/wp\/v2\/media\/1713"}],"wp:attachment":[{"href":"https:\/\/www.llibreriasantjordi.cat\/es\/wp-json\/wp\/v2\/media?parent=2046"}],"wp:term":[{"taxonomy":"product_brand","embeddable":true,"href":"https:\/\/www.llibreriasantjordi.cat\/es\/wp-json\/wp\/v2\/product_brand?post=2046"},{"taxonomy":"product_cat","embeddable":true,"href":"https:\/\/www.llibreriasantjordi.cat\/es\/wp-json\/wp\/v2\/product_cat?post=2046"},{"taxonomy":"product_tag","embeddable":true,"href":"https:\/\/www.llibreriasantjordi.cat\/es\/wp-json\/wp\/v2\/product_tag?post=2046"}],"curies":[{"name":"wp","href":"https:\/\/api.w.org\/{rel}","templated":true}]}}