{"id":2045,"date":"2025-03-24T18:40:20","date_gmt":"2025-03-24T16:40:20","guid":{"rendered":"https:\/\/www.llibreriasantjordi.cat\/?post_type=product&#038;p=2045"},"modified":"2025-05-14T16:03:53","modified_gmt":"2025-05-14T14:03:53","slug":"la-balada-de-holt","status":"publish","type":"product","link":"https:\/\/www.llibreriasantjordi.cat\/es\/producte\/la-balada-de-holt\/","title":{"rendered":"La balada de Holt"},"content":{"rendered":"<div class=\"wpb-content-wrapper\"><p>[vc_row css_animation=\u00bb\u00bb row_type=\u00bbrow\u00bb use_row_as_full_screen_section=\u00bbno\u00bb type=\u00bbfull_width\u00bb angled_section=\u00bbno\u00bb text_align=\u00bbleft\u00bb background_image_as_pattern=\u00bbwithout_pattern\u00bb][vc_column][vc_column_text css=\u00bb\u00bb]<strong>Editorial:<\/strong> Random House<br \/>\n<strong>ISBN:<\/strong> 9788439743552<br \/>\n<strong>Idioma:<\/strong> Castellano<br \/>\n<strong>N\u00famero de p\u00e1ginas:<\/strong> 184<br \/>\n<strong>Encuadernaci\u00f3n:<\/strong> Tapa blanda<br \/>\n<strong>Fecha de publicaci\u00f3n:<\/strong> 06\/03\/2025[\/vc_column_text][\/vc_column][\/vc_row]<\/p>\n<\/div>","protected":false},"excerpt":{"rendered":"<p>La segunda novela de Kent Haruf. Un impactante retrato de la vida en un pueblo peque\u00f1o de Estados Unidos, repentinamente alterado por una visita inesperada.<\/p>\n<p>&nbsp;<\/p>\n<p>\u00abUn escritor que tiene una originalidad deslumbrante. Es cuidadoso a la hora de contar una buena historia. Una historia que destila verdad\u00bb.<\/p>\n<p>The Guardian<\/p>\n<p>&nbsp;<\/p>\n<p>Tan inmensa y desbordante era la personalidad \u2014y el f\u00edsico\u2014 de Jack Burdette que en un momento dado ya no pudo encontrar su sitio en Holt, el pueblo natal. Tras fracasar como jugador de f\u00fatbol americano, una serie de eventos le obligaron a huir, dejando a la comunidad profundamente disgustada.<\/p>\n<p>&nbsp;<\/p>\n<p>Durante casi una d\u00e9cada, la sombra de Jack permanece en Holt, alimentando el rencor colectivo. Pero su inesperada reaparici\u00f3n no comporta consuelo ni reconciliaci\u00f3n. Por el contrario, su regreso despierta una tormenta de emociones que amenaza con romper los fr\u00e1giles cimientos del pueblo, y su presencia \u2014m\u00e1s poderosa que su ausencia prolongada\u2014 provoca una catarsis emocional que revela las profundas grietas bajo la superficie de la vida cotidiana. <a class=\"continue\" href=\"https:\/\/www.llibreriasantjordi.cat\/es\/producte\/la-balada-de-holt\/\">CONTINUAR >><span> La balada de Holt<\/span><\/a><\/p>\n","protected":false},"featured_media":1701,"template":"","meta":{"_joinchat":[]},"product_brand":[],"product_cat":[172,182,188],"product_tag":[245,244],"class_list":{"0":"post-2045","1":"product","2":"type-product","3":"status-publish","4":"has-post-thumbnail","6":"product_cat-castellano","7":"product_cat-ficcion","8":"product_cat-novedades","9":"product_tag-kent-hanuf","10":"product_tag-kent-haruf-es","12":"first","13":"instock","14":"taxable","15":"shipping-taxable","16":"purchasable","17":"product-type-simple"},"_links":{"self":[{"href":"https:\/\/www.llibreriasantjordi.cat\/es\/wp-json\/wp\/v2\/product\/2045","targetHints":{"allow":["GET"]}}],"collection":[{"href":"https:\/\/www.llibreriasantjordi.cat\/es\/wp-json\/wp\/v2\/product"}],"about":[{"href":"https:\/\/www.llibreriasantjordi.cat\/es\/wp-json\/wp\/v2\/types\/product"}],"wp:featuredmedia":[{"embeddable":true,"href":"https:\/\/www.llibreriasantjordi.cat\/es\/wp-json\/wp\/v2\/media\/1701"}],"wp:attachment":[{"href":"https:\/\/www.llibreriasantjordi.cat\/es\/wp-json\/wp\/v2\/media?parent=2045"}],"wp:term":[{"taxonomy":"product_brand","embeddable":true,"href":"https:\/\/www.llibreriasantjordi.cat\/es\/wp-json\/wp\/v2\/product_brand?post=2045"},{"taxonomy":"product_cat","embeddable":true,"href":"https:\/\/www.llibreriasantjordi.cat\/es\/wp-json\/wp\/v2\/product_cat?post=2045"},{"taxonomy":"product_tag","embeddable":true,"href":"https:\/\/www.llibreriasantjordi.cat\/es\/wp-json\/wp\/v2\/product_tag?post=2045"}],"curies":[{"name":"wp","href":"https:\/\/api.w.org\/{rel}","templated":true}]}}