{"id":2043,"date":"2025-03-24T18:45:54","date_gmt":"2025-03-24T16:45:54","guid":{"rendered":"https:\/\/www.llibreriasantjordi.cat\/?post_type=product&#038;p=2043"},"modified":"2025-05-14T16:03:44","modified_gmt":"2025-05-14T14:03:44","slug":"nosotros-en-la-noche","status":"publish","type":"product","link":"https:\/\/www.llibreriasantjordi.cat\/es\/producte\/nosotros-en-la-noche\/","title":{"rendered":"Nosotros en la noche"},"content":{"rendered":"<div class=\"wpb-content-wrapper\"><p>[vc_row css_animation=\u00bb\u00bb row_type=\u00bbrow\u00bb use_row_as_full_screen_section=\u00bbno\u00bb type=\u00bbfull_width\u00bb angled_section=\u00bbno\u00bb text_align=\u00bbleft\u00bb background_image_as_pattern=\u00bbwithout_pattern\u00bb][vc_column][vc_column_text css=\u00bb\u00bb]<strong>Editorial:<\/strong> Random House<br \/>\n<strong>ISBN:<\/strong> 9788439745310<br \/>\n<strong>Idioma:<\/strong> Castellano<br \/>\n<strong>N\u00famero de p\u00e1ginas:<\/strong> 128<br \/>\n<strong>Encuadernaci\u00f3n:<\/strong> Tapa blanda<br \/>\n<strong>Fecha de publicaci\u00f3n:<\/strong> 06\/03\/2025[\/vc_column_text][\/vc_column][\/vc_row]<\/p>\n<\/div>","protected":false},"excerpt":{"rendered":"<p><i>Nosotros por la noche<\/i> es una joya escondida: una historia concisa, conmovedora, agridulce, pero a la vez inspiradora, con el revelador sentido del humor que s\u00f3lo tienen aquellos que han llegado a una edad en la que poco importa lo que puedan decir los dem\u00e1s.<\/p>\n<p>&nbsp;<\/p>\n<p>Louis Waters y Addie Moore llevan gran parte de su vida siendo vecinos en la pl\u00e1cida localidad de Holt, en Colorado. Ambos envidiaron hace a\u00f1os y acaban de franquear las puertas de la vejez, por lo que no han tenido m\u00e1s opci\u00f3n que acostumbrarse a estar solos, sobre todo en las horas m\u00e1s dif\u00edciles, despu\u00e9s de anochecer. Pero Addie no est\u00e1 dispuesta a conformarse con ellos. De la forma m\u00e1s natural, decide hacer una visita inesperada al vecino: \u00abMe preguntaba si vendr\u00edas a pasar las noches conmigo. Y hablar&#8230;\u00bb. Ante tan sorprendente propuesta, Louis no puede hacer m\u00e1s que acceder.<\/p>\n<p>&nbsp;<\/p>\n<p>Al principio se sienten extra\u00f1os, pero noche tras noche se van conociendo de nuevo: hablan de su juventud y sus matrimonios, de sus esperanzas pasadas y sus miedos presentes, de sus logros y errores. La intimidad entre ambos va creciendo y, pese a las palabrer\u00edas de los vecinos y la incomprensi\u00f3n de sus propios hijos, vislumbran la posibilidad real de pasar juntos el resto de sus d\u00edas. <a class=\"continue\" href=\"https:\/\/www.llibreriasantjordi.cat\/es\/producte\/nosotros-en-la-noche\/\">CONTINUAR >><span> Nosotros en la noche<\/span><\/a><\/p>\n","protected":false},"featured_media":1671,"template":"","meta":{"_joinchat":[]},"product_brand":[],"product_cat":[172,182,188],"product_tag":[244],"class_list":{"0":"post-2043","1":"product","2":"type-product","3":"status-publish","4":"has-post-thumbnail","6":"product_cat-castellano","7":"product_cat-ficcion","8":"product_cat-novedades","9":"product_tag-kent-haruf-es","11":"first","12":"instock","13":"taxable","14":"shipping-taxable","15":"purchasable","16":"product-type-simple"},"_links":{"self":[{"href":"https:\/\/www.llibreriasantjordi.cat\/es\/wp-json\/wp\/v2\/product\/2043","targetHints":{"allow":["GET"]}}],"collection":[{"href":"https:\/\/www.llibreriasantjordi.cat\/es\/wp-json\/wp\/v2\/product"}],"about":[{"href":"https:\/\/www.llibreriasantjordi.cat\/es\/wp-json\/wp\/v2\/types\/product"}],"wp:featuredmedia":[{"embeddable":true,"href":"https:\/\/www.llibreriasantjordi.cat\/es\/wp-json\/wp\/v2\/media\/1671"}],"wp:attachment":[{"href":"https:\/\/www.llibreriasantjordi.cat\/es\/wp-json\/wp\/v2\/media?parent=2043"}],"wp:term":[{"taxonomy":"product_brand","embeddable":true,"href":"https:\/\/www.llibreriasantjordi.cat\/es\/wp-json\/wp\/v2\/product_brand?post=2043"},{"taxonomy":"product_cat","embeddable":true,"href":"https:\/\/www.llibreriasantjordi.cat\/es\/wp-json\/wp\/v2\/product_cat?post=2043"},{"taxonomy":"product_tag","embeddable":true,"href":"https:\/\/www.llibreriasantjordi.cat\/es\/wp-json\/wp\/v2\/product_tag?post=2043"}],"curies":[{"name":"wp","href":"https:\/\/api.w.org\/{rel}","templated":true}]}}