{"id":2042,"date":"2025-03-24T18:51:17","date_gmt":"2025-03-24T16:51:17","guid":{"rendered":"https:\/\/www.llibreriasantjordi.cat\/?post_type=product&#038;p=2042"},"modified":"2025-05-14T16:03:35","modified_gmt":"2025-05-14T14:03:35","slug":"la-veterinaria-tiempo-de-coraje-la-veterinaria-3","status":"publish","type":"product","link":"https:\/\/www.llibreriasantjordi.cat\/es\/producte\/la-veterinaria-tiempo-de-coraje-la-veterinaria-3\/","title":{"rendered":"La Veterinaria &#8211; Tiempo de coraje (La Veterinaria 3)"},"content":{"rendered":"<div class=\"wpb-content-wrapper\"><p>[vc_row css_animation=\u00bb\u00bb row_type=\u00bbrow\u00bb use_row_as_full_screen_section=\u00bbno\u00bb type=\u00bbfull_width\u00bb angled_section=\u00bbno\u00bb text_align=\u00bbleft\u00bb background_image_as_pattern=\u00bbwithout_pattern\u00bb][vc_column][vc_column_text css=\u00bb\u00bb]<strong>Editorial:<\/strong> Ediciones B<br \/>\n<strong>ISBN:<\/strong> 9788466678445<br \/>\n<strong>Idioma:<\/strong> Castellano<br \/>\n<strong>N\u00famero de p\u00e1ginas:<\/strong> 512<br \/>\n<strong>Encuadernaci\u00f3n:<\/strong> Tapa dura<br \/>\n<strong>Fecha de publicaci\u00f3n:<\/strong> 27\/02\/2025[\/vc_column_text][\/vc_column][\/vc_row]<\/p>\n<\/div>","protected":false},"excerpt":{"rendered":"<p>El cautivador broche final de una gran saga familiar.<\/p>\n<p>&nbsp;<\/p>\n<p>Atravesando d\u00e9cadas y continentes, una maravillosa historia de amor, de amistad y de mujeres que rompen barreras.<\/p>\n<p>&nbsp;<\/p>\n<p>Australia, 1955. Daphne ha terminado sus estudios de veterinaria y podr\u00eda empezar a trabajar en el zool\u00f3gico de Perth con sus padres, Maria y Bernhard. Sin embargo, decide aceptar un puesto de investigaci\u00f3n que la terminar\u00e1 quitando al Congo. Pero la colonia belga est\u00e1 en un momento de agitaci\u00f3n y pronto Daphne ya no estar\u00e1 segura all\u00ed&#8230;<\/p>\n<p>&nbsp;<\/p>\n<p>Par\u00eds. El padre de Grit muere de forma inesperada durante un ensayo. Ella logra terminar la gira en su memoria, pero, cuando descubre que est\u00e1 embarazada, toma el siguiente barco hacia Nueva Zelanda para visitar a su madre, Nellie. All\u00ed, la famosa pianista tendr\u00e1 que aceptar su pasado antes de pensar en el futuro.<\/p>\n<p>&nbsp;<\/p>\n<p>Nueva Zelanda. Helena viene frustrados sobre los sue\u00f1os de hacerse cargo de la yeguada al descubrir que su abuelo parece apostar por un heredero var\u00f3n. Y cuando su madre, con la que apenas ha tenido contacto, legue all\u00ed, el mundo de Helena sufrir\u00e1 una sacudida. <a class=\"continue\" href=\"https:\/\/www.llibreriasantjordi.cat\/es\/producte\/la-veterinaria-tiempo-de-coraje-la-veterinaria-3\/\">CONTINUAR >><span> La Veterinaria &#8211; Tiempo de coraje (La Veterinaria 3)<\/span><\/a><\/p>\n","protected":false},"featured_media":1683,"template":"","meta":{"_joinchat":[]},"product_brand":[],"product_cat":[172,182,188],"product_tag":[243],"class_list":{"0":"post-2042","1":"product","2":"type-product","3":"status-publish","4":"has-post-thumbnail","6":"product_cat-castellano","7":"product_cat-ficcion","8":"product_cat-novedades","9":"product_tag-saraj-lark-es","11":"first","12":"instock","13":"taxable","14":"shipping-taxable","15":"purchasable","16":"product-type-simple"},"_links":{"self":[{"href":"https:\/\/www.llibreriasantjordi.cat\/es\/wp-json\/wp\/v2\/product\/2042","targetHints":{"allow":["GET"]}}],"collection":[{"href":"https:\/\/www.llibreriasantjordi.cat\/es\/wp-json\/wp\/v2\/product"}],"about":[{"href":"https:\/\/www.llibreriasantjordi.cat\/es\/wp-json\/wp\/v2\/types\/product"}],"wp:featuredmedia":[{"embeddable":true,"href":"https:\/\/www.llibreriasantjordi.cat\/es\/wp-json\/wp\/v2\/media\/1683"}],"wp:attachment":[{"href":"https:\/\/www.llibreriasantjordi.cat\/es\/wp-json\/wp\/v2\/media?parent=2042"}],"wp:term":[{"taxonomy":"product_brand","embeddable":true,"href":"https:\/\/www.llibreriasantjordi.cat\/es\/wp-json\/wp\/v2\/product_brand?post=2042"},{"taxonomy":"product_cat","embeddable":true,"href":"https:\/\/www.llibreriasantjordi.cat\/es\/wp-json\/wp\/v2\/product_cat?post=2042"},{"taxonomy":"product_tag","embeddable":true,"href":"https:\/\/www.llibreriasantjordi.cat\/es\/wp-json\/wp\/v2\/product_tag?post=2042"}],"curies":[{"name":"wp","href":"https:\/\/api.w.org\/{rel}","templated":true}]}}