{"id":2040,"date":"2025-03-24T18:57:36","date_gmt":"2025-03-24T16:57:36","guid":{"rendered":"https:\/\/www.llibreriasantjordi.cat\/?post_type=product&#038;p=2040"},"modified":"2025-05-14T16:03:24","modified_gmt":"2025-05-14T14:03:24","slug":"mort-en-diferit","status":"publish","type":"product","link":"https:\/\/www.llibreriasantjordi.cat\/es\/producte\/mort-en-diferit\/","title":{"rendered":"Mort en diferit"},"content":{"rendered":"<div class=\"wpb-content-wrapper\"><p>[vc_row css_animation=\u00bb\u00bb row_type=\u00bbrow\u00bb use_row_as_full_screen_section=\u00bbno\u00bb type=\u00bbfull_width\u00bb angled_section=\u00bbno\u00bb text_align=\u00bbleft\u00bb background_image_as_pattern=\u00bbwithout_pattern\u00bb][vc_column][vc_column_text css=\u00bb\u00bb]<strong>Editorial:<\/strong> La Campana<br \/>\n<strong>ISBN:<\/strong> 9788419836397<br \/>\n<strong>Idioma:<\/strong> Catal\u00e1n<br \/>\n<strong>N\u00famero de p\u00e1ginas:<\/strong> 192<br \/>\n<strong>Encuadernaci\u00f3n:<\/strong> Tapa blanda<br \/>\n<strong>Fecha de publicaci\u00f3n:<\/strong> 13\/03\/2025[\/vc_column_text][\/vc_column][\/vc_row]<\/p>\n<\/div>","protected":false},"excerpt":{"rendered":"<p>Un plat\u00f3 de televisi\u00f3n y seis tertulianos aislados por una gran tormenta: \u00bfqui\u00e9n va a salir vivo?<\/p>\n<p>&nbsp;<\/p>\n<p>Una gran nevada se acerca a Barcelona, \u200b\u200bdejando encerrados y aislados a seis tertulianos ya varios miembros de la televisi\u00f3n, adem\u00e1s de un invitado muy especial.<\/p>\n<p>&nbsp;<\/p>\n<p>Llegan la nieve, los rayos y los truenos, y tambi\u00e9n el primer muerto. Max Margarit se ver\u00e1 inmerso, una vez m\u00e1s, en una espont\u00e1nea investigaci\u00f3n, al m\u00e1s puro estilo Diez negritos de Agatha Christie, donde todos ser\u00e1n sospechosos y posibles v\u00edctimas de asesinato. Un nuevo caso se sumergir\u00e1 en las entra\u00f1as de la televisi\u00f3n, la pol\u00edtica y los tertulianos, principales protagonistas de ese misterio sat\u00edrico de Toni Aira.<\/p>\n<p>&nbsp;<\/p>\n<p>\u00bfQui\u00e9n terminar\u00e1 vivo y qui\u00e9n morir\u00e1? Un relato que rinde homenaje a los grandes cl\u00e1sicos del g\u00e9nero de misterio y en el que el humor y la cr\u00edtica al mundo period\u00edstico y pol\u00edtico est\u00e1n bien presentes.<\/p>\n<p>&nbsp;<\/p>\n<p>Sobre\u00a0<i>Cuerpo en tierra<\/i>:\u00bbEs como si Arthur Conan Doyle y La Cubana hubieran concebido un hijo en el plat\u00f3 de Els Matins de TV3&#8243;.Guillem Clua<\/p>\n<p>&nbsp;<\/p>\n<p>\u00abUna s\u00e1tira pol\u00edtico-policial escrita con mucho humor, con una iron\u00eda socarrona que nos hace girar p\u00e1ginas\u00bb.Melcior Comes<\/p>\n<p>&nbsp;<\/p>\n<p>\u00abUna novela que deber\u00eda venderse con un Memory que emparejas a los personajes con tertulianos pol\u00edticos reales de la catalanor\u00bb. <a class=\"continue\" href=\"https:\/\/www.llibreriasantjordi.cat\/es\/producte\/mort-en-diferit\/\">CONTINUAR >><span> Mort en diferit<\/span><\/a><\/p>\n","protected":false},"featured_media":1673,"template":"","meta":{"_joinchat":[]},"product_brand":[],"product_cat":[173,182,188],"product_tag":[242],"class_list":{"0":"post-2040","1":"product","2":"type-product","3":"status-publish","4":"has-post-thumbnail","6":"product_cat-catalan","7":"product_cat-ficcion","8":"product_cat-novedades","9":"product_tag-toni-aira-es","11":"first","12":"instock","13":"taxable","14":"shipping-taxable","15":"purchasable","16":"product-type-simple"},"_links":{"self":[{"href":"https:\/\/www.llibreriasantjordi.cat\/es\/wp-json\/wp\/v2\/product\/2040","targetHints":{"allow":["GET"]}}],"collection":[{"href":"https:\/\/www.llibreriasantjordi.cat\/es\/wp-json\/wp\/v2\/product"}],"about":[{"href":"https:\/\/www.llibreriasantjordi.cat\/es\/wp-json\/wp\/v2\/types\/product"}],"wp:featuredmedia":[{"embeddable":true,"href":"https:\/\/www.llibreriasantjordi.cat\/es\/wp-json\/wp\/v2\/media\/1673"}],"wp:attachment":[{"href":"https:\/\/www.llibreriasantjordi.cat\/es\/wp-json\/wp\/v2\/media?parent=2040"}],"wp:term":[{"taxonomy":"product_brand","embeddable":true,"href":"https:\/\/www.llibreriasantjordi.cat\/es\/wp-json\/wp\/v2\/product_brand?post=2040"},{"taxonomy":"product_cat","embeddable":true,"href":"https:\/\/www.llibreriasantjordi.cat\/es\/wp-json\/wp\/v2\/product_cat?post=2040"},{"taxonomy":"product_tag","embeddable":true,"href":"https:\/\/www.llibreriasantjordi.cat\/es\/wp-json\/wp\/v2\/product_tag?post=2040"}],"curies":[{"name":"wp","href":"https:\/\/api.w.org\/{rel}","templated":true}]}}