{"id":2039,"date":"2025-03-24T19:02:47","date_gmt":"2025-03-24T17:02:47","guid":{"rendered":"https:\/\/www.llibreriasantjordi.cat\/?post_type=product&#038;p=2039"},"modified":"2025-05-13T19:24:56","modified_gmt":"2025-05-13T17:24:56","slug":"la-catastrofica-visita-al-zoo","status":"publish","type":"product","link":"https:\/\/www.llibreriasantjordi.cat\/es\/producte\/la-catastrofica-visita-al-zoo\/","title":{"rendered":"La catastr\u00f2fica visita al zoo"},"content":{"rendered":"<div class=\"wpb-content-wrapper\"><p>[vc_row css_animation=\u00bb\u00bb row_type=\u00bbrow\u00bb use_row_as_full_screen_section=\u00bbno\u00bb type=\u00bbfull_width\u00bb angled_section=\u00bbno\u00bb text_align=\u00bbleft\u00bb background_image_as_pattern=\u00bbwithout_pattern\u00bb][vc_column][vc_column_text css=\u00bb\u00bb]<strong>Editorial:<\/strong> La Campana<br \/>\n<strong>ISBN:<\/strong> 9788419836779<br \/>\n<strong>Idioma:<\/strong> Catal\u00e1n<br \/>\n<strong>N\u00famero de p\u00e1ginas:<\/strong> 224<br \/>\n<strong>Encuadernaci\u00f3n:<\/strong> Tapa blanda<br \/>\n<strong>Fecha de publicaci\u00f3n:<\/strong> 03\/04\/2025[\/vc_column_text][\/vc_column][\/vc_row]<\/p>\n<\/div>","protected":false},"excerpt":{"rendered":"<p>Un libro para dar ganas de leer a lectores de 7 a 120 a\u00f1os<\/p>\n<p>&nbsp;<\/p>\n<p>\u00abEs un libro para adultos pero tambi\u00e9n para ni\u00f1os y ancianos. De hecho, \u00a1es un libro para todos!\u00bb<br \/>\nJo\u00ebl Dicker<\/p>\n<p>&nbsp;<\/p>\n<p>Faltan pocos d\u00edas para Navidad y la visita al zoo de la clase de Jos\u00e9phine ha sido una cat\u00e1strofe. Nadie sabe lo que ha pasado exactamente, pero los padres de la ni\u00f1a est\u00e1n decididos a descubrirlo. Mientras la investigaci\u00f3n avanza, poco a poco comprendemos que una cat\u00e1strofe nunca llega sola, que nada es lo que parece y que los acontecimientos pueden dar un giro que nadie esperaba.<\/p>\n<p>&nbsp;<\/p>\n<p>La catastr\u00f3fica visita al zoo nos mantiene en vilo hasta el final. Es una novela divertida y emocionante, llena de gui\u00f1os a nuestra sociedad, la democracia, la educaci\u00f3n inclusiva, y el papel que juegan los padres y los maestros.<\/p>\n<p>&nbsp;<\/p>\n<p>\u00abLo que m\u00e1s me emociona, cuando hablo con mis lectores, son las lecturas colectivas y compartidas en familia, entre amigos, en los clubs de lectura. \u00c9ste es mi intento de escribir un libro que pueda ser compartido por todos los lectores, da igual quienes sean y d\u00f3nde est\u00e9n, mientras tengan entre siete y ciento veinte a\u00f1os. Que pod\u00e1is leer con los hijos, la pareja, los padres, los vecinos, los compa\u00f1eros. Un libro que le d\u00e9 ganas de leer y de hacer leer\u00bb.<\/p>\n<p>JO\u00cbL DICKER <a class=\"continue\" href=\"https:\/\/www.llibreriasantjordi.cat\/es\/producte\/la-catastrofica-visita-al-zoo\/\">CONTINUAR >><span> La catastr\u00f2fica visita al zoo<\/span><\/a><\/p>\n","protected":false},"featured_media":1700,"template":"","meta":{"_joinchat":[]},"product_brand":[],"product_cat":[173,182,184,188],"product_tag":[241],"class_list":{"0":"post-2039","1":"product","2":"type-product","3":"status-publish","4":"has-post-thumbnail","6":"product_cat-catalan","7":"product_cat-ficcion","8":"product_cat-juvenil-es","9":"product_cat-novedades","10":"product_tag-joel-dicker-es","12":"first","13":"instock","14":"taxable","15":"shipping-taxable","16":"purchasable","17":"product-type-simple"},"_links":{"self":[{"href":"https:\/\/www.llibreriasantjordi.cat\/es\/wp-json\/wp\/v2\/product\/2039","targetHints":{"allow":["GET"]}}],"collection":[{"href":"https:\/\/www.llibreriasantjordi.cat\/es\/wp-json\/wp\/v2\/product"}],"about":[{"href":"https:\/\/www.llibreriasantjordi.cat\/es\/wp-json\/wp\/v2\/types\/product"}],"wp:featuredmedia":[{"embeddable":true,"href":"https:\/\/www.llibreriasantjordi.cat\/es\/wp-json\/wp\/v2\/media\/1700"}],"wp:attachment":[{"href":"https:\/\/www.llibreriasantjordi.cat\/es\/wp-json\/wp\/v2\/media?parent=2039"}],"wp:term":[{"taxonomy":"product_brand","embeddable":true,"href":"https:\/\/www.llibreriasantjordi.cat\/es\/wp-json\/wp\/v2\/product_brand?post=2039"},{"taxonomy":"product_cat","embeddable":true,"href":"https:\/\/www.llibreriasantjordi.cat\/es\/wp-json\/wp\/v2\/product_cat?post=2039"},{"taxonomy":"product_tag","embeddable":true,"href":"https:\/\/www.llibreriasantjordi.cat\/es\/wp-json\/wp\/v2\/product_tag?post=2039"}],"curies":[{"name":"wp","href":"https:\/\/api.w.org\/{rel}","templated":true}]}}