{"id":2037,"date":"2025-03-24T19:27:50","date_gmt":"2025-03-24T17:27:50","guid":{"rendered":"https:\/\/www.llibreriasantjordi.cat\/?post_type=product&#038;p=2037"},"modified":"2025-05-14T16:03:10","modified_gmt":"2025-05-14T14:03:10","slug":"lalbatros-negre","status":"publish","type":"product","link":"https:\/\/www.llibreriasantjordi.cat\/es\/producte\/lalbatros-negre\/","title":{"rendered":"L&#8217;albatros negre"},"content":{"rendered":"<div class=\"wpb-content-wrapper\"><p>[vc_row css_animation=\u00bb\u00bb row_type=\u00bbrow\u00bb use_row_as_full_screen_section=\u00bbno\u00bb type=\u00bbfull_width\u00bb angled_section=\u00bbno\u00bb text_align=\u00bbleft\u00bb background_image_as_pattern=\u00bbwithout_pattern\u00bb][vc_column][vc_column_text css=\u00bb\u00bb]<strong>Editorial:<\/strong> Rosa dels Vents<br \/>\n<strong>ISBN:<\/strong> 9788410256538<br \/>\n<strong>Idioma:<\/strong> Catal\u00e1n<br \/>\n<strong>N\u00famero de p\u00e1ginas:<\/strong> 616<br \/>\n<strong>Encuadernaci\u00f3n:<\/strong> Tapa blanda<br \/>\n<strong>Fecha de publicaci\u00f3n:<\/strong> 04\/03\/2025[\/vc_column_text][\/vc_column][\/vc_row]<\/p>\n<\/div>","protected":false},"excerpt":{"rendered":"<p>Vuelve la reina del misterio con su mejor novela.<\/p>\n<p>&nbsp;<\/p>\n<p>La aventura que est\u00e1n esperando a m\u00e1s de un mill\u00f3n de lectores.<\/p>\n<p>&nbsp;<\/p>\n<p>Unas muertes inexplicables.<\/p>\n<p>&nbsp;<\/p>\n<p>Un tesoro sumergido en la r\u00eda de Vigo.<\/p>\n<p>&nbsp;<\/p>\n<p>Un secreto oculto desde hace m\u00e1s de tres siglos.<\/p>\n<p>&nbsp;<\/p>\n<p>\u00bfHas so\u00f1ado alguna vez con vivir una gran aventura?<\/p>\n<p>&nbsp;<\/p>\n<p>Uno de los tesoros m\u00e1s codiciados y enigm\u00e1ticos del mundo submarino se esconde en las profundidades del oc\u00e9ano Atl\u00e1ntico. Una anciana historiadora naval podr\u00eda tener la clave para rescatarle, pero muere de repente en extra\u00f1as circunstancias, Pietro Rivas, un subinspector reci\u00e9n llegado a la ciudad, ser\u00e1 el encargado de investigar el caso junto a Nagore Freire, una extravagante inspectora de Patrimonio. Cuando las muertes comienzan a sucederse la polic\u00eda descubre que la clave para resolverlas permanece en la historia de la galera Albatros Negro, y en c\u00f3mo durante el a\u00f1o 1700, en la antigua villa amurallada de Vigo, una joven entom\u00f3loga fue capaz de cambiar con su astucia el curso de la historia.<\/p>\n<p>&nbsp;<\/p>\n<p>En el fondo de los oc\u00e9anos todav\u00eda se ocultan las historias m\u00e1s bonitas del mundo&#8230;<\/p>\n<p>&nbsp;<\/p>\n<p>Vigo, en la actualidad<\/p>\n<p>Luc\u00eda Pascual, una historiadora naval, ha encontrado la pista de un tesoro legendario que lleva siglos perdido. Todo apunta a que formaba parte de una de las galeras que se hundieron en la r\u00eda durante la batalla de Rand, en 1702. Pero, antes de que pueda terminar sus investigaciones, aparece muerta en su caba\u00f1a de la costa de Vigo.<\/p>\n<p>&nbsp;<\/p>\n<p>Pietro Rivas, un nuevo subinspector de origen italiano, ser\u00e1 el encargado de investigar el caso junto a Nagore Freire, del Departamento de Patrimonio, una mujer extravagante que parece haber salido de otra \u00e9poca. Con la ayuda de un grupo singular de investigadores, profesionales del buceo, la arqueolog\u00eda y la ciencia, Pietro y Nagore tratan de descubrir qu\u00e9 le ha pasado a la investigadora y en qu\u00e9 consiste el tesoro que buscaba. Pero, cuando las muertes comienzan a sucederse, entienden que la clave para resolver el misterio permanece en la verdadera historia del Albatros Negro.<\/p>\n<p>&nbsp;<\/p>\n<p>Vigo, 1700<\/p>\n<p>La joven Miranda de Quiroga vuelve a tierras gallegas con su familia despu\u00e9s de unos a\u00f1os viviendo en el Nuevo Mundo. All\u00ed ha aprendido a desarrollar su gusto por la naturaleza y, en especial, por los insectos, una afici\u00f3n que ser\u00e1 el horror de sus padres, que le han concertado un matrimonio con el propietario de uno de los pazos m\u00e1s importantes de la zona. Sin embargo, tras la muerte s\u00fabita de su marido, Miranda deber\u00e1 decidir entre convertirse en la primera entom\u00f3loga de la historia o defender su patrimonio de la amenaza angloholandesa que se avecina por el horizonte. Junto a un Hidalgo y un fraile corsario, se ver\u00e1 rodeada de la batalla naval m\u00e1s importante de la zona, en la que se hundieron un gran n\u00famero de galeras en las costas de Vigo. Juntos ser\u00e1n capaces de cambiar, con su astucia, el curso de la historia. <a class=\"continue\" href=\"https:\/\/www.llibreriasantjordi.cat\/es\/producte\/lalbatros-negre\/\">CONTINUAR >><span> L&#8217;albatros negre<\/span><\/a><\/p>\n","protected":false},"featured_media":1695,"template":"","meta":{"_joinchat":[]},"product_brand":[],"product_cat":[173,182,188],"product_tag":[240],"class_list":{"0":"post-2037","1":"product","2":"type-product","3":"status-publish","4":"has-post-thumbnail","6":"product_cat-catalan","7":"product_cat-ficcion","8":"product_cat-novedades","9":"product_tag-maria-oruna-es","11":"first","12":"instock","13":"taxable","14":"shipping-taxable","15":"purchasable","16":"product-type-simple"},"_links":{"self":[{"href":"https:\/\/www.llibreriasantjordi.cat\/es\/wp-json\/wp\/v2\/product\/2037","targetHints":{"allow":["GET"]}}],"collection":[{"href":"https:\/\/www.llibreriasantjordi.cat\/es\/wp-json\/wp\/v2\/product"}],"about":[{"href":"https:\/\/www.llibreriasantjordi.cat\/es\/wp-json\/wp\/v2\/types\/product"}],"wp:featuredmedia":[{"embeddable":true,"href":"https:\/\/www.llibreriasantjordi.cat\/es\/wp-json\/wp\/v2\/media\/1695"}],"wp:attachment":[{"href":"https:\/\/www.llibreriasantjordi.cat\/es\/wp-json\/wp\/v2\/media?parent=2037"}],"wp:term":[{"taxonomy":"product_brand","embeddable":true,"href":"https:\/\/www.llibreriasantjordi.cat\/es\/wp-json\/wp\/v2\/product_brand?post=2037"},{"taxonomy":"product_cat","embeddable":true,"href":"https:\/\/www.llibreriasantjordi.cat\/es\/wp-json\/wp\/v2\/product_cat?post=2037"},{"taxonomy":"product_tag","embeddable":true,"href":"https:\/\/www.llibreriasantjordi.cat\/es\/wp-json\/wp\/v2\/product_tag?post=2037"}],"curies":[{"name":"wp","href":"https:\/\/api.w.org\/{rel}","templated":true}]}}