{"id":2035,"date":"2025-03-25T11:19:38","date_gmt":"2025-03-25T09:19:38","guid":{"rendered":"https:\/\/www.llibreriasantjordi.cat\/?post_type=product&#038;p=2035"},"modified":"2025-05-13T19:20:49","modified_gmt":"2025-05-13T17:20:49","slug":"jotade","status":"publish","type":"product","link":"https:\/\/www.llibreriasantjordi.cat\/es\/producte\/jotade\/","title":{"rendered":"Jotad\u00e9"},"content":{"rendered":"<div class=\"wpb-content-wrapper\"><p>[vc_row css_animation=\u00bb\u00bb row_type=\u00bbrow\u00bb use_row_as_full_screen_section=\u00bbno\u00bb type=\u00bbfull_width\u00bb angled_section=\u00bbno\u00bb text_align=\u00bbleft\u00bb background_image_as_pattern=\u00bbwithout_pattern\u00bb][vc_column][vc_column_text css=\u00bb\u00bb]<strong>Editorial:<\/strong> Plaza&amp;Janes<br \/>\n<strong>ISBN:<\/strong> 9788401034794<br \/>\n<strong>Idioma:<\/strong> Castellano<br \/>\n<strong>N\u00famero de p\u00e1ginas:<\/strong> 616<br \/>\n<strong>Encuadernaci\u00f3n:<\/strong> Tapa dura<br \/>\n<strong>Fecha de publicaci\u00f3n:<\/strong> 04\/03\/2025[\/vc_column_text][\/vc_column][\/vc_row]<\/p>\n<\/div>","protected":false},"excerpt":{"rendered":"<p>LA EXPERIENCIA M\u00c1S BRUTAL DE LA NOVELA NEGRA.<\/p>\n<p>JOTAD\u00c9, UN POLIC\u00cdA AL L\u00cdMITE<\/p>\n<p>&nbsp;<\/p>\n<p>Por el autor del fen\u00f3meno Indira con m\u00e1s de 250.000 lectores adictos a sus thrillers de taquicardia (El Pa\u00eds).<\/p>\n<p>&nbsp;<\/p>\n<p>\u00abUno de los reyes de la novela negra en Espa\u00f1a.\u00bb Cadena SER<\/p>\n<p>&nbsp;<\/p>\n<p>\u00abUn experto en la alquimia del thriller\u00bb. Marina Sanmart\u00edn, ABC Cultural<\/p>\n<p>&nbsp;<\/p>\n<p>Es una calurosa noche de julio en Madrid cuando dos hombres son destripados y arrojados al vac\u00edo desde un puente de la M30 al parecer un siniestro ajuste de cuentas entre clanes. Sus v\u00edsceras aterrizan sobre un descapotable que acaba hundi\u00e9ndose en el Manzanares con sus ocupantes, tres chicas que volv\u00edan de fiesta. Una muere en el acto: es la hija peque\u00f1a del comisario, que exige a sus agentes respuestas r\u00e1pidas y poco ruido en los medios. Se trata de una orden casi imposible de cumplir por el subinspector Jotad\u00e9 Cort\u00e9s, el \u00fanico polic\u00eda gitano de su comisar\u00eda y un irreverente sin remedio que aburre a las jerarqu\u00edas y suele saltarse las normas. Pero todo el mundo sabe que tambi\u00e9n tiene una intuici\u00f3n por encima de la media y que fue el hombre de confianza de la inspectora Indira Ramos en su \u00faltimo caso. Leal a sus compa\u00f1eros y respetado en la calle, Jotad\u00e9 se encontrar\u00e1 en un cruce que le obligar\u00e1 a volver a un pasado inc\u00f3modo ya hacer lo imposible para proteger lo m\u00e1s importante de su vida.<\/p>\n<p>&nbsp;<\/p>\n<p>Santiago D\u00edaz inicia una nueva serie de alto impacto que nos vuelve a hipnotizar con sus giros y confirma a su autor como \u00abuno de los reyes de la novela negra en Espa\u00f1a\u00bb (Jacobo Buceta, Hoy por Hoy, Cadena SER) <a class=\"continue\" href=\"https:\/\/www.llibreriasantjordi.cat\/es\/producte\/jotade\/\">CONTINUAR >><span> Jotad\u00e9<\/span><\/a><\/p>\n","protected":false},"featured_media":1702,"template":"","meta":{"_joinchat":[]},"product_brand":[],"product_cat":[172,182,188],"product_tag":[239],"class_list":{"0":"post-2035","1":"product","2":"type-product","3":"status-publish","4":"has-post-thumbnail","6":"product_cat-castellano","7":"product_cat-ficcion","8":"product_cat-novedades","9":"product_tag-santiago-diaz-es","11":"first","12":"instock","13":"taxable","14":"shipping-taxable","15":"purchasable","16":"product-type-simple"},"_links":{"self":[{"href":"https:\/\/www.llibreriasantjordi.cat\/es\/wp-json\/wp\/v2\/product\/2035","targetHints":{"allow":["GET"]}}],"collection":[{"href":"https:\/\/www.llibreriasantjordi.cat\/es\/wp-json\/wp\/v2\/product"}],"about":[{"href":"https:\/\/www.llibreriasantjordi.cat\/es\/wp-json\/wp\/v2\/types\/product"}],"wp:featuredmedia":[{"embeddable":true,"href":"https:\/\/www.llibreriasantjordi.cat\/es\/wp-json\/wp\/v2\/media\/1702"}],"wp:attachment":[{"href":"https:\/\/www.llibreriasantjordi.cat\/es\/wp-json\/wp\/v2\/media?parent=2035"}],"wp:term":[{"taxonomy":"product_brand","embeddable":true,"href":"https:\/\/www.llibreriasantjordi.cat\/es\/wp-json\/wp\/v2\/product_brand?post=2035"},{"taxonomy":"product_cat","embeddable":true,"href":"https:\/\/www.llibreriasantjordi.cat\/es\/wp-json\/wp\/v2\/product_cat?post=2035"},{"taxonomy":"product_tag","embeddable":true,"href":"https:\/\/www.llibreriasantjordi.cat\/es\/wp-json\/wp\/v2\/product_tag?post=2035"}],"curies":[{"name":"wp","href":"https:\/\/api.w.org\/{rel}","templated":true}]}}