{"id":2033,"date":"2025-03-25T11:25:53","date_gmt":"2025-03-25T09:25:53","guid":{"rendered":"https:\/\/www.llibreriasantjordi.cat\/?post_type=product&#038;p=2033"},"modified":"2025-05-13T19:18:42","modified_gmt":"2025-05-13T17:18:42","slug":"el-misterio-de-la-mujer-tatuada","status":"publish","type":"product","link":"https:\/\/www.llibreriasantjordi.cat\/es\/producte\/el-misterio-de-la-mujer-tatuada\/","title":{"rendered":"El misterio de la mujer tatuada"},"content":{"rendered":"<div class=\"wpb-content-wrapper\"><p>[vc_row css_animation=\u00bb\u00bb row_type=\u00bbrow\u00bb use_row_as_full_screen_section=\u00bbno\u00bb type=\u00bbfull_width\u00bb angled_section=\u00bbno\u00bb text_align=\u00bbleft\u00bb background_image_as_pattern=\u00bbwithout_pattern\u00bb][vc_column][vc_column_text css=\u00bb\u00bb]<strong>Editorial:<\/strong> Salamandra<br \/>\n<strong>ISBN:<\/strong> 9788419851741<br \/>\n<strong>Idioma:<\/strong> Castellano<br \/>\n<strong>N\u00famero de p\u00e1ginas:<\/strong> 400<br \/>\n<strong>Encuadernaci\u00f3n:<\/strong> Tapa blanda<br \/>\n<strong>Fecha de publicaci\u00f3n:<\/strong> 13\/03\/2025[\/vc_column_text][\/vc_column][\/vc_row]<\/p>\n<\/div>","protected":false},"excerpt":{"rendered":"<p>Por primera vez en espa\u00f1ol, el gran cl\u00e1sico de la literatura japonesa de misterio.<\/p>\n<p>&nbsp;<\/p>\n<p>La novela m\u00e1s aclamada de Akimitsu Takagi<\/p>\n<p>&nbsp;<\/p>\n<p>\u00abInteligente, perverso y muy entretenido.\u00bb The Washington Post<\/p>\n<p>&nbsp;<\/p>\n<p>Tokio, verano de 1947. Suspendidas sus actividades durante la Segunda Guerra Mundial, la influyente Sociedad de Tatuajes de Edo, dedicada al antiguo arte japon\u00e9s del tatuaje de cuerpo entero, vuelve a recuperar sus celebraciones con un gran concurso que premie la mejor obra plasmada en la piel. Entre los participantes, mayoritariamente hombres, se encuentra la bella y rebelde Kinue Nomura, hija de un artista famoso del tatuaje, que es recibida con una ferviente ovaci\u00f3n al mostrar la figura de una gigantesca serpiente de tinta. Relacionada con destacados miembros de la mafia local, Kinue desaparece de forma misteriosa despu\u00e9s del evento y es encontrada d\u00edas m\u00e1s tarde descuartizada en el ba\u00f1o de casa con la puerta cerrada por dentro. Aunque un vecino afirma que nadie ha entrado ni salido del apartamento, tampoco queda rastro del impresionante y codiciado dibujo en el torso de la joven. Mientras el inspector jefe Daiyu Matsushita, del Departamento Metropolitano de Polic\u00eda, y su hermano Kenzo, forense que conoc\u00eda y amaba a la v\u00edctima, se hacen cargo de las pesquisas, una retah\u00edla de cr\u00edmenes similares en el entorno familiar de Kinue viene a enturbiar la soluci\u00f3n del caso.<\/p>\n<p>&nbsp;<\/p>\n<p>Ambientada en un Tokio posb\u00e9lico, entre tropas de ocupaci\u00f3n y bandas mafiosas, tradiciones centenarias y ruinas b\u00e9licas, El misterio de la mujer tatuada, publicada en japon\u00e9s en 1948 e in\u00e9dita en espa\u00f1ol hasta ahora, es una de las novelas de misterio m\u00e1s emblem\u00e1ticas de Aki.<\/p>\n<p>&nbsp;<\/p>\n<p>\u00abInteligente, adictivo y muy entretenido.\u00bb The Washington Post<\/p>\n<p>&nbsp;<\/p>\n<p>\u00abUna singular historia con escenas de decadencia meticulosamente ejecutadas.\u00bb The New York Times Book Review<\/p>\n<p>&nbsp;<\/p>\n<p>\u00abUn viaje apasionante a un Tokio devastado por la guerra y el submundo criminal.\u00bb Financial Times<\/p>\n<p>&nbsp;<\/p>\n<p>\u00abIntrincada, fant\u00e1stica y absorbente.\u00bb Kirkus Reviews<\/p>\n<p>&nbsp;<\/p>\n<p>\u00abUn misterio que ofrece un fascinante retrato del Tokio de la guerra.\u00bb The Times<\/p>\n<p>&nbsp;<\/p>\n<p>\u00abUna novela que es tambi\u00e9n el testigo de una \u00e9poca.\u00bb The Japan Times<\/p>\n<p>&nbsp;<\/p>\n<p>\u00abUn libro delicioso y diferente, no s\u00f3lo por su ambientaci\u00f3n y punto de partida, sino porque Takagi es un poderoso urdimbre de tramas y constructor de personajes envolventes y complejos.\u00bb The A.V. Club<\/p>\n<p>&nbsp;<\/p>\n<p>\u00abUna narraci\u00f3n v\u00edvida y memorable.\u00bb The Strand Magazine <a class=\"continue\" href=\"https:\/\/www.llibreriasantjordi.cat\/es\/producte\/el-misterio-de-la-mujer-tatuada\/\">CONTINUAR >><span> El misterio de la mujer tatuada<\/span><\/a><\/p>\n","protected":false},"featured_media":1721,"template":"","meta":{"_joinchat":[]},"product_brand":[],"product_cat":[172,182],"product_tag":[237],"class_list":{"0":"post-2033","1":"product","2":"type-product","3":"status-publish","4":"has-post-thumbnail","6":"product_cat-castellano","7":"product_cat-ficcion","8":"product_tag-akimitsu-takagi-es","10":"first","11":"instock","12":"taxable","13":"shipping-taxable","14":"purchasable","15":"product-type-simple"},"_links":{"self":[{"href":"https:\/\/www.llibreriasantjordi.cat\/es\/wp-json\/wp\/v2\/product\/2033","targetHints":{"allow":["GET"]}}],"collection":[{"href":"https:\/\/www.llibreriasantjordi.cat\/es\/wp-json\/wp\/v2\/product"}],"about":[{"href":"https:\/\/www.llibreriasantjordi.cat\/es\/wp-json\/wp\/v2\/types\/product"}],"wp:featuredmedia":[{"embeddable":true,"href":"https:\/\/www.llibreriasantjordi.cat\/es\/wp-json\/wp\/v2\/media\/1721"}],"wp:attachment":[{"href":"https:\/\/www.llibreriasantjordi.cat\/es\/wp-json\/wp\/v2\/media?parent=2033"}],"wp:term":[{"taxonomy":"product_brand","embeddable":true,"href":"https:\/\/www.llibreriasantjordi.cat\/es\/wp-json\/wp\/v2\/product_brand?post=2033"},{"taxonomy":"product_cat","embeddable":true,"href":"https:\/\/www.llibreriasantjordi.cat\/es\/wp-json\/wp\/v2\/product_cat?post=2033"},{"taxonomy":"product_tag","embeddable":true,"href":"https:\/\/www.llibreriasantjordi.cat\/es\/wp-json\/wp\/v2\/product_tag?post=2033"}],"curies":[{"name":"wp","href":"https:\/\/api.w.org\/{rel}","templated":true}]}}