{"id":2032,"date":"2025-03-25T11:30:15","date_gmt":"2025-03-25T09:30:15","guid":{"rendered":"https:\/\/www.llibreriasantjordi.cat\/?post_type=product&#038;p=2032"},"modified":"2025-05-14T16:02:51","modified_gmt":"2025-05-14T14:02:51","slug":"crims-4-lhora-de-la-veritat","status":"publish","type":"product","link":"https:\/\/www.llibreriasantjordi.cat\/es\/producte\/crims-4-lhora-de-la-veritat\/","title":{"rendered":"Crims 4 &#8211; L&#8217;hora de la veritat"},"content":{"rendered":"<div class=\"wpb-content-wrapper\"><p>[vc_row css_animation=\u00bb\u00bb row_type=\u00bbrow\u00bb use_row_as_full_screen_section=\u00bbno\u00bb type=\u00bbfull_width\u00bb angled_section=\u00bbno\u00bb text_align=\u00bbleft\u00bb background_image_as_pattern=\u00bbwithout_pattern\u00bb][vc_column][vc_column_text css=\u00bb\u00bb]<strong>Editorial:<\/strong> La Campana<br \/>\n<strong>ISBN:<\/strong> 9788419836793<br \/>\n<strong>Idioma:<\/strong> Catal\u00e1n<br \/>\n<strong>N\u00famero de p\u00e1ginas:<\/strong> 368<br \/>\n<strong>Encuadernaci\u00f3n:<\/strong> Tapa blanda<br \/>\n<strong>Fecha de publicaci\u00f3n:<\/strong> 03\/04\/2025[\/vc_column_text][\/vc_column][\/vc_row]<\/p>\n<\/div>","protected":false},"excerpt":{"rendered":"<p>Siete casos reales: nada m\u00e1s poderoso que una buena historia bien contada.<\/p>\n<p>&nbsp;<\/p>\n<p>La hora de la verdad es un punto de no retorno para cada uno de los implicados en un crimen y marca un antes y un despu\u00e9s en sus vidas. Lo ver\u00e1 en el relato \u00abAlta traici\u00f3n\u00bb, en el que la hora de la verdad estalla como una bomba en el seno de una familia donde nada es lo que parece.<\/p>\n<p>&nbsp;<\/p>\n<p>\u00abEl crimen del pol\u00edgono Entrevies\u00bb, tendr\u00e1n que pasar a\u00f1os antes de que se haga la luz en la muerte de un trabajador.<\/p>\n<p>&nbsp;<\/p>\n<p>Las gemelas nos muestra que la hora de la verdad puede llegar a la v\u00edctima en el momento que menos se lo espera.<\/p>\n<p>&nbsp;<\/p>\n<p>\u00abLa confesi\u00f3n de O Chuc\u00e1n\u00bb, descubrir\u00e1 los giros en el juicio del asesinato de una mujer que se prostitu\u00eda para mantener a su hijo en Galicia.<\/p>\n<p>&nbsp;<\/p>\n<p>\u00ab\u00bfD\u00f3nde est\u00e1 mam\u00e1?\u00bb veremos c\u00f3mo el menor instante puede quedar grabado para siempre en la memoria.<\/p>\n<p>&nbsp;<\/p>\n<p>Los Pistolas nos muestra c\u00f3mo la llegada de un clan cambiar\u00e1 la vida de un barrio cuando uno de los vecinos decide hacer frente a los reci\u00e9n llegados.<\/p>\n<p>&nbsp;<\/p>\n<p>Y en \u00abUn matrimonio ideal\u00bb, la polic\u00eda deber\u00e1 enfrentarse a la hora de la verdad en la investigaci\u00f3n de un caso en el que los implicados son, a ojos de todos, la pareja ideal: j\u00f3venes, guapos y activos.<\/p>\n<p>&nbsp;<\/p>\n<p>Empecemos! <a class=\"continue\" href=\"https:\/\/www.llibreriasantjordi.cat\/es\/producte\/crims-4-lhora-de-la-veritat\/\">CONTINUAR >><span> Crims 4 &#8211; L&#8217;hora de la veritat<\/span><\/a><\/p>\n","protected":false},"featured_media":1733,"template":"","meta":{"_joinchat":[]},"product_brand":[],"product_cat":[173,188],"product_tag":[236],"class_list":{"0":"post-2032","1":"product","2":"type-product","3":"status-publish","4":"has-post-thumbnail","6":"product_cat-catalan","7":"product_cat-novedades","8":"product_tag-carles-porta-es","10":"first","11":"instock","12":"taxable","13":"shipping-taxable","14":"purchasable","15":"product-type-simple"},"_links":{"self":[{"href":"https:\/\/www.llibreriasantjordi.cat\/es\/wp-json\/wp\/v2\/product\/2032","targetHints":{"allow":["GET"]}}],"collection":[{"href":"https:\/\/www.llibreriasantjordi.cat\/es\/wp-json\/wp\/v2\/product"}],"about":[{"href":"https:\/\/www.llibreriasantjordi.cat\/es\/wp-json\/wp\/v2\/types\/product"}],"wp:featuredmedia":[{"embeddable":true,"href":"https:\/\/www.llibreriasantjordi.cat\/es\/wp-json\/wp\/v2\/media\/1733"}],"wp:attachment":[{"href":"https:\/\/www.llibreriasantjordi.cat\/es\/wp-json\/wp\/v2\/media?parent=2032"}],"wp:term":[{"taxonomy":"product_brand","embeddable":true,"href":"https:\/\/www.llibreriasantjordi.cat\/es\/wp-json\/wp\/v2\/product_brand?post=2032"},{"taxonomy":"product_cat","embeddable":true,"href":"https:\/\/www.llibreriasantjordi.cat\/es\/wp-json\/wp\/v2\/product_cat?post=2032"},{"taxonomy":"product_tag","embeddable":true,"href":"https:\/\/www.llibreriasantjordi.cat\/es\/wp-json\/wp\/v2\/product_tag?post=2032"}],"curies":[{"name":"wp","href":"https:\/\/api.w.org\/{rel}","templated":true}]}}