{"id":2031,"date":"2025-03-25T11:38:02","date_gmt":"2025-03-25T09:38:02","guid":{"rendered":"https:\/\/www.llibreriasantjordi.cat\/?post_type=product&#038;p=2031"},"modified":"2025-05-14T16:02:44","modified_gmt":"2025-05-14T14:02:44","slug":"entre-el-paradis-i-lapocalipsis","status":"publish","type":"product","link":"https:\/\/www.llibreriasantjordi.cat\/es\/producte\/entre-el-paradis-i-lapocalipsis\/","title":{"rendered":"Entre el parad\u00eds i l&#8217;apocal\u00edpsis"},"content":{"rendered":"<div class=\"wpb-content-wrapper\"><p>[vc_row css_animation=\u00bb\u00bb row_type=\u00bbrow\u00bb use_row_as_full_screen_section=\u00bbno\u00bb type=\u00bbfull_width\u00bb angled_section=\u00bbno\u00bb text_align=\u00bbleft\u00bb background_image_as_pattern=\u00bbwithout_pattern\u00bb][vc_column][vc_column_text css=\u00bb\u00bb]<strong>Editorial:<\/strong> Rosa dels Vents<br \/>\n<strong>ISBN:<\/strong> 9788419756046<br \/>\n<strong>Idioma:<\/strong> Catal\u00e1n<br \/>\n<strong>N\u00famero de p\u00e1ginas:<\/strong> 944<br \/>\n<strong>Encuadernaci\u00f3n:<\/strong> Tapa blanda<br \/>\n<strong>Fecha de publicaci\u00f3n:<\/strong> 03\/04\/2025[\/vc_column_text][\/vc_column][\/vc_row]<\/p>\n<\/div>","protected":false},"excerpt":{"rendered":"<p><span class=\"a-text-bold\">Una lectura apasionante para descubrir todas las respuestas a los retos de la inteligencia artificial.<\/span><\/p>\n<p>&nbsp;<\/p>\n<p>\u00bfQu\u00e9 es la inteligencia artificial?<\/p>\n<p>&nbsp;<\/p>\n<p>\u00bfNos abrir\u00e1 las puertas de un para\u00edso en el que los ordenadores nos har\u00e1n la vida m\u00e1s f\u00e1cil?<\/p>\n<p>&nbsp;<\/p>\n<p>\u00bfO acabar\u00e1 con el mundo que conocemos?<\/p>\n<p>&nbsp;<\/p>\n<p>Las ideas cient\u00edficas, tecnol\u00f3gicas y sociales son el motor del progreso de la humanidad, como se explica en De la sabana en Marte (2023), un libro convertido en best-seller indiscutible. Hay ideas peque\u00f1as, medianas y grandes. Y hay trascendentales, que son las que cambian las sociedades de arriba abajo. Gracias a la agricultura y la ganader\u00eda, por ejemplo, la vida de los humanos nunca volvi\u00f3 a ser igual. Y la revoluci\u00f3n energ\u00e9tica transform\u00f3 el mundo de una forma a\u00fan m\u00e1s dr\u00e1stica.<\/p>\n<p>&nbsp;<\/p>\n<p>Hoy en d\u00eda, estamos en medio de una tercera gran ola de ideas trascendentales y revolucionarias. Una vez domesticadas la producci\u00f3n de alimentos y la energ\u00eda, ahora es el turno de la informaci\u00f3n, \u00a1y ninguna innovaci\u00f3n de la humanidad ha acumulado nunca tanta influencia en tan poco tiempo!<\/p>\n<p>&nbsp;<\/p>\n<p>Tenemos a nuestro alcance tel\u00e9fonos inteligentes que llevamos en bolsillo, port\u00e1tiles o tabletas, pero el impacto de los ordenadores en nuestras vidas va mucho m\u00e1s all\u00e1: si dejaran de funcionar, nuestra civilizaci\u00f3n simplemente desaparecer\u00eda. Sin embargo, es posible que el mayor impacto de los ordenadores a\u00fan tenga que llegar, porque las computadoras son los motores de la inteligencia artificial, que tiene como objetivo que alg\u00fan d\u00eda los ordenadores puedan razonar, crear o imaginar nivel al igual que lo hacemos los humanos.<\/p>\n<p>&nbsp;<\/p>\n<p>\u00bfC\u00f3mo mejorar\u00e1 la salud? \u00bfA qu\u00e9 ritmo se realizar\u00e1n nuevos descubrimientos? \u00bfQu\u00e9 rentabilidad conseguir\u00e1n las empresas? En definitiva, \u00bfc\u00f3mo va a cambiar el mundo? \u00bfTenemos por delante un para\u00edso de bienestar y de progreso como anuncian algunas voces? \u00bfO nos encaminamos al apocalipsis como auguran otros? Entre el para\u00edso y el apocalipsis (2025) permite descubrir todo lo que se debe saber sobre la inteligencia artificial: desde la creaci\u00f3n de los primeros ordenadores hasta las consecuencias econ\u00f3micas y sociales que ello conlleva. <a class=\"continue\" href=\"https:\/\/www.llibreriasantjordi.cat\/es\/producte\/entre-el-paradis-i-lapocalipsis\/\">CONTINUAR >><span> Entre el parad\u00eds i l&#8217;apocal\u00edpsis<\/span><\/a><\/p>\n","protected":false},"featured_media":1711,"template":"","meta":{"_joinchat":[]},"product_brand":[],"product_cat":[173,181,188],"product_tag":[235],"class_list":{"0":"post-2031","1":"product","2":"type-product","3":"status-publish","4":"has-post-thumbnail","6":"product_cat-catalan","7":"product_cat-aconomia-y-politica","8":"product_cat-novedades","9":"product_tag-savier-sala-i-martin","11":"first","12":"instock","13":"taxable","14":"shipping-taxable","15":"purchasable","16":"product-type-simple"},"_links":{"self":[{"href":"https:\/\/www.llibreriasantjordi.cat\/es\/wp-json\/wp\/v2\/product\/2031","targetHints":{"allow":["GET"]}}],"collection":[{"href":"https:\/\/www.llibreriasantjordi.cat\/es\/wp-json\/wp\/v2\/product"}],"about":[{"href":"https:\/\/www.llibreriasantjordi.cat\/es\/wp-json\/wp\/v2\/types\/product"}],"wp:featuredmedia":[{"embeddable":true,"href":"https:\/\/www.llibreriasantjordi.cat\/es\/wp-json\/wp\/v2\/media\/1711"}],"wp:attachment":[{"href":"https:\/\/www.llibreriasantjordi.cat\/es\/wp-json\/wp\/v2\/media?parent=2031"}],"wp:term":[{"taxonomy":"product_brand","embeddable":true,"href":"https:\/\/www.llibreriasantjordi.cat\/es\/wp-json\/wp\/v2\/product_brand?post=2031"},{"taxonomy":"product_cat","embeddable":true,"href":"https:\/\/www.llibreriasantjordi.cat\/es\/wp-json\/wp\/v2\/product_cat?post=2031"},{"taxonomy":"product_tag","embeddable":true,"href":"https:\/\/www.llibreriasantjordi.cat\/es\/wp-json\/wp\/v2\/product_tag?post=2031"}],"curies":[{"name":"wp","href":"https:\/\/api.w.org\/{rel}","templated":true}]}}