{"id":2029,"date":"2025-03-25T11:42:06","date_gmt":"2025-03-25T09:42:06","guid":{"rendered":"https:\/\/www.llibreriasantjordi.cat\/?post_type=product&#038;p=2029"},"modified":"2025-05-13T19:14:53","modified_gmt":"2025-05-13T17:14:53","slug":"lunivers-groc","status":"publish","type":"product","link":"https:\/\/www.llibreriasantjordi.cat\/es\/producte\/lunivers-groc\/","title":{"rendered":"L&#8217;univers groc"},"content":{"rendered":"<div class=\"wpb-content-wrapper\"><p>[vc_row css_animation=\u00bb\u00bb row_type=\u00bbrow\u00bb use_row_as_full_screen_section=\u00bbno\u00bb type=\u00bbfull_width\u00bb angled_section=\u00bbno\u00bb text_align=\u00bbleft\u00bb background_image_as_pattern=\u00bbwithout_pattern\u00bb][vc_column][vc_column_text css=\u00bb\u00bb]<strong>Editorial:<\/strong> Rosa dels Vents<br \/>\n<strong>ISBN:<\/strong> 9788410256156<br \/>\n<strong>Idioma:<\/strong> Catal\u00e1n<br \/>\n<strong>N\u00famero de p\u00e1ginas:<\/strong> 240<br \/>\n<strong>Encuadernaci\u00f3n:<\/strong> Tapa blanda<br \/>\n<strong>Fecha de publicaci\u00f3n:<\/strong> 13\/03\/2025[\/vc_column_text][\/vc_column][\/vc_row]<\/p>\n<\/div>","protected":false},"excerpt":{"rendered":"<p>La esperada continuaci\u00f3n de <i>El mundo amarillo<\/i>, el best-seller de Albert Espinosa que ha vendido m\u00e1s de 2 millones de ejemplares en todo el mundo.<\/p>\n<p>&nbsp;<\/p>\n<p>LA LUZ SIEMPRE VUELVE SI SABES ESPERAR<\/p>\n<p>&nbsp;<\/p>\n<p>Si\u00a0<i>El mundo amarillo\u00a0<\/i>te hizo descubrir a aquellas personas que, movi\u00e9ndose entre el amor y la amistad, cambiar\u00e1n y deslumbrar\u00e1n tu vida con s\u00f3lo una conversaci\u00f3n, <i>El universo amarillo<\/i> te ense\u00f1ar\u00e1 c\u00f3mo buscarlas, c\u00f3mo dejar que te encuentren, c\u00f3mo encarar la p\u00e9rdida&#8230; y todas las virtudes.<\/p>\n<p>&nbsp;<\/p>\n<p>LA VIDA ES AMARILLA: AMA Y BASTA <a class=\"continue\" href=\"https:\/\/www.llibreriasantjordi.cat\/es\/producte\/lunivers-groc\/\">CONTINUAR >><span> L&#8217;univers groc<\/span><\/a><\/p>\n","protected":false},"featured_media":1676,"template":"","meta":{"_joinchat":[]},"product_brand":[],"product_cat":[173,186],"product_tag":[234],"class_list":{"0":"post-2029","1":"product","2":"type-product","3":"status-publish","4":"has-post-thumbnail","6":"product_cat-catalan","7":"product_cat-medicina-y-autoayuda","8":"product_tag-albert-espinosa-es","10":"first","11":"instock","12":"taxable","13":"shipping-taxable","14":"purchasable","15":"product-type-simple"},"_links":{"self":[{"href":"https:\/\/www.llibreriasantjordi.cat\/es\/wp-json\/wp\/v2\/product\/2029","targetHints":{"allow":["GET"]}}],"collection":[{"href":"https:\/\/www.llibreriasantjordi.cat\/es\/wp-json\/wp\/v2\/product"}],"about":[{"href":"https:\/\/www.llibreriasantjordi.cat\/es\/wp-json\/wp\/v2\/types\/product"}],"wp:featuredmedia":[{"embeddable":true,"href":"https:\/\/www.llibreriasantjordi.cat\/es\/wp-json\/wp\/v2\/media\/1676"}],"wp:attachment":[{"href":"https:\/\/www.llibreriasantjordi.cat\/es\/wp-json\/wp\/v2\/media?parent=2029"}],"wp:term":[{"taxonomy":"product_brand","embeddable":true,"href":"https:\/\/www.llibreriasantjordi.cat\/es\/wp-json\/wp\/v2\/product_brand?post=2029"},{"taxonomy":"product_cat","embeddable":true,"href":"https:\/\/www.llibreriasantjordi.cat\/es\/wp-json\/wp\/v2\/product_cat?post=2029"},{"taxonomy":"product_tag","embeddable":true,"href":"https:\/\/www.llibreriasantjordi.cat\/es\/wp-json\/wp\/v2\/product_tag?post=2029"}],"curies":[{"name":"wp","href":"https:\/\/api.w.org\/{rel}","templated":true}]}}