{"id":2024,"date":"2025-03-25T12:01:47","date_gmt":"2025-03-25T10:01:47","guid":{"rendered":"https:\/\/www.llibreriasantjordi.cat\/?post_type=product&#038;p=2024"},"modified":"2025-05-13T19:10:30","modified_gmt":"2025-05-13T17:10:30","slug":"despierta-tu-inteligencia","status":"publish","type":"product","link":"https:\/\/www.llibreriasantjordi.cat\/es\/producte\/despierta-tu-inteligencia\/","title":{"rendered":"Despierta tu inteligencia"},"content":{"rendered":"<div class=\"wpb-content-wrapper\"><p>[vc_row css_animation=\u00bb\u00bb row_type=\u00bbrow\u00bb use_row_as_full_screen_section=\u00bbno\u00bb type=\u00bbfull_width\u00bb angled_section=\u00bbno\u00bb text_align=\u00bbleft\u00bb background_image_as_pattern=\u00bbwithout_pattern\u00bb][vc_column][vc_column_text css=\u00bb\u00bb]<strong>Editorial:<\/strong> Conecta<br \/>\n<strong>ISBN:<\/strong> 9788418053658<br \/>\n<strong>Idioma:<\/strong> Castellano<br \/>\n<strong>N\u00famero de p\u00e1ginas:<\/strong> 208<br \/>\n<strong>Encuadernaci\u00f3n:<\/strong> Tapa blanda<br \/>\n<strong>Fecha de publicaci\u00f3n:<\/strong> 06\/03\/2025[\/vc_column_text][\/vc_column][\/vc_row]<\/p>\n<\/div>","protected":false},"excerpt":{"rendered":"<p>DESCUBRE LOS SECRETOS PARA PENSAR Y ACTUAR COMO LAS PERSONAS M\u00c1S EXITOSAS DEL MUNDO Y DISFRUTA DE LOS RESULTADOS.<\/p>\n<p>&nbsp;<\/p>\n<p>En el mundo actual debes ser inteligente para avanzar. Pero la mayor\u00eda de las personas utilizan s\u00f3lo cerca de un dos por ciento de su capacidad mental. \u00bfC\u00f3mo revertir esta situaci\u00f3n y liberar al m\u00e1ximo potencial de nuestro cerebro para aprovechar cada oportunidad?<\/p>\n<p>&nbsp;<\/p>\n<p>Brian Tracy, autor bestseller y reconocido experto en m\u00e9todos para obtener el \u00e9xito, revela formas simples y comprobadas para activar nuestros talentos y habilidades y as\u00ed conseguir por fin la realizaci\u00f3n de nuestros sue\u00f1os. En Despierta tu inteligencia aprender\u00e1s a:<\/p>\n<p>&nbsp;<\/p>\n<p>\u2022\u00a0Entrenar tu mente\u00a0para pensar de formas que generen resultados exitosos.<\/p>\n<p>\u2022 Reconocer y aprovechar oportunidades de crecimiento en cualquier situaci\u00f3n.<\/p>\n<p>\u2022 Identificar y eliminar patrones negativos que te limiten.<\/p>\n<p>\u2022 Planificar, actuar y alcanzar tus metas con mayor precisi\u00f3n y rapidez.<\/p>\n<p>&nbsp;<\/p>\n<p>Ya sea que quieras aumentar tus ventas, potenciar tu creatividad o enfrentar mejor a los cambios inesperados de la vida, este libro te ayudar\u00e1 a activar tus incre\u00edbles recursos mentales para obtener los resultados que deseas y disfrutar de los mismos beneficios que disfrutan las personas exitosas. <a class=\"continue\" href=\"https:\/\/www.llibreriasantjordi.cat\/es\/producte\/despierta-tu-inteligencia\/\">CONTINUAR >><span> Despierta tu inteligencia<\/span><\/a><\/p>\n","protected":false},"featured_media":1731,"template":"","meta":{"_joinchat":[]},"product_brand":[],"product_cat":[172,181,188],"product_tag":[230],"class_list":{"0":"post-2024","1":"product","2":"type-product","3":"status-publish","4":"has-post-thumbnail","6":"product_cat-castellano","7":"product_cat-aconomia-y-politica","8":"product_cat-novedades","9":"product_tag-brian-tracy-es","11":"first","12":"instock","13":"taxable","14":"shipping-taxable","15":"purchasable","16":"product-type-simple"},"_links":{"self":[{"href":"https:\/\/www.llibreriasantjordi.cat\/es\/wp-json\/wp\/v2\/product\/2024","targetHints":{"allow":["GET"]}}],"collection":[{"href":"https:\/\/www.llibreriasantjordi.cat\/es\/wp-json\/wp\/v2\/product"}],"about":[{"href":"https:\/\/www.llibreriasantjordi.cat\/es\/wp-json\/wp\/v2\/types\/product"}],"wp:featuredmedia":[{"embeddable":true,"href":"https:\/\/www.llibreriasantjordi.cat\/es\/wp-json\/wp\/v2\/media\/1731"}],"wp:attachment":[{"href":"https:\/\/www.llibreriasantjordi.cat\/es\/wp-json\/wp\/v2\/media?parent=2024"}],"wp:term":[{"taxonomy":"product_brand","embeddable":true,"href":"https:\/\/www.llibreriasantjordi.cat\/es\/wp-json\/wp\/v2\/product_brand?post=2024"},{"taxonomy":"product_cat","embeddable":true,"href":"https:\/\/www.llibreriasantjordi.cat\/es\/wp-json\/wp\/v2\/product_cat?post=2024"},{"taxonomy":"product_tag","embeddable":true,"href":"https:\/\/www.llibreriasantjordi.cat\/es\/wp-json\/wp\/v2\/product_tag?post=2024"}],"curies":[{"name":"wp","href":"https:\/\/api.w.org\/{rel}","templated":true}]}}