{"id":2022,"date":"2025-03-25T12:05:09","date_gmt":"2025-03-25T10:05:09","guid":{"rendered":"https:\/\/www.llibreriasantjordi.cat\/?post_type=product&#038;p=2022"},"modified":"2025-05-13T19:09:30","modified_gmt":"2025-05-13T17:09:30","slug":"un-futuro-prometedor-los-anos-gloriosos-3","status":"publish","type":"product","link":"https:\/\/www.llibreriasantjordi.cat\/es\/producte\/un-futuro-prometedor-los-anos-gloriosos-3\/","title":{"rendered":"Un futuro prometedor (Los a\u00f1os gloriosos 3)"},"content":{"rendered":"<div class=\"wpb-content-wrapper\"><p>[vc_row css_animation=\u00bb\u00bb row_type=\u00bbrow\u00bb use_row_as_full_screen_section=\u00bbno\u00bb type=\u00bbfull_width\u00bb angled_section=\u00bbno\u00bb text_align=\u00bbleft\u00bb background_image_as_pattern=\u00bbwithout_pattern\u00bb][vc_column][vc_column_text css=\u00bb\u00bb]<strong>Editorial:<\/strong> Salamandra<br \/>\n<strong>ISBN:<\/strong> 9788410340602<br \/>\n<strong>Idioma:<\/strong> Castellano<br \/>\n<strong>N\u00famero de p\u00e1ginas:<\/strong> 560<br \/>\n<strong>Encuadernaci\u00f3n:<\/strong> Tapa blanda<br \/>\n<strong>Fecha de publicaci\u00f3n:<\/strong> 13\/03\/2025[\/vc_column_text][\/vc_column][\/vc_row]<\/p>\n<\/div>","protected":false},"excerpt":{"rendered":"<p>PAR\u00cdS, PRAGA, 1959<\/p>\n<p>&nbsp;<\/p>\n<p>Una trama llena de acci\u00f3n, muy suspenso y giros inesperados, con la Guerra Fr\u00eda y la amenaza nuclear como tel\u00f3n de fondo<\/p>\n<p>&nbsp;<\/p>\n<p>Vuelve Pierre Lemaitre con su saga sobre la familia Pelletier.<\/p>\n<p>&nbsp;<\/p>\n<p>Iniciado hace m\u00e1s de diez a\u00f1os con Nos vemos all\u00ed arriba (Premio Goncourt 2013), el monumental proyecto de Pierre Lemaitre de ofrecer una historia subjetiva, incuestionable y sobre todo gozosa del siglo XX, que no ha parado de sumar lectores y elogios de la cr\u00edtica, prosigue con Un amor prometedor.<\/p>\n<p>&nbsp;<\/p>\n<p>Tras vender su f\u00e1brica de jab\u00f3n en Beirut, el matrimonio Pelletier se instala en la pl\u00e1cida campa\u00f1a francesa, donde recibe la visita regular de sus tres hijos y sus numerosos nietos. Corre en 1959 y la vida parece sonre\u00edr a los Pelletier, aunque el panorama pol\u00edtico nacional e internacional sombr\u00edo no invita al optimismo. Pero todo cambia cuando, en plena Guerra Fr\u00eda y con el comunismo en horas altas, uno de sus hijos debe dirigir una peligrosa misi\u00f3n en Praga, detr\u00e1s del Tel\u00f3n de Acero, de la que no sabe si podr\u00e1 salir indemne o ni siquiera vivo&#8230; Atrapado en una ciudad donde reinan la polic\u00eda, el ej\u00e9rcito, los probadores que considera que un superado debe superar a una moral. Esta aventura afectar\u00e1 profundamente a la familia y pondr\u00e1 a prueba el v\u00ednculo afectivo y la solidez de los lazos de todos los miembros.<\/p>\n<p>&nbsp;<\/p>\n<p>Tercera entrega de la saga familiar sobre el clan Pelletier, Un futuro prometedor es un aut\u00e9ntico homenaje a la novela de acci\u00f3n con la amenaza nuclear como tel\u00f3n de fondo. Pierre Lemaitre nos ofrece, una vez m\u00e1s, un retrato exultante de una \u00e9poca tan turbulenta como fascinante. <a class=\"continue\" href=\"https:\/\/www.llibreriasantjordi.cat\/es\/producte\/un-futuro-prometedor-los-anos-gloriosos-3\/\">CONTINUAR >><span> Un futuro prometedor (Los a\u00f1os gloriosos 3)<\/span><\/a><\/p>\n","protected":false},"featured_media":1661,"template":"","meta":{"_joinchat":[]},"product_brand":[],"product_cat":[172,182,188],"product_tag":[229],"class_list":{"0":"post-2022","1":"product","2":"type-product","3":"status-publish","4":"has-post-thumbnail","6":"product_cat-castellano","7":"product_cat-ficcion","8":"product_cat-novedades","9":"product_tag-pierre-lemaitre-es","11":"first","12":"instock","13":"taxable","14":"shipping-taxable","15":"purchasable","16":"product-type-simple"},"_links":{"self":[{"href":"https:\/\/www.llibreriasantjordi.cat\/es\/wp-json\/wp\/v2\/product\/2022","targetHints":{"allow":["GET"]}}],"collection":[{"href":"https:\/\/www.llibreriasantjordi.cat\/es\/wp-json\/wp\/v2\/product"}],"about":[{"href":"https:\/\/www.llibreriasantjordi.cat\/es\/wp-json\/wp\/v2\/types\/product"}],"wp:featuredmedia":[{"embeddable":true,"href":"https:\/\/www.llibreriasantjordi.cat\/es\/wp-json\/wp\/v2\/media\/1661"}],"wp:attachment":[{"href":"https:\/\/www.llibreriasantjordi.cat\/es\/wp-json\/wp\/v2\/media?parent=2022"}],"wp:term":[{"taxonomy":"product_brand","embeddable":true,"href":"https:\/\/www.llibreriasantjordi.cat\/es\/wp-json\/wp\/v2\/product_brand?post=2022"},{"taxonomy":"product_cat","embeddable":true,"href":"https:\/\/www.llibreriasantjordi.cat\/es\/wp-json\/wp\/v2\/product_cat?post=2022"},{"taxonomy":"product_tag","embeddable":true,"href":"https:\/\/www.llibreriasantjordi.cat\/es\/wp-json\/wp\/v2\/product_tag?post=2022"}],"curies":[{"name":"wp","href":"https:\/\/api.w.org\/{rel}","templated":true}]}}