{"id":2021,"date":"2025-03-25T12:09:26","date_gmt":"2025-03-25T10:09:26","guid":{"rendered":"https:\/\/www.llibreriasantjordi.cat\/?post_type=product&#038;p=2021"},"modified":"2025-05-13T19:08:37","modified_gmt":"2025-05-13T17:08:37","slug":"el-cuento-de-la-criada","status":"publish","type":"product","link":"https:\/\/www.llibreriasantjordi.cat\/es\/producte\/el-cuento-de-la-criada\/","title":{"rendered":"El cuento de la criada"},"content":{"rendered":"<div class=\"wpb-content-wrapper\"><p>[vc_row css_animation=\u00bb\u00bb row_type=\u00bbrow\u00bb use_row_as_full_screen_section=\u00bbno\u00bb type=\u00bbfull_width\u00bb angled_section=\u00bbno\u00bb text_align=\u00bbleft\u00bb background_image_as_pattern=\u00bbwithout_pattern\u00bb][vc_column][vc_column_text css=\u00bb\u00bb]<strong>Editorial:<\/strong> Salamandra<br \/>\n<strong>ISBN:<\/strong> 978841034077<br \/>\n<strong>Idioma:<\/strong> Castellano<br \/>\n<strong>N\u00famero de p\u00e1ginas:<\/strong> 416<br \/>\n<strong>Encuadernaci\u00f3n:<\/strong> Tapa blanda<br \/>\n<strong>Fecha de publicaci\u00f3n:<\/strong> 06\/03\/2025[\/vc_column_text][\/vc_column][\/vc_row]<\/p>\n<\/div>","protected":false},"excerpt":{"rendered":"<p>El libro de cabecera de una nueva generaci\u00f3n.<\/p>\n<p>&nbsp;<\/p>\n<p>Ampar\u00e1ndose en la coartada del terrorismo, unos pol\u00edticos te\u00f3cratas se hacen con el poder y, como primera medida, suprimen la libertad de prensa y los derechos de las mujeres. Esta trama, inquietante y oscura, que bien podr\u00eda encontrarse en cualquier obra actual, pertenece en realidad a esta novela escrita por Margaret Atwood a principios de los ochenta, en la que la famosa autora canadiense anticip\u00f3 con premonici\u00f3n llamativa una amenaza latente en el mundo de hoy.<\/p>\n<p>&nbsp;<\/p>\n<p>En la Rep\u00fablica de Gilead, el cuerpo de Defred s\u00f3lo sirve para procrear, tal y como imponen las f\u00e9rreas normas establecidas por la dictadura puritana que domina el pa\u00eds. Si Defred se rebela -o si, aceptando colaborar de mala gana, no es capaz de concebir- le espera la muerte en ejecuci\u00f3n p\u00fablica o el destierro en unas Colonias en las que sucumbir\u00e1 a la poluci\u00f3n de los residuos t\u00f3xicos. As\u00ed, el r\u00e9gimen controla con mano de hierro hasta los m\u00e1s \u00ednfimos detalles de la vida de las mujeres: su alimentaci\u00f3n, su indumentaria, incluso su actividad sexual. Pero nadie, ni siquiera un gobierno desp\u00f3tico parapetado tras el supuesto mandato de un dios todopoderoso, puede gobernar el pensamiento de una persona. Y mucho menos su deseo.<\/p>\n<p>&nbsp;<\/p>\n<p>Los peligros inherentes a mezclar religi\u00f3n y pol\u00edtica; el af\u00e1n de todo poder absoluto en someter a las mujeres como paso conducente a subyugar a toda la poblaci\u00f3n; la fuerza incontenible del deseo como elemento transgresor: son tan s\u00f3lo una muestra de los temas que aborda este relato rasgador, aderezado con el sutil sarcasmo que constituye la se\u00f1a de identidad de Margaret Atwood. Una escritora universal que, con el paso del tiempo, no deja de sorprendernos con la lucidez de las ideas y la potencia de la prosa. <a class=\"continue\" href=\"https:\/\/www.llibreriasantjordi.cat\/es\/producte\/el-cuento-de-la-criada\/\">CONTINUAR >><span> El cuento de la criada<\/span><\/a><\/p>\n","protected":false},"featured_media":889,"template":"","meta":{"_joinchat":[]},"product_brand":[],"product_cat":[172,182,188],"product_tag":[228],"class_list":{"0":"post-2021","1":"product","2":"type-product","3":"status-publish","4":"has-post-thumbnail","6":"product_cat-castellano","7":"product_cat-ficcion","8":"product_cat-novedades","9":"product_tag-margaret-atwood-es","11":"first","12":"instock","13":"taxable","14":"shipping-taxable","15":"purchasable","16":"product-type-simple"},"_links":{"self":[{"href":"https:\/\/www.llibreriasantjordi.cat\/es\/wp-json\/wp\/v2\/product\/2021","targetHints":{"allow":["GET"]}}],"collection":[{"href":"https:\/\/www.llibreriasantjordi.cat\/es\/wp-json\/wp\/v2\/product"}],"about":[{"href":"https:\/\/www.llibreriasantjordi.cat\/es\/wp-json\/wp\/v2\/types\/product"}],"wp:featuredmedia":[{"embeddable":true,"href":"https:\/\/www.llibreriasantjordi.cat\/es\/wp-json\/wp\/v2\/media\/889"}],"wp:attachment":[{"href":"https:\/\/www.llibreriasantjordi.cat\/es\/wp-json\/wp\/v2\/media?parent=2021"}],"wp:term":[{"taxonomy":"product_brand","embeddable":true,"href":"https:\/\/www.llibreriasantjordi.cat\/es\/wp-json\/wp\/v2\/product_brand?post=2021"},{"taxonomy":"product_cat","embeddable":true,"href":"https:\/\/www.llibreriasantjordi.cat\/es\/wp-json\/wp\/v2\/product_cat?post=2021"},{"taxonomy":"product_tag","embeddable":true,"href":"https:\/\/www.llibreriasantjordi.cat\/es\/wp-json\/wp\/v2\/product_tag?post=2021"}],"curies":[{"name":"wp","href":"https:\/\/api.w.org\/{rel}","templated":true}]}}