{"id":2020,"date":"2025-03-25T12:15:28","date_gmt":"2025-03-25T10:15:28","guid":{"rendered":"https:\/\/www.llibreriasantjordi.cat\/?post_type=product&#038;p=2020"},"modified":"2025-05-13T19:07:39","modified_gmt":"2025-05-13T17:07:39","slug":"el-juez-surra-y-otros-casos-sicilianos","status":"publish","type":"product","link":"https:\/\/www.llibreriasantjordi.cat\/es\/producte\/el-juez-surra-y-otros-casos-sicilianos\/","title":{"rendered":"El juez Surra y otros casos sicilianos"},"content":{"rendered":"<div class=\"wpb-content-wrapper\"><p>[vc_row css_animation=\u00bb\u00bb row_type=\u00bbrow\u00bb use_row_as_full_screen_section=\u00bbno\u00bb type=\u00bbfull_width\u00bb angled_section=\u00bbno\u00bb text_align=\u00bbleft\u00bb background_image_as_pattern=\u00bbwithout_pattern\u00bb][vc_column][vc_column_text css=\u00bb\u00bb]<strong>Editorial:<\/strong> Salamandra<br \/>\n<strong>ISBN:<\/strong> 9788410340107<br \/>\n<strong>Idioma:<\/strong> Castellano<br \/>\n<strong>N\u00famero de p\u00e1ginas:<\/strong> 144<br \/>\n<strong>Encuadernaci\u00f3n:<\/strong> Tapa blanda<br \/>\n<strong>Fecha de publicaci\u00f3n:<\/strong> 03\/04\/2025[\/vc_column_text][\/vc_column][\/vc_row]<\/p>\n<\/div>","protected":false},"excerpt":{"rendered":"<p>Tres magn\u00edficas historias de detectives que capturan el alma de Sicilia y nos invitan a disfrutar del mejor Camilleri.<\/p>\n<p>&nbsp;<\/p>\n<p>Escritas hace a\u00f1os, y reunidas por primera vez en esta \u00abradiante recopilaci\u00f3n\u00bb con un pr\u00f3logo atractivo del escritor Giancarlo De Cataldo, las tres historias de El jutge Surra y otros casos sicilianos son una muestra del polifac\u00e9tico arte narrativo de Andrea Camilleri, con un torbellino de personajes explosivos, y escenarios realmente vivos y escenarios realmente vivos encantadora de Sicilia.<\/p>\n<p>&nbsp;<\/p>\n<p>En \u00abDemasiadas confusiones\u00bb, el azar hace que Bruno Costa, t\u00e9cnico de la compa\u00f1\u00eda telef\u00f3nica, y Anna Zanchi, una traductora, se conozcan y se enamoren perdidamente; Italia, \u00abEl juez Surra\u00bb tiene como protagonista al magistrado Efisio Surra, de cincuenta a\u00f1os, que es trasladado de Tur\u00edn al tribunal siciliano de Montelusa; nos lleva hasta Belcolle, un pintoresco pueblo con vistas a la costa cerca de Cefal\u00fa, donde Antonio Brancato, comandante de la sede del Cuerpo de Carabineros, debe hacer frente a una situaci\u00f3n complicada: el viejo Francesco Barbaro, atrincherado en casa de las afueras con un fusil de caza, amenaza con disparar a todo aquel.<\/p>\n<p>&nbsp;<\/p>\n<p>Llenas de golpes de efecto sorprendentes, un ritmo vigoroso y una sutil iron\u00eda como hilo conductor, estas tres peque\u00f1as obras maestras capturan con total intensidad el alma mediterr\u00e1nea y suponen una nueva oportunidad para gozar de la prodigiosa imaginaci\u00f3n de Andrea Camilleri. <a class=\"continue\" href=\"https:\/\/www.llibreriasantjordi.cat\/es\/producte\/el-juez-surra-y-otros-casos-sicilianos\/\">CONTINUAR >><span> El juez Surra y otros casos sicilianos<\/span><\/a><\/p>\n","protected":false},"featured_media":1723,"template":"","meta":{"_joinchat":[]},"product_brand":[],"product_cat":[172,182,188],"product_tag":[228],"class_list":{"0":"post-2020","1":"product","2":"type-product","3":"status-publish","4":"has-post-thumbnail","6":"product_cat-castellano","7":"product_cat-ficcion","8":"product_cat-novedades","9":"product_tag-margaret-atwood-es","11":"first","12":"instock","13":"taxable","14":"shipping-taxable","15":"purchasable","16":"product-type-simple"},"_links":{"self":[{"href":"https:\/\/www.llibreriasantjordi.cat\/es\/wp-json\/wp\/v2\/product\/2020","targetHints":{"allow":["GET"]}}],"collection":[{"href":"https:\/\/www.llibreriasantjordi.cat\/es\/wp-json\/wp\/v2\/product"}],"about":[{"href":"https:\/\/www.llibreriasantjordi.cat\/es\/wp-json\/wp\/v2\/types\/product"}],"wp:featuredmedia":[{"embeddable":true,"href":"https:\/\/www.llibreriasantjordi.cat\/es\/wp-json\/wp\/v2\/media\/1723"}],"wp:attachment":[{"href":"https:\/\/www.llibreriasantjordi.cat\/es\/wp-json\/wp\/v2\/media?parent=2020"}],"wp:term":[{"taxonomy":"product_brand","embeddable":true,"href":"https:\/\/www.llibreriasantjordi.cat\/es\/wp-json\/wp\/v2\/product_brand?post=2020"},{"taxonomy":"product_cat","embeddable":true,"href":"https:\/\/www.llibreriasantjordi.cat\/es\/wp-json\/wp\/v2\/product_cat?post=2020"},{"taxonomy":"product_tag","embeddable":true,"href":"https:\/\/www.llibreriasantjordi.cat\/es\/wp-json\/wp\/v2\/product_tag?post=2020"}],"curies":[{"name":"wp","href":"https:\/\/api.w.org\/{rel}","templated":true}]}}