{"id":2019,"date":"2025-03-25T12:18:24","date_gmt":"2025-03-25T10:18:24","guid":{"rendered":"https:\/\/www.llibreriasantjordi.cat\/?post_type=product&#038;p=2019"},"modified":"2025-05-13T19:06:35","modified_gmt":"2025-05-13T17:06:35","slug":"mort-al-palau","status":"publish","type":"product","link":"https:\/\/www.llibreriasantjordi.cat\/es\/producte\/mort-al-palau\/","title":{"rendered":"Mort al Palau"},"content":{"rendered":"<div class=\"wpb-content-wrapper\"><p>[vc_row css_animation=\u00bb\u00bb row_type=\u00bbrow\u00bb use_row_as_full_screen_section=\u00bbno\u00bb type=\u00bbfull_width\u00bb angled_section=\u00bbno\u00bb text_align=\u00bbleft\u00bb background_image_as_pattern=\u00bbwithout_pattern\u00bb][vc_column][vc_column_text css=\u00bb\u00bb]<strong>Editorial:<\/strong> Rosa dels Vents<br \/>\n<strong>ISBN:<\/strong> 9788410256132<br \/>\n<strong>Idioma:<\/strong> Catal\u00e1n<br \/>\n<strong>N\u00famero de p\u00e1ginas:<\/strong> 256<br \/>\n<strong>Encuadernaci\u00f3n:<\/strong> Tapa blanda<br \/>\n<strong>Fecha de publicaci\u00f3n:<\/strong> 13\/02\/2025[\/vc_column_text][\/vc_column][\/vc_row]<\/p>\n<\/div>","protected":false},"excerpt":{"rendered":"<p><span class=\"a-text-bold\">Una serie de cr\u00edmenes en el Palau G\u00fcell al m\u00e1s puro estilo Sherlock Holmes sacuden a la Barcelona de principios del siglo XX.<\/span><\/p>\n<p>&nbsp;<\/p>\n<p>Barcelona, \u200b\u200b1908. El \u00e9xito de las aventuras de Sherlock Holmes llevadas al teatro ha despertado la fiebre detectivesca entre miles de barceloneses, y los textos comienzan a traducirse al catal\u00e1n. Las hermanas G\u00fcell organizan una jornada cultural en torno al famoso detective en el Palau G\u00fcell e invitan a una serie de personajes del mundo de la cultura, incluida su profesora de ingl\u00e9s, Robina, una gran lectora de la obra de Conan Doyle. Todo apunta a que la velada ser\u00e1 de lo m\u00e1s placentera, hasta que aparece el cad\u00e1ver de Esteve, el mozo de las caballerizas. R\u00e1pidamente, Robina descubre que el asesino ha imitado un caso protagonizado por Sherlock Holmes, y cuando los invitados, nuevamente convocados en el palacio, queden atrapados, se iniciar\u00e1 una carrera contrarreloj para evitar m\u00e1s muertes y descubrir qui\u00e9n es el culpable.<\/p>\n<p>&nbsp;<\/p>\n<p>Con la ayuda de Corneli, el caballerizo de los G\u00fcell, Robina tendr\u00e1 que poner en pr\u00e1ctica todo lo que ha aprendido leyendo las haza\u00f1as de su admirado detective para resolver una serie de pistas vinculadas a las historias de Conan Doyle. \u00bfLlegar\u00e1n a tiempo para evitar m\u00e1s desgracias? \u00bfQui\u00e9n es el responsable de las muertes? \u00bfPor qu\u00e9 lo hace y por qu\u00e9 esconde las pistas en el Palau? \u00bfEl asesino ha elegido a Robina a ella porque es lectora de Sherlock Holmes?<span class=\"a-text-bold\">Leer nunca hab\u00eda sido tan peligroso.<\/span> <a class=\"continue\" href=\"https:\/\/www.llibreriasantjordi.cat\/es\/producte\/mort-al-palau\/\">CONTINUAR >><span> Mort al Palau<\/span><\/a><\/p>\n","protected":false},"featured_media":1674,"template":"","meta":{"_joinchat":[]},"product_brand":[],"product_cat":[173,182,188],"product_tag":[227],"class_list":{"0":"post-2019","1":"product","2":"type-product","3":"status-publish","4":"has-post-thumbnail","6":"product_cat-catalan","7":"product_cat-ficcion","8":"product_cat-novedades","9":"product_tag-gloria-sabate-es","11":"first","12":"instock","13":"taxable","14":"shipping-taxable","15":"purchasable","16":"product-type-simple"},"_links":{"self":[{"href":"https:\/\/www.llibreriasantjordi.cat\/es\/wp-json\/wp\/v2\/product\/2019","targetHints":{"allow":["GET"]}}],"collection":[{"href":"https:\/\/www.llibreriasantjordi.cat\/es\/wp-json\/wp\/v2\/product"}],"about":[{"href":"https:\/\/www.llibreriasantjordi.cat\/es\/wp-json\/wp\/v2\/types\/product"}],"wp:featuredmedia":[{"embeddable":true,"href":"https:\/\/www.llibreriasantjordi.cat\/es\/wp-json\/wp\/v2\/media\/1674"}],"wp:attachment":[{"href":"https:\/\/www.llibreriasantjordi.cat\/es\/wp-json\/wp\/v2\/media?parent=2019"}],"wp:term":[{"taxonomy":"product_brand","embeddable":true,"href":"https:\/\/www.llibreriasantjordi.cat\/es\/wp-json\/wp\/v2\/product_brand?post=2019"},{"taxonomy":"product_cat","embeddable":true,"href":"https:\/\/www.llibreriasantjordi.cat\/es\/wp-json\/wp\/v2\/product_cat?post=2019"},{"taxonomy":"product_tag","embeddable":true,"href":"https:\/\/www.llibreriasantjordi.cat\/es\/wp-json\/wp\/v2\/product_tag?post=2019"}],"curies":[{"name":"wp","href":"https:\/\/api.w.org\/{rel}","templated":true}]}}