{"id":2018,"date":"2025-03-25T12:43:55","date_gmt":"2025-03-25T10:43:55","guid":{"rendered":"https:\/\/www.llibreriasantjordi.cat\/?post_type=product&#038;p=2018"},"modified":"2025-05-13T19:01:23","modified_gmt":"2025-05-13T17:01:23","slug":"el-crepusculo","status":"publish","type":"product","link":"https:\/\/www.llibreriasantjordi.cat\/es\/producte\/el-crepusculo\/","title":{"rendered":"El crep\u00fasculo"},"content":{"rendered":"<div class=\"wpb-content-wrapper\"><p>[vc_row css_animation=\u00bb\u00bb row_type=\u00bbrow\u00bb use_row_as_full_screen_section=\u00bbno\u00bb type=\u00bbfull_width\u00bb angled_section=\u00bbno\u00bb text_align=\u00bbleft\u00bb background_image_as_pattern=\u00bbwithout_pattern\u00bb][vc_column][vc_column_text css=\u00bb\u00bb]<strong>Editorial:<\/strong> Salamandra<br \/>\n<strong>ISBN:<\/strong> 9788419456465<br \/>\n<strong>Idioma:<\/strong> Castellano<br \/>\n<strong>N\u00famero de p\u00e1ginas:<\/strong> 368<br \/>\n<strong>Encuadernaci\u00f3n:<\/strong> Tapa blanda<br \/>\n<strong>Fecha de publicaci\u00f3n:<\/strong> 03\/04\/2025[\/vc_column_text][\/vc_column][\/vc_row]<\/p>\n<\/div>","protected":false},"excerpt":{"rendered":"<p>Nueva novela de uno de los autores franceses m\u00e1s queridos en Espa\u00f1a.<\/p>\n<p>&nbsp;<\/p>\n<p>\u00abUna magn\u00edfica exploraci\u00f3n de la naturaleza humana.\u00bb<i>Lire Magazine Litteraire<\/i><\/p>\n<p>&nbsp;<\/p>\n<p>En las fronteras del Imperio se extiende una provincia desnuda y mineral donde el fr\u00edo, la escarcha y el ritmo lento de los largos inviernos parecen dormir a los habitantes de un peque\u00f1o pueblo.<\/p>\n<p>&nbsp;<\/p>\n<p>Una ma\u00f1ana, el p\u00e1rroco es descubierto con la cabeza aplastada por una piedra. \u00bfCu\u00e1l fue la naturaleza del crimen? \u00bfQui\u00e9n pod\u00eda tenerle tanto rencor en una ciudad donde, hasta entonces, las comunidades religiosas hab\u00edan vivido en armon\u00eda?<\/p>\n<p>&nbsp;<\/p>\n<p>La investigaci\u00f3n es confiada a Nurio, el polic\u00eda que demasiado a menudo se deja llevar por sus pasiones y que desprecia a Baraj, su adjunto, un gigante distinguido con alma de poeta. Pero, \u00bftiene inter\u00e9s el Imperio en el que se descubra el verdadero asesino? Cuando se abusa de los pueblos y de los Estados, \u00bfc\u00f3mo se escribe o se reescribe la historia? \u00bfY qu\u00e9 pueden hacer los seres humanos frente a su curso impetuoso? <a class=\"continue\" href=\"https:\/\/www.llibreriasantjordi.cat\/es\/producte\/el-crepusculo\/\">CONTINUAR >><span> El crep\u00fasculo<\/span><\/a><\/p>\n","protected":false},"featured_media":1725,"template":"","meta":{"_joinchat":[]},"product_brand":[],"product_cat":[172,182,188],"product_tag":[226],"class_list":{"0":"post-2018","1":"product","2":"type-product","3":"status-publish","4":"has-post-thumbnail","6":"product_cat-castellano","7":"product_cat-ficcion","8":"product_cat-novedades","9":"product_tag-philippe-claudel-es","11":"first","12":"instock","13":"taxable","14":"shipping-taxable","15":"purchasable","16":"product-type-simple"},"_links":{"self":[{"href":"https:\/\/www.llibreriasantjordi.cat\/es\/wp-json\/wp\/v2\/product\/2018","targetHints":{"allow":["GET"]}}],"collection":[{"href":"https:\/\/www.llibreriasantjordi.cat\/es\/wp-json\/wp\/v2\/product"}],"about":[{"href":"https:\/\/www.llibreriasantjordi.cat\/es\/wp-json\/wp\/v2\/types\/product"}],"wp:featuredmedia":[{"embeddable":true,"href":"https:\/\/www.llibreriasantjordi.cat\/es\/wp-json\/wp\/v2\/media\/1725"}],"wp:attachment":[{"href":"https:\/\/www.llibreriasantjordi.cat\/es\/wp-json\/wp\/v2\/media?parent=2018"}],"wp:term":[{"taxonomy":"product_brand","embeddable":true,"href":"https:\/\/www.llibreriasantjordi.cat\/es\/wp-json\/wp\/v2\/product_brand?post=2018"},{"taxonomy":"product_cat","embeddable":true,"href":"https:\/\/www.llibreriasantjordi.cat\/es\/wp-json\/wp\/v2\/product_cat?post=2018"},{"taxonomy":"product_tag","embeddable":true,"href":"https:\/\/www.llibreriasantjordi.cat\/es\/wp-json\/wp\/v2\/product_tag?post=2018"}],"curies":[{"name":"wp","href":"https:\/\/api.w.org\/{rel}","templated":true}]}}