{"id":2013,"date":"2025-03-25T13:47:53","date_gmt":"2025-03-25T11:47:53","guid":{"rendered":"https:\/\/www.llibreriasantjordi.cat\/?post_type=product&#038;p=2013"},"modified":"2025-05-14T16:01:32","modified_gmt":"2025-05-14T14:01:32","slug":"no-fare-cap-mes-llibre-retrat-intim-de-marina-rossell","status":"publish","type":"product","link":"https:\/\/www.llibreriasantjordi.cat\/es\/producte\/no-fare-cap-mes-llibre-retrat-intim-de-marina-rossell\/","title":{"rendered":"No far\u00e9 cap m\u00e9s llibre &#8211; Retrat \u00edntim de Marina Rossell"},"content":{"rendered":"<div class=\"wpb-content-wrapper\"><p>[vc_row css_animation=\u00bb\u00bb row_type=\u00bbrow\u00bb use_row_as_full_screen_section=\u00bbno\u00bb type=\u00bbfull_width\u00bb angled_section=\u00bbno\u00bb text_align=\u00bbleft\u00bb background_image_as_pattern=\u00bbwithout_pattern\u00bb][vc_column][vc_column_text css=\u00bb\u00bb]<strong>Editorial:<\/strong> Universo Libros<br \/>\n<strong>ISBN:<\/strong> 9788419721310<br \/>\n<strong>Idioma:<\/strong> Catal\u00e1n<br \/>\n<strong>N\u00famero de p\u00e1ginas:<\/strong> 208<br \/>\n<strong>Encuadernaci\u00f3n:<\/strong> Tapa blanda<br \/>\n<strong>Fecha de publicaci\u00f3n:<\/strong> 11\/03\/2025[\/vc_column_text][\/vc_column][\/vc_row]<\/p>\n<\/div>","protected":false},"excerpt":{"rendered":"<p>A partir de conversaciones entre el autor y Marina, el lector asiste al dibujo en forma de retrato impresionista de Marina Rossell. De su ni\u00f1ez a su llegada a Barcelona a los 16 a\u00f1os, el descubrimiento de la gran ciudad. De su tes\u00f3n como artista, las veces que se ha enamorado y de la relaci\u00f3n con sus compa\u00f1eros de la Can\u00e7\u00f3. <a class=\"continue\" href=\"https:\/\/www.llibreriasantjordi.cat\/es\/producte\/no-fare-cap-mes-llibre-retrat-intim-de-marina-rossell\/\">CONTINUAR >><span> No far\u00e9 cap m\u00e9s llibre &#8211; Retrat \u00edntim de Marina Rossell<\/span><\/a><\/p>\n","protected":false},"featured_media":1672,"template":"","meta":{"_joinchat":[]},"product_brand":[],"product_cat":[171,173,188],"product_tag":[223],"class_list":{"0":"post-2013","1":"product","2":"type-product","3":"status-publish","4":"has-post-thumbnail","6":"product_cat-arte-tv-cine-musica","7":"product_cat-catalan","8":"product_cat-novedades","9":"product_tag-albert-om-es","11":"first","12":"instock","13":"taxable","14":"shipping-taxable","15":"purchasable","16":"product-type-simple"},"_links":{"self":[{"href":"https:\/\/www.llibreriasantjordi.cat\/es\/wp-json\/wp\/v2\/product\/2013","targetHints":{"allow":["GET"]}}],"collection":[{"href":"https:\/\/www.llibreriasantjordi.cat\/es\/wp-json\/wp\/v2\/product"}],"about":[{"href":"https:\/\/www.llibreriasantjordi.cat\/es\/wp-json\/wp\/v2\/types\/product"}],"wp:featuredmedia":[{"embeddable":true,"href":"https:\/\/www.llibreriasantjordi.cat\/es\/wp-json\/wp\/v2\/media\/1672"}],"wp:attachment":[{"href":"https:\/\/www.llibreriasantjordi.cat\/es\/wp-json\/wp\/v2\/media?parent=2013"}],"wp:term":[{"taxonomy":"product_brand","embeddable":true,"href":"https:\/\/www.llibreriasantjordi.cat\/es\/wp-json\/wp\/v2\/product_brand?post=2013"},{"taxonomy":"product_cat","embeddable":true,"href":"https:\/\/www.llibreriasantjordi.cat\/es\/wp-json\/wp\/v2\/product_cat?post=2013"},{"taxonomy":"product_tag","embeddable":true,"href":"https:\/\/www.llibreriasantjordi.cat\/es\/wp-json\/wp\/v2\/product_tag?post=2013"}],"curies":[{"name":"wp","href":"https:\/\/api.w.org\/{rel}","templated":true}]}}