{"id":2011,"date":"2025-03-25T13:52:26","date_gmt":"2025-03-25T11:52:26","guid":{"rendered":"https:\/\/www.llibreriasantjordi.cat\/?post_type=product&#038;p=2011"},"modified":"2025-05-14T16:01:25","modified_gmt":"2025-05-14T14:01:25","slug":"generacio-3xl","status":"publish","type":"product","link":"https:\/\/www.llibreriasantjordi.cat\/es\/producte\/generacio-3xl\/","title":{"rendered":"Generaci\u00f3 3XL"},"content":{"rendered":"<div class=\"wpb-content-wrapper\"><p>[vc_row css_animation=\u00bb\u00bb row_type=\u00bbrow\u00bb use_row_as_full_screen_section=\u00bbno\u00bb type=\u00bbfull_width\u00bb angled_section=\u00bbno\u00bb text_align=\u00bbleft\u00bb background_image_as_pattern=\u00bbwithout_pattern\u00bb][vc_column][vc_column_text css=\u00bb\u00bb]<strong>Editorial:<\/strong> Ahora Libros<br \/>\n<strong>ISBN:<\/strong> 9788411731362<br \/>\n<strong>Idioma:<\/strong> Catal\u00e1n<br \/>\n<strong>N\u00famero de p\u00e1ginas:<\/strong> 200<br \/>\n<strong>Encuadernaci\u00f3n:<\/strong> Tapa blanda<br \/>\n<strong>Fecha de publicaci\u00f3n:<\/strong> 18\/03\/2025[\/vc_column_text][\/vc_column][\/vc_row]<\/p>\n<\/div>","protected":false},"excerpt":{"rendered":"<p>Un libro para todos aquellos mileniales que crecimos con el S\u00faper3 y el 3XL de fondo cada tarde, que desayun\u00e1bamos mirando a Doraemon, com\u00edamos con Sakura, la cazadora de cartas, y pas\u00e1bamos por las noches siguiendo las aventuras de Inuyasha o intentando descubrir los misterios a la vez.Vuelve el 3XL, en forma de libro, para recuperar aquellas historias que nos hicimos so\u00f1ar cuando \u00e9ramos ni\u00f1os y ni\u00f1as, con an\u00e9cdotas de Kero, entrevistas a los dobladores ya los personajes del S\u00faper 3 \u2013 \u00bfqui\u00e9n no recuerda a Ruinosa, Petri, Tom\u00e1tico, S\u00faper Cero\u2026?! \u2013 tests y Top 10s\u2026 Un recorrido por todas las \u00e9pocas que marcaron nuestra infancia y adolescencia.\u00a1Un libro que coger\u00e1n con ganas todos los nacidos en los 80 y los 90 en Catalu\u00f1a! \u00a1Es hora de quitar el polvo a nuestros carn\u00e9s de s\u00faper! <a class=\"continue\" href=\"https:\/\/www.llibreriasantjordi.cat\/es\/producte\/generacio-3xl\/\">CONTINUAR >><span> Generaci\u00f3 3XL<\/span><\/a><\/p>\n","protected":false},"featured_media":1707,"template":"","meta":{"_joinchat":[]},"product_brand":[],"product_cat":[171,173,188],"product_tag":[221],"class_list":{"0":"post-2011","1":"product","2":"type-product","3":"status-publish","4":"has-post-thumbnail","6":"product_cat-arte-tv-cine-musica","7":"product_cat-catalan","8":"product_cat-novedades","9":"product_tag-3xl-vibes-es","11":"first","12":"instock","13":"taxable","14":"shipping-taxable","15":"purchasable","16":"product-type-simple"},"_links":{"self":[{"href":"https:\/\/www.llibreriasantjordi.cat\/es\/wp-json\/wp\/v2\/product\/2011","targetHints":{"allow":["GET"]}}],"collection":[{"href":"https:\/\/www.llibreriasantjordi.cat\/es\/wp-json\/wp\/v2\/product"}],"about":[{"href":"https:\/\/www.llibreriasantjordi.cat\/es\/wp-json\/wp\/v2\/types\/product"}],"wp:featuredmedia":[{"embeddable":true,"href":"https:\/\/www.llibreriasantjordi.cat\/es\/wp-json\/wp\/v2\/media\/1707"}],"wp:attachment":[{"href":"https:\/\/www.llibreriasantjordi.cat\/es\/wp-json\/wp\/v2\/media?parent=2011"}],"wp:term":[{"taxonomy":"product_brand","embeddable":true,"href":"https:\/\/www.llibreriasantjordi.cat\/es\/wp-json\/wp\/v2\/product_brand?post=2011"},{"taxonomy":"product_cat","embeddable":true,"href":"https:\/\/www.llibreriasantjordi.cat\/es\/wp-json\/wp\/v2\/product_cat?post=2011"},{"taxonomy":"product_tag","embeddable":true,"href":"https:\/\/www.llibreriasantjordi.cat\/es\/wp-json\/wp\/v2\/product_tag?post=2011"}],"curies":[{"name":"wp","href":"https:\/\/api.w.org\/{rel}","templated":true}]}}