{"id":2010,"date":"2025-03-26T11:46:52","date_gmt":"2025-03-26T09:46:52","guid":{"rendered":"https:\/\/www.llibreriasantjordi.cat\/?post_type=product&#038;p=2010"},"modified":"2025-05-14T16:01:18","modified_gmt":"2025-05-14T14:01:18","slug":"crema-lapm","status":"publish","type":"product","link":"https:\/\/www.llibreriasantjordi.cat\/es\/producte\/crema-lapm\/","title":{"rendered":"Crema l&#8217;APM?"},"content":{"rendered":"<div class=\"wpb-content-wrapper\"><p>[vc_row css_animation=\u00bb\u00bb row_type=\u00bbrow\u00bb use_row_as_full_screen_section=\u00bbno\u00bb type=\u00bbfull_width\u00bb angled_section=\u00bbno\u00bb text_align=\u00bbleft\u00bb background_image_as_pattern=\u00bbwithout_pattern\u00bb][vc_column][vc_column_text css=\u00bb\u00bb]<strong>Editorial:<\/strong> Ahora Libros<br \/>\n<strong>ISBN:<\/strong> 9788411731454<br \/>\n<strong>Idioma:<\/strong> Catal\u00e1n<br \/>\n<strong>N\u00famero de p\u00e1ginas:<\/strong> 224<br \/>\n<strong>Encuadernaci\u00f3n:<\/strong> Tapa blanda<br \/>\n<strong>Fecha de publicaci\u00f3n:<\/strong> 08\/04\/2025[\/vc_column_text][\/vc_column][\/vc_row]<\/p>\n<\/div>","protected":false},"excerpt":{"rendered":"<p>\u00bfQuema el APM? es un viaje por toda la trayectoria del programa, con apariciones de los personajes m\u00e1s m\u00edticos, colaboradores de todas las \u00e9pocas y una selecci\u00f3n de las frases y gags que han hecho estallar de risa a toda una generaci\u00f3n. \u00a1Adem\u00e1s, el lector se convierte en parte activa del APM! A trav\u00e9s de juegos, pruebas y retos interactivos, podr\u00e1s poner a prueba tu conocimiento del programa, realizar v\u00eddeos con el estilo de \u00abEl Gran Hermano\u00bb o incluso etiquetar a tus amigos con las frases m\u00e1s m\u00edticas de APM. S\u00e9 el protagonista con actividades como cantar la letra de \u00abEs superfuerte\u00bb o dibujar tu mejor \u00ab\u00a1Sa matao Paco!\u00bb. El libro de APM es una experiencia completa para todos aquellos que quieren vivir el humor del programa de m\u00e1s cerca y, sobre todo, re\u00edrse una vez m\u00e1s con lo mejor del APM. <a class=\"continue\" href=\"https:\/\/www.llibreriasantjordi.cat\/es\/producte\/crema-lapm\/\">CONTINUAR >><span> Crema l&#8217;APM?<\/span><\/a><\/p>\n","protected":false},"featured_media":1734,"template":"","meta":{"_joinchat":[]},"product_brand":[],"product_cat":[171,173,188],"product_tag":[190],"class_list":{"0":"post-2010","1":"product","2":"type-product","3":"status-publish","4":"has-post-thumbnail","6":"product_cat-arte-tv-cine-musica","7":"product_cat-catalan","8":"product_cat-novedades","9":"product_tag-varis-autors-es","11":"first","12":"instock","13":"taxable","14":"shipping-taxable","15":"purchasable","16":"product-type-simple"},"_links":{"self":[{"href":"https:\/\/www.llibreriasantjordi.cat\/es\/wp-json\/wp\/v2\/product\/2010","targetHints":{"allow":["GET"]}}],"collection":[{"href":"https:\/\/www.llibreriasantjordi.cat\/es\/wp-json\/wp\/v2\/product"}],"about":[{"href":"https:\/\/www.llibreriasantjordi.cat\/es\/wp-json\/wp\/v2\/types\/product"}],"wp:featuredmedia":[{"embeddable":true,"href":"https:\/\/www.llibreriasantjordi.cat\/es\/wp-json\/wp\/v2\/media\/1734"}],"wp:attachment":[{"href":"https:\/\/www.llibreriasantjordi.cat\/es\/wp-json\/wp\/v2\/media?parent=2010"}],"wp:term":[{"taxonomy":"product_brand","embeddable":true,"href":"https:\/\/www.llibreriasantjordi.cat\/es\/wp-json\/wp\/v2\/product_brand?post=2010"},{"taxonomy":"product_cat","embeddable":true,"href":"https:\/\/www.llibreriasantjordi.cat\/es\/wp-json\/wp\/v2\/product_cat?post=2010"},{"taxonomy":"product_tag","embeddable":true,"href":"https:\/\/www.llibreriasantjordi.cat\/es\/wp-json\/wp\/v2\/product_tag?post=2010"}],"curies":[{"name":"wp","href":"https:\/\/api.w.org\/{rel}","templated":true}]}}