{"id":2008,"date":"2025-03-26T16:33:21","date_gmt":"2025-03-26T14:33:21","guid":{"rendered":"https:\/\/www.llibreriasantjordi.cat\/?post_type=product&#038;p=2008"},"modified":"2025-05-13T18:49:06","modified_gmt":"2025-05-13T16:49:06","slug":"somiavem-una-illa","status":"publish","type":"product","link":"https:\/\/www.llibreriasantjordi.cat\/es\/producte\/somiavem-una-illa\/","title":{"rendered":"Somi\u00e0vem una illa"},"content":{"rendered":"<div class=\"wpb-content-wrapper\"><p>[vc_row css_animation=\u00bb\u00bb row_type=\u00bbrow\u00bb use_row_as_full_screen_section=\u00bbno\u00bb type=\u00bbfull_width\u00bb angled_section=\u00bbno\u00bb text_align=\u00bbleft\u00bb background_image_as_pattern=\u00bbwithout_pattern\u00bb][vc_column][vc_column_text css=\u00bb\u00bb]<strong>Editorial:<\/strong> Universo Libros<br \/>\n<strong>ISBN:<\/strong> 9788419721297<br \/>\n<strong>Idioma:<\/strong> Catal\u00e1n<br \/>\n<strong>N\u00famero de p\u00e1ginas:<\/strong> 288<br \/>\n<strong>Encuadernaci\u00f3n:<\/strong> Tapa blanda<br \/>\n<strong>Fecha de publicaci\u00f3n:<\/strong> 18\/02\/2025[\/vc_column_text][\/vc_column][\/vc_row]<\/p>\n<\/div>","protected":false},"excerpt":{"rendered":"<p>\u00abTe quiero y eso es un grito de socorro. Te quiero y esto es un hag\u00e1moslo juntos, por favor. Te quiero aunque el mundo se nos haya deshecho de golpe. Te quiero a pesar de ese abismo de brazos vac\u00edos y las islas donde me he perdido\u00bb.<\/p>\n<p>&nbsp;<\/p>\n<p>Despu\u00e9s de un fuerte estremecimiento \u2014dos, de hecho\u2014, Carla necesita volver a ordenar su vida, reconectar con lo verdaderamente importante y curarse las heridas. Para conseguirlo, tendr\u00e1 que viajar muy adentro de s\u00ed misma, y \u200b\u200bmuy lejos, tambi\u00e9n, a un mont\u00f3n de islas que le ayudar\u00e1n a ver la vida desde otra \u00f3ptica. Islas remotas, inaccesibles, tr\u00e1gicas, legendarias o artificiales; islas que, al fin y al cabo, somos un poco nosotros. Y, mientras tanto, procurar\u00e1 subir a dos hijos a\u00fan peque\u00f1os y vivir con la gente que ama: sobre todo \u00d3scar, su pareja, Nora, su mejor amiga, y el se\u00f1or Feliu, un hombre que siempre ha sido como un abuelo para ella.<\/p>\n<p>&nbsp;<\/p>\n<p>En medio de un d\u00eda a d\u00eda no siempre luminoso, Carla toma perspectiva y escribe un texto confesional desde el fondo del coraz\u00f3n que le ayude a entender c\u00f3mo ha llegado al punto d\u00f3nde est\u00e1 y qu\u00e9 quiere a partir de ahora. Un grito de auxilio para quererse de nuevo. <a class=\"continue\" href=\"https:\/\/www.llibreriasantjordi.cat\/es\/producte\/somiavem-una-illa\/\">CONTINUAR >><span> Somi\u00e0vem una illa<\/span><\/a><\/p>\n","protected":false},"featured_media":1665,"template":"","meta":{"_joinchat":[]},"product_brand":[],"product_cat":[173,182,188],"product_tag":[219],"class_list":{"0":"post-2008","1":"product","2":"type-product","3":"status-publish","4":"has-post-thumbnail","6":"product_cat-catalan","7":"product_cat-ficcion","8":"product_cat-novedades","9":"product_tag-roc-casagran-es","11":"first","12":"instock","13":"taxable","14":"shipping-taxable","15":"purchasable","16":"product-type-simple"},"_links":{"self":[{"href":"https:\/\/www.llibreriasantjordi.cat\/es\/wp-json\/wp\/v2\/product\/2008","targetHints":{"allow":["GET"]}}],"collection":[{"href":"https:\/\/www.llibreriasantjordi.cat\/es\/wp-json\/wp\/v2\/product"}],"about":[{"href":"https:\/\/www.llibreriasantjordi.cat\/es\/wp-json\/wp\/v2\/types\/product"}],"wp:featuredmedia":[{"embeddable":true,"href":"https:\/\/www.llibreriasantjordi.cat\/es\/wp-json\/wp\/v2\/media\/1665"}],"wp:attachment":[{"href":"https:\/\/www.llibreriasantjordi.cat\/es\/wp-json\/wp\/v2\/media?parent=2008"}],"wp:term":[{"taxonomy":"product_brand","embeddable":true,"href":"https:\/\/www.llibreriasantjordi.cat\/es\/wp-json\/wp\/v2\/product_brand?post=2008"},{"taxonomy":"product_cat","embeddable":true,"href":"https:\/\/www.llibreriasantjordi.cat\/es\/wp-json\/wp\/v2\/product_cat?post=2008"},{"taxonomy":"product_tag","embeddable":true,"href":"https:\/\/www.llibreriasantjordi.cat\/es\/wp-json\/wp\/v2\/product_tag?post=2008"}],"curies":[{"name":"wp","href":"https:\/\/api.w.org\/{rel}","templated":true}]}}