{"id":2006,"date":"2025-03-26T16:35:43","date_gmt":"2025-03-26T14:35:43","guid":{"rendered":"https:\/\/www.llibreriasantjordi.cat\/?post_type=product&#038;p=2006"},"modified":"2025-05-14T16:00:03","modified_gmt":"2025-05-14T14:00:03","slug":"el-principi-dincertesa","status":"publish","type":"product","link":"https:\/\/www.llibreriasantjordi.cat\/es\/producte\/el-principi-dincertesa\/","title":{"rendered":"El principi d&#8217;incertesa"},"content":{"rendered":"<div class=\"wpb-content-wrapper\"><p>[vc_row css_animation=\u00bb\u00bb row_type=\u00bbrow\u00bb use_row_as_full_screen_section=\u00bbno\u00bb type=\u00bbfull_width\u00bb angled_section=\u00bbno\u00bb text_align=\u00bbleft\u00bb background_image_as_pattern=\u00bbwithout_pattern\u00bb][vc_column][vc_column_text css=\u00bb\u00bb]<strong>Editorial:<\/strong> Contraluz Editorial<br \/>\n<strong>ISBN:<\/strong> 9788419822529<br \/>\n<strong>Idioma:<\/strong> Catal\u00e1n<br \/>\n<strong>N\u00famero de p\u00e1ginas:<\/strong> 496<br \/>\n<strong>Encuadernaci\u00f3n:<\/strong> Tapa dura<br \/>\n<strong>Fecha de publicaci\u00f3n:<\/strong> 13\/02\/2025[\/vc_column_text][\/vc_column][\/vc_row]<\/p>\n<\/div>","protected":false},"excerpt":{"rendered":"<p>Un asesino en serie obsesionado con la f\u00edsica cu\u00e1ntica secuestra y mantiene a prisioneras a personas que viven en \u00absuperposici\u00f3n\u00bb, es decir, que llevan dos vidas al mismo tiempo. Tras la desaparici\u00f3n de una pintora desconocida que oculta la identidad de la grafitera m\u00e1s famosa del mundo, una pareja de polic\u00edas pedir\u00e1 ayuda a Berta Fern\u00e1ndez, una doctora en f\u00edsica cu\u00e1ntica cuya existencia no pasa por un momento f\u00e1cil. Juntos tratar\u00e1n de acercarse a Squark, como firma al criminal, mientras intentan descifrar sus cr\u00edpticos mensajes y las v\u00edctimas van cayendo en sus trampas, que se corresponden con grandes experimentos de la f\u00edsica. En el primero, Squark reproduce la paradoja del gato de Schr\u00f6dinger. Tal y como anuncia en las redes, la prisionera est\u00e1 viva y muerta a la vez, puesto que hasta que la polic\u00eda encuentre la caja donde est\u00e1 cerrada no se podr\u00e1 comprobar su estado. La cuenta atr\u00e1s no hizo m\u00e1s que empezar, mientras el inspector Estrada, la crimin\u00f3loga Nadia Mateo y la doctora Berta Fern\u00e1ndez intentan adelantarse a los movimientos de un juego mortal inspirado en el principio de incertidumbre de Heisenberg. Lo que los tres desconocen es que tambi\u00e9n ellos forman parte del macabro plano. <a class=\"continue\" href=\"https:\/\/www.llibreriasantjordi.cat\/es\/producte\/el-principi-dincertesa\/\">CONTINUAR >><span> El principi d&#8217;incertesa<\/span><\/a><\/p>\n","protected":false},"featured_media":1717,"template":"","meta":{"_joinchat":[]},"product_brand":[],"product_cat":[173,182],"product_tag":[218],"class_list":{"0":"post-2006","1":"product","2":"type-product","3":"status-publish","4":"has-post-thumbnail","6":"product_cat-catalan","7":"product_cat-ficcion","8":"product_tag-sonia-guillen-es","10":"first","11":"instock","12":"taxable","13":"shipping-taxable","14":"purchasable","15":"product-type-simple"},"_links":{"self":[{"href":"https:\/\/www.llibreriasantjordi.cat\/es\/wp-json\/wp\/v2\/product\/2006","targetHints":{"allow":["GET"]}}],"collection":[{"href":"https:\/\/www.llibreriasantjordi.cat\/es\/wp-json\/wp\/v2\/product"}],"about":[{"href":"https:\/\/www.llibreriasantjordi.cat\/es\/wp-json\/wp\/v2\/types\/product"}],"wp:featuredmedia":[{"embeddable":true,"href":"https:\/\/www.llibreriasantjordi.cat\/es\/wp-json\/wp\/v2\/media\/1717"}],"wp:attachment":[{"href":"https:\/\/www.llibreriasantjordi.cat\/es\/wp-json\/wp\/v2\/media?parent=2006"}],"wp:term":[{"taxonomy":"product_brand","embeddable":true,"href":"https:\/\/www.llibreriasantjordi.cat\/es\/wp-json\/wp\/v2\/product_brand?post=2006"},{"taxonomy":"product_cat","embeddable":true,"href":"https:\/\/www.llibreriasantjordi.cat\/es\/wp-json\/wp\/v2\/product_cat?post=2006"},{"taxonomy":"product_tag","embeddable":true,"href":"https:\/\/www.llibreriasantjordi.cat\/es\/wp-json\/wp\/v2\/product_tag?post=2006"}],"curies":[{"name":"wp","href":"https:\/\/api.w.org\/{rel}","templated":true}]}}