{"id":2005,"date":"2025-03-26T16:38:22","date_gmt":"2025-03-26T14:38:22","guid":{"rendered":"https:\/\/www.llibreriasantjordi.cat\/?post_type=product&#038;p=2005"},"modified":"2025-05-13T18:46:47","modified_gmt":"2025-05-13T16:46:47","slug":"oposicion","status":"publish","type":"product","link":"https:\/\/www.llibreriasantjordi.cat\/es\/producte\/oposicion\/","title":{"rendered":"Oposici\u00f3n"},"content":{"rendered":"<div class=\"wpb-content-wrapper\"><p>[vc_row css_animation=\u00bb\u00bb row_type=\u00bbrow\u00bb use_row_as_full_screen_section=\u00bbno\u00bb type=\u00bbfull_width\u00bb angled_section=\u00bbno\u00bb text_align=\u00bbleft\u00bb background_image_as_pattern=\u00bbwithout_pattern\u00bb][vc_column][vc_column_text css=\u00bb\u00bb]<strong>Editorial:<\/strong> Editorial Anagrama<br \/>\n<strong>ISBN:<\/strong> 9788433929686<br \/>\n<strong>Idioma:<\/strong> Castellano<br \/>\n<strong>N\u00famero de p\u00e1ginas:<\/strong> 232<br \/>\n<strong>Encuadernaci\u00f3n:<\/strong> Tapa blanda<br \/>\n<strong>Fecha de publicaci\u00f3n:<\/strong> 05\/03\/2025[\/vc_column_text][\/vc_column][\/vc_row]<\/p>\n<\/div>","protected":false},"excerpt":{"rendered":"<p>\u00bfQuitarse una oposici\u00f3n o hacer oposici\u00f3n a un futuro desalentador?<\/p>\n<p>&nbsp;<\/p>\n<p>La narradora estudia esta novela para afianzar su futuro profesional. Ha logrado un puesto de interina en una oficina administrativa, y afrontar una oposici\u00f3n parece ser el paso l\u00f3gico en su carrera.<\/p>\n<p>&nbsp;<\/p>\n<p>Sin embargo, otro tipo de oposici\u00f3n, la interna, basada en su observaci\u00f3n del d\u00eda a d\u00eda funcionarial, hace que no lo tenga nada claro. El edificio al que ha sido destinada, tan gigantesco como herm\u00e9tico, es un lugar de jerarqu\u00edas incomprensibles, que la expulsa a la vez que la absorbe. Como nadie le explica sus funciones, se ve forzada a improvisar, disimular por verg\u00fcenza y registrar su malestar con dibujos y poemas tan desplazados de la realidad como el propio trabajo. Los funcionarios que le rodean, cada uno con sus particularidades y sus conflictos, han desarrollado los tics y las man\u00edas propios de las rutinas laborales y la obediencia acr\u00edtica. Necesidad de vida \u00fatil, de pulso verdadero y de juego, la opositora tomar\u00e1 peque\u00f1as decisiones subversivas sin prever sus posibles consecuencias disciplinarias.<\/p>\n<p>&nbsp;<\/p>\n<p>A trav\u00e9s de una mirada curiosa, \u00e1vida y cada vez m\u00e1s desencantada, Oposici\u00f3n describe las trampas de los mecanismos burocr\u00e1ticos no s\u00f3lo para quienes los padecen, sino tambi\u00e9n para quienes los ponen en funcionamiento. La incisiva Sara Mesa, que conoci\u00f3 el mundo de la Administraci\u00f3n por dentro, aborda el relato de la burocracia contempor\u00e1nea desde la perspectiva de quien se ve atrapado en el tiempo muerto de las tareas in\u00fatiles, tratando el problema del tedio y la apat\u00eda en una narraci\u00f3n brillante, mordaz y de ritmo implacable. El protagonista, como una hero\u00edna azarosa e involuntaria, se enfrenta a lo peor y m\u00e1s inquietante de los absurdos: el de c\u00f3mo nos organizamos en sociedad. <a class=\"continue\" href=\"https:\/\/www.llibreriasantjordi.cat\/es\/producte\/oposicion\/\">CONTINUAR >><span> Oposici\u00f3n<\/span><\/a><\/p>\n","protected":false},"featured_media":1670,"template":"","meta":{"_joinchat":[]},"product_brand":[],"product_cat":[172,182,188],"product_tag":[216],"class_list":{"0":"post-2005","1":"product","2":"type-product","3":"status-publish","4":"has-post-thumbnail","6":"product_cat-castellano","7":"product_cat-ficcion","8":"product_cat-novedades","9":"product_tag-sara-mesa-es","11":"first","12":"instock","13":"taxable","14":"shipping-taxable","15":"purchasable","16":"product-type-simple"},"_links":{"self":[{"href":"https:\/\/www.llibreriasantjordi.cat\/es\/wp-json\/wp\/v2\/product\/2005","targetHints":{"allow":["GET"]}}],"collection":[{"href":"https:\/\/www.llibreriasantjordi.cat\/es\/wp-json\/wp\/v2\/product"}],"about":[{"href":"https:\/\/www.llibreriasantjordi.cat\/es\/wp-json\/wp\/v2\/types\/product"}],"wp:featuredmedia":[{"embeddable":true,"href":"https:\/\/www.llibreriasantjordi.cat\/es\/wp-json\/wp\/v2\/media\/1670"}],"wp:attachment":[{"href":"https:\/\/www.llibreriasantjordi.cat\/es\/wp-json\/wp\/v2\/media?parent=2005"}],"wp:term":[{"taxonomy":"product_brand","embeddable":true,"href":"https:\/\/www.llibreriasantjordi.cat\/es\/wp-json\/wp\/v2\/product_brand?post=2005"},{"taxonomy":"product_cat","embeddable":true,"href":"https:\/\/www.llibreriasantjordi.cat\/es\/wp-json\/wp\/v2\/product_cat?post=2005"},{"taxonomy":"product_tag","embeddable":true,"href":"https:\/\/www.llibreriasantjordi.cat\/es\/wp-json\/wp\/v2\/product_tag?post=2005"}],"curies":[{"name":"wp","href":"https:\/\/api.w.org\/{rel}","templated":true}]}}