{"id":2004,"date":"2025-03-26T16:41:42","date_gmt":"2025-03-26T14:41:42","guid":{"rendered":"https:\/\/www.llibreriasantjordi.cat\/?post_type=product&#038;p=2004"},"modified":"2025-05-13T18:44:48","modified_gmt":"2025-05-13T16:44:48","slug":"un-gat-negre-al-jardi","status":"publish","type":"product","link":"https:\/\/www.llibreriasantjordi.cat\/es\/producte\/un-gat-negre-al-jardi\/","title":{"rendered":"Un gat negre al jard\u00ed"},"content":{"rendered":"<div class=\"wpb-content-wrapper\"><p>[vc_row css_animation=\u00bb\u00bb row_type=\u00bbrow\u00bb use_row_as_full_screen_section=\u00bbno\u00bb type=\u00bbfull_width\u00bb angled_section=\u00bbno\u00bb text_align=\u00bbleft\u00bb background_image_as_pattern=\u00bbwithout_pattern\u00bb][vc_column][vc_column_text css=\u00bb\u00bb]<strong>Editorial:<\/strong> La otra Editorial<br \/>\n<strong>ISBN:<\/strong> 9791387672034<br \/>\n<strong>Idioma:<\/strong> Catal\u00e1n<br \/>\n<strong>N\u00famero de p\u00e1ginas:<\/strong> 128<br \/>\n<strong>Encuadernaci\u00f3n:<\/strong> Tapa blanda<br \/>\n<strong>Fecha de publicaci\u00f3n:<\/strong> 12\/03\/2025[\/vc_column_text][\/vc_column][\/vc_row]<\/p>\n<\/div>","protected":false},"excerpt":{"rendered":"<p>Unas cascadas en una fotograf\u00eda de familia, ansiol\u00edticos en el caj\u00f3n, una casa de arena y una basura, el mar, un alien\u00edgena y una virgen encontrada en el bosque, una tienda de primera l\u00ednea de playa, una bola de fuego en el pecho y unos personajes que se encienden de deseo y de rabia, se defienden, buscan refugio, buscan refugio llevar, estrangulan gritos y r\u00eden fuera de lugar. Los cuentos de Un gato negro en el jard\u00edn est\u00e1n escritos con delicadeza, una lengua poderosa y una mirada sobria, y comparten im\u00e1genes y atm\u00f3sferas, y protagonistas que se esfuerzan hasta lo absurdo por adaptarse a su realidad y por entender los mecanismos de las relaciones con los dem\u00e1s. El jurado destac\u00f3 \u00abel estilo depurado, que fluye perfectamente bien, la lengua exprimida y expresiva, la voluntad de decir sin ense\u00f1arlo todo, y la melancol\u00eda que impregna todos los cuentos de unos personajes femeninos que est\u00e1n acabando la juventud y todav\u00eda no han encontrado su lugar en el mundo, que aman a s\u00ed mismo, como aman a hombres, adentro\u00bb. <a class=\"continue\" href=\"https:\/\/www.llibreriasantjordi.cat\/es\/producte\/un-gat-negre-al-jardi\/\">CONTINUAR >><span> Un gat negre al jard\u00ed<\/span><\/a><\/p>\n","protected":false},"featured_media":1660,"template":"","meta":{"_joinchat":[]},"product_brand":[],"product_cat":[173,182,188],"product_tag":[215],"class_list":{"0":"post-2004","1":"product","2":"type-product","3":"status-publish","4":"has-post-thumbnail","6":"product_cat-catalan","7":"product_cat-ficcion","8":"product_cat-novedades","9":"product_tag-irene-zurron-es","11":"first","12":"instock","13":"taxable","14":"shipping-taxable","15":"purchasable","16":"product-type-simple"},"_links":{"self":[{"href":"https:\/\/www.llibreriasantjordi.cat\/es\/wp-json\/wp\/v2\/product\/2004","targetHints":{"allow":["GET"]}}],"collection":[{"href":"https:\/\/www.llibreriasantjordi.cat\/es\/wp-json\/wp\/v2\/product"}],"about":[{"href":"https:\/\/www.llibreriasantjordi.cat\/es\/wp-json\/wp\/v2\/types\/product"}],"wp:featuredmedia":[{"embeddable":true,"href":"https:\/\/www.llibreriasantjordi.cat\/es\/wp-json\/wp\/v2\/media\/1660"}],"wp:attachment":[{"href":"https:\/\/www.llibreriasantjordi.cat\/es\/wp-json\/wp\/v2\/media?parent=2004"}],"wp:term":[{"taxonomy":"product_brand","embeddable":true,"href":"https:\/\/www.llibreriasantjordi.cat\/es\/wp-json\/wp\/v2\/product_brand?post=2004"},{"taxonomy":"product_cat","embeddable":true,"href":"https:\/\/www.llibreriasantjordi.cat\/es\/wp-json\/wp\/v2\/product_cat?post=2004"},{"taxonomy":"product_tag","embeddable":true,"href":"https:\/\/www.llibreriasantjordi.cat\/es\/wp-json\/wp\/v2\/product_tag?post=2004"}],"curies":[{"name":"wp","href":"https:\/\/api.w.org\/{rel}","templated":true}]}}