{"id":2003,"date":"2025-03-26T16:44:22","date_gmt":"2025-03-26T14:44:22","guid":{"rendered":"https:\/\/www.llibreriasantjordi.cat\/?post_type=product&#038;p=2003"},"modified":"2025-05-14T15:59:47","modified_gmt":"2025-05-14T13:59:47","slug":"els-crits","status":"publish","type":"product","link":"https:\/\/www.llibreriasantjordi.cat\/es\/producte\/els-crits\/","title":{"rendered":"Els crits"},"content":{"rendered":"<div class=\"wpb-content-wrapper\"><p>[vc_row css_animation=\u00bb\u00bb row_type=\u00bbrow\u00bb use_row_as_full_screen_section=\u00bbno\u00bb type=\u00bbfull_width\u00bb angled_section=\u00bbno\u00bb text_align=\u00bbleft\u00bb background_image_as_pattern=\u00bbwithout_pattern\u00bb][vc_column][vc_column_text css=\u00bb\u00bb]<strong>Editorial:<\/strong> La otra Editorial<br \/>\n<strong>ISBN:<\/strong> 9791387672010<br \/>\n<strong>Idioma:<\/strong> Catal\u00e1n<br \/>\n<strong>N\u00famero de p\u00e1ginas:<\/strong> 128<br \/>\n<strong>Encuadernaci\u00f3n:<\/strong> Tapa blanda<br \/>\n<strong>Fecha de publicaci\u00f3n:<\/strong> 12\/03\/2025[\/vc_column_text][\/vc_column][\/vc_row]<\/p>\n<\/div>","protected":false},"excerpt":{"rendered":"<p>Durante un tiempo, Eloi, Mil\u00e1n y Coco fueron gigantes: tres estrellas desorbitadas hambrientas de rabia que habitaban el prime time nocturno de la telebasura. Bramaban cada noche destrozando a personajes de baja estofa a cambio de dos millones y medio de pesetas. Ahora, toda una vida despu\u00e9s de esos a\u00f1os de gloria, estos mercenarios ca\u00eddos en desgracia se reencuentran por un \u00faltimo encargo: deshacerse del cad\u00e1ver de la ni\u00f1a tomate. Los gritos es una novela adictiva y vertiginosa que retrata el ocaso de un mundo que ha dejado de existir, y la decadencia de unos personajes hijos de una \u00e9poca en la que la cuota de pantalla se ganaba a golpe de esc\u00e1ndalos y barbaridades. Con un estilo juguet\u00f3n, personal\u00edsimo y sin frenos, V\u00edctor Recort retuerce algunos g\u00e9neros period\u00edsticos, como la columna de opini\u00f3n y la cr\u00f3nica de sucesos, en esta obra delirante y singular.<\/p>\n<p>&nbsp;<\/p>\n<p>El jurado del premio Documenta destac\u00f3 \u00abla lucidez impregnada de pesar, el retrato de la decadencia de un tipo de masculinidad y de una manera de entender el entretenimiento, el sentido del humor roto y que a la vez desprende cierta tristeza, y el ritmo agil\u00edsimo de la trama\u00bb. <a class=\"continue\" href=\"https:\/\/www.llibreriasantjordi.cat\/es\/producte\/els-crits\/\">CONTINUAR >><span> Els crits<\/span><\/a><\/p>\n","protected":false},"featured_media":1716,"template":"","meta":{"_joinchat":[]},"product_brand":[],"product_cat":[173,182,185,188],"product_tag":[214],"class_list":{"0":"post-2003","1":"product","2":"type-product","3":"status-publish","4":"has-post-thumbnail","6":"product_cat-catalan","7":"product_cat-ficcion","8":"product_cat-libros-premiados","9":"product_cat-novedades","10":"product_tag-victor-recort-es","12":"first","13":"instock","14":"taxable","15":"shipping-taxable","16":"purchasable","17":"product-type-simple"},"_links":{"self":[{"href":"https:\/\/www.llibreriasantjordi.cat\/es\/wp-json\/wp\/v2\/product\/2003","targetHints":{"allow":["GET"]}}],"collection":[{"href":"https:\/\/www.llibreriasantjordi.cat\/es\/wp-json\/wp\/v2\/product"}],"about":[{"href":"https:\/\/www.llibreriasantjordi.cat\/es\/wp-json\/wp\/v2\/types\/product"}],"wp:featuredmedia":[{"embeddable":true,"href":"https:\/\/www.llibreriasantjordi.cat\/es\/wp-json\/wp\/v2\/media\/1716"}],"wp:attachment":[{"href":"https:\/\/www.llibreriasantjordi.cat\/es\/wp-json\/wp\/v2\/media?parent=2003"}],"wp:term":[{"taxonomy":"product_brand","embeddable":true,"href":"https:\/\/www.llibreriasantjordi.cat\/es\/wp-json\/wp\/v2\/product_brand?post=2003"},{"taxonomy":"product_cat","embeddable":true,"href":"https:\/\/www.llibreriasantjordi.cat\/es\/wp-json\/wp\/v2\/product_cat?post=2003"},{"taxonomy":"product_tag","embeddable":true,"href":"https:\/\/www.llibreriasantjordi.cat\/es\/wp-json\/wp\/v2\/product_tag?post=2003"}],"curies":[{"name":"wp","href":"https:\/\/api.w.org\/{rel}","templated":true}]}}