{"id":2002,"date":"2025-03-26T16:48:56","date_gmt":"2025-03-26T14:48:56","guid":{"rendered":"https:\/\/www.llibreriasantjordi.cat\/?post_type=product&#038;p=2002"},"modified":"2025-05-13T18:43:32","modified_gmt":"2025-05-13T16:43:32","slug":"el-llibre-de-les-germanes","status":"publish","type":"product","link":"https:\/\/www.llibreriasantjordi.cat\/es\/producte\/el-llibre-de-les-germanes\/","title":{"rendered":"El llibre de les germanes"},"content":{"rendered":"<div class=\"wpb-content-wrapper\"><p>[vc_row css_animation=\u00bb\u00bb row_type=\u00bbrow\u00bb use_row_as_full_screen_section=\u00bbno\u00bb type=\u00bbfull_width\u00bb angled_section=\u00bbno\u00bb text_align=\u00bbleft\u00bb background_image_as_pattern=\u00bbwithout_pattern\u00bb][vc_column][vc_column_text css=\u00bb\u00bb]<strong>Editorial:<\/strong> Editorial Anagrama<br \/>\n<strong>ISBN:<\/strong> 9788433929358<br \/>\n<strong>Idioma:<\/strong> Catal\u00e1n<br \/>\n<strong>N\u00famero de p\u00e1ginas:<\/strong> 176<br \/>\n<strong>Encuadernaci\u00f3n:<\/strong> Tapa blanda<br \/>\n<strong>Fecha de publicaci\u00f3n:<\/strong> 05\/02\/2025[\/vc_column_text][\/vc_column][\/vc_row]<\/p>\n<\/div>","protected":false},"excerpt":{"rendered":"<p>Una exploraci\u00f3n de la devastadora indiferencia parental y una oda en el poder del amor fraternal.<\/p>\n<p>&nbsp;<\/p>\n<p>A\u00a0<em>El libro de las hermanas<\/em>, Amelie Nothomb nos sumerge en un relato sobre los abismos del cari\u00f1o, el poder devastador de las palabras y la complejidad de las relaciones familiares. Tristane, hija de unos padres atrapados en una burbuja de pasi\u00f3n mutua donde ella no tiene cabida, lleva una vida vac\u00eda de amor. Su existencia s\u00f3lo se ilumina cuando su hermana peque\u00f1a, Laetitia, llega al mundo. A trav\u00e9s de su relaci\u00f3n, la autora construye una sinfon\u00eda \u00edntima y dolorosa que transforma el d\u00eda a d\u00eda en un escenario en el que amistad y rivalidad conviven con una vehemencia sorprendente.<\/p>\n<p>&nbsp;<\/p>\n<p>Un relato profundamente humano y, a su modo, muy cruel, que es a la vez una cr\u00f3nica de los gestos invisibles, las miradas no correspondidas y las emociones sin nombre. Nothomb nos regala una meditaci\u00f3n sobre la vida, el amor, y la imposibilidad de unos lazos que no se entienden, pero que, al fin y al cabo, definen nuestro destino. <a class=\"continue\" href=\"https:\/\/www.llibreriasantjordi.cat\/es\/producte\/el-llibre-de-les-germanes\/\">CONTINUAR >><span> El llibre de les germanes<\/span><\/a><\/p>\n","protected":false},"featured_media":1722,"template":"","meta":{"_joinchat":[]},"product_brand":[],"product_cat":[173,182,188],"product_tag":[213],"class_list":{"0":"post-2002","1":"product","2":"type-product","3":"status-publish","4":"has-post-thumbnail","6":"product_cat-catalan","7":"product_cat-ficcion","8":"product_cat-novedades","9":"product_tag-amelie-nothomb-es","11":"first","12":"instock","13":"taxable","14":"shipping-taxable","15":"purchasable","16":"product-type-simple"},"_links":{"self":[{"href":"https:\/\/www.llibreriasantjordi.cat\/es\/wp-json\/wp\/v2\/product\/2002","targetHints":{"allow":["GET"]}}],"collection":[{"href":"https:\/\/www.llibreriasantjordi.cat\/es\/wp-json\/wp\/v2\/product"}],"about":[{"href":"https:\/\/www.llibreriasantjordi.cat\/es\/wp-json\/wp\/v2\/types\/product"}],"wp:featuredmedia":[{"embeddable":true,"href":"https:\/\/www.llibreriasantjordi.cat\/es\/wp-json\/wp\/v2\/media\/1722"}],"wp:attachment":[{"href":"https:\/\/www.llibreriasantjordi.cat\/es\/wp-json\/wp\/v2\/media?parent=2002"}],"wp:term":[{"taxonomy":"product_brand","embeddable":true,"href":"https:\/\/www.llibreriasantjordi.cat\/es\/wp-json\/wp\/v2\/product_brand?post=2002"},{"taxonomy":"product_cat","embeddable":true,"href":"https:\/\/www.llibreriasantjordi.cat\/es\/wp-json\/wp\/v2\/product_cat?post=2002"},{"taxonomy":"product_tag","embeddable":true,"href":"https:\/\/www.llibreriasantjordi.cat\/es\/wp-json\/wp\/v2\/product_tag?post=2002"}],"curies":[{"name":"wp","href":"https:\/\/api.w.org\/{rel}","templated":true}]}}