{"id":2001,"date":"2025-03-26T16:52:23","date_gmt":"2025-03-26T14:52:23","guid":{"rendered":"https:\/\/www.llibreriasantjordi.cat\/?post_type=product&#038;p=2001"},"modified":"2025-05-13T18:40:24","modified_gmt":"2025-05-13T16:40:24","slug":"diagonal-manhattan","status":"publish","type":"product","link":"https:\/\/www.llibreriasantjordi.cat\/es\/producte\/diagonal-manhattan\/","title":{"rendered":"Diagonal Manhattan"},"content":{"rendered":"<div class=\"wpb-content-wrapper\"><p>[vc_row css_animation=\u00bb\u00bb row_type=\u00bbrow\u00bb use_row_as_full_screen_section=\u00bbno\u00bb type=\u00bbfull_width\u00bb angled_section=\u00bbno\u00bb text_align=\u00bbleft\u00bb background_image_as_pattern=\u00bbwithout_pattern\u00bb][vc_column][vc_column_text css=\u00bb\u00bb]<strong>Editorial:<\/strong> Columna<br \/>\n<strong>ISBN:<\/strong> 9788466433402<br \/>\n<strong>Idioma:<\/strong> Catal\u00e1n<br \/>\n<strong>N\u00famero de p\u00e1ginas:<\/strong> 584<br \/>\n<strong>Encuadernaci\u00f3n:<\/strong> Tapa dura<br \/>\n<strong>Fecha de publicaci\u00f3n:<\/strong> 12\/03\/2025[\/vc_column_text][\/vc_column][\/vc_row]<\/p>\n<\/div>","protected":false},"excerpt":{"rendered":"<p>Edda Leveroni recibe un regalo singular el d\u00eda que hace veintiuno: una estancia de un a\u00f1o en la agencia de publicidad de la Bianca B. Miller en Nueva York. en qu\u00e9 mundo est\u00e1 a punto de adentrarse.<\/p>\n<p>&nbsp;<\/p>\n<p>En Barcelona, \u200b\u200bBrauli Leveroni ha sabido convertir una peque\u00f1a agencia en Diagonal-Tuset en una de las m\u00e1s exitosas de una ciudad efervescente. El padre de Edda es admirado y envidiado por sus campa\u00f1as publicitarias. tiempo de preguntarse por la felicidad.<\/p>\n<p>&nbsp;<\/p>\n<p>En esta novela plet\u00f3rica, Xavier Bosch muestra de nuevo su habilidad narrativa. Nos seduce con unos personajes de los que siempre queremos saber m\u00e1s, nos disecciona el rostro oculto del marketing m\u00e1s descarnado y nos mantiene atrapados en una historia que nos lleva m\u00e1s lejos de lo que imagin\u00e1bamos.<\/p>\n<p>&nbsp;<\/p>\n<p><i>Diagonal Manhattan<\/i>\u00a0es una invitaci\u00f3n a las segundas oportunidades y una apuesta radical por la libertad. <a class=\"continue\" href=\"https:\/\/www.llibreriasantjordi.cat\/es\/producte\/diagonal-manhattan\/\">CONTINUAR >><span> Diagonal Manhattan<\/span><\/a><\/p>\n","protected":false},"featured_media":1729,"template":"","meta":{"_joinchat":[]},"product_brand":[],"product_cat":[173,182,188],"product_tag":[212],"class_list":{"0":"post-2001","1":"product","2":"type-product","3":"status-publish","4":"has-post-thumbnail","6":"product_cat-catalan","7":"product_cat-ficcion","8":"product_cat-novedades","9":"product_tag-xavier-bosch-es","11":"first","12":"instock","13":"taxable","14":"shipping-taxable","15":"purchasable","16":"product-type-simple"},"_links":{"self":[{"href":"https:\/\/www.llibreriasantjordi.cat\/es\/wp-json\/wp\/v2\/product\/2001","targetHints":{"allow":["GET"]}}],"collection":[{"href":"https:\/\/www.llibreriasantjordi.cat\/es\/wp-json\/wp\/v2\/product"}],"about":[{"href":"https:\/\/www.llibreriasantjordi.cat\/es\/wp-json\/wp\/v2\/types\/product"}],"wp:featuredmedia":[{"embeddable":true,"href":"https:\/\/www.llibreriasantjordi.cat\/es\/wp-json\/wp\/v2\/media\/1729"}],"wp:attachment":[{"href":"https:\/\/www.llibreriasantjordi.cat\/es\/wp-json\/wp\/v2\/media?parent=2001"}],"wp:term":[{"taxonomy":"product_brand","embeddable":true,"href":"https:\/\/www.llibreriasantjordi.cat\/es\/wp-json\/wp\/v2\/product_brand?post=2001"},{"taxonomy":"product_cat","embeddable":true,"href":"https:\/\/www.llibreriasantjordi.cat\/es\/wp-json\/wp\/v2\/product_cat?post=2001"},{"taxonomy":"product_tag","embeddable":true,"href":"https:\/\/www.llibreriasantjordi.cat\/es\/wp-json\/wp\/v2\/product_tag?post=2001"}],"curies":[{"name":"wp","href":"https:\/\/api.w.org\/{rel}","templated":true}]}}