{"id":2000,"date":"2025-03-26T16:57:52","date_gmt":"2025-03-26T14:57:52","guid":{"rendered":"https:\/\/www.llibreriasantjordi.cat\/?post_type=product&#038;p=2000"},"modified":"2025-05-14T15:59:33","modified_gmt":"2025-05-14T13:59:33","slug":"la-nevera-mig-plena","status":"publish","type":"product","link":"https:\/\/www.llibreriasantjordi.cat\/es\/producte\/la-nevera-mig-plena\/","title":{"rendered":"La nevera mig plena"},"content":{"rendered":"<div class=\"wpb-content-wrapper\"><p>[vc_row css_animation=\u00bb\u00bb row_type=\u00bbrow\u00bb use_row_as_full_screen_section=\u00bbno\u00bb type=\u00bbfull_width\u00bb angled_section=\u00bbno\u00bb text_align=\u00bbleft\u00bb background_image_as_pattern=\u00bbwithout_pattern\u00bb][vc_column][vc_column_text css=\u00bb\u00bb]<strong>Editorial:<\/strong> Planeta Gastro<br \/>\n<strong>ISBN:<\/strong> 9788408297970<br \/>\n<strong>Idioma:<\/strong> Catal\u00e1n<br \/>\n<strong>N\u00famero de p\u00e1ginas:<\/strong> 224<br \/>\n<strong>Encuadernaci\u00f3n:<\/strong> Tapa blanda<br \/>\n<strong>Fecha de publicaci\u00f3n:<\/strong> 05\/03\/2025[\/vc_column_text][\/vc_column][\/vc_row]<\/p>\n<\/div>","protected":false},"excerpt":{"rendered":"<p>Ideas geniales, sencillas, r\u00e1pidas y econ\u00f3micas para cocinar con lo poco que tengamos en la nevera, que por vac\u00eda que parezca, \u00bfseguro que est\u00e1 medio llena?<\/p>\n<p>&nbsp;<\/p>\n<p>\u00bfAlguna vez has cocinado un pollo entero y te ha sobrado la mitad? \u00bfHas organizado una fiesta en casa y te han sobrado patatas fritas? O tal vez te han dejado plantado y \u00bfd\u00f3nde iban a cenar dos, ahora cena uno s\u00f3lo? A veces es dif\u00edcil calcular las medidas exactas y acabamos desperdiciando comida que podr\u00eda haber sido perfectamente aprovechada. De hecho, de media un tercio de los alimentos que se cocinan todos los d\u00edas en el mundo termina en la basura. Y es que de la nevera, como el vaso, medio llena, siempre se pueden aprovechar las sobras o lo que aparentemente no tiene demasiado recorrido como posible plato. Ya no. Jordi Roca, junto a sus sobrinos Marc y Mart\u00ed Roca son los autores y protagonistas de esta obra de geniales, f\u00e1ciles y divertidas recetas de aprovechamiento. Platos extraordinariamente creativos y sencillos con ingredientes asombrosos como la tortilla de ganchitos cocinada con huevo y este festivo snack; o los bikinis con sobres de pollo en un delicioso s\u00e1ndwich; o el hummus con garbanzos de un tupper interminable, en el que estas legumbres se convierten en una incre\u00edble crema para untar; o la pizza Mex, elaborada con los nachos sobrantes de una fiesta de pijamas? Con La cocina medio plena descubrir\u00e1s con Jordi, Marc y Mart\u00ed una nueva forma de cocinar, pero, sobre todo, de aprovechar y disfrutar? \u00bfTe unes a la fiesta? <a class=\"continue\" href=\"https:\/\/www.llibreriasantjordi.cat\/es\/producte\/la-nevera-mig-plena\/\">CONTINUAR >><span> La nevera mig plena<\/span><\/a><\/p>\n","protected":false},"featured_media":979,"template":"","meta":{"_joinchat":[]},"product_brand":[],"product_cat":[173,175,188],"product_tag":[211],"class_list":{"0":"post-2000","1":"product","2":"type-product","3":"status-publish","4":"has-post-thumbnail","6":"product_cat-catalan","7":"product_cat-cocina-y-vida-saludable","8":"product_cat-novedades","9":"product_tag-jordi-roca-es","11":"first","12":"instock","13":"taxable","14":"shipping-taxable","15":"purchasable","16":"product-type-simple"},"_links":{"self":[{"href":"https:\/\/www.llibreriasantjordi.cat\/es\/wp-json\/wp\/v2\/product\/2000","targetHints":{"allow":["GET"]}}],"collection":[{"href":"https:\/\/www.llibreriasantjordi.cat\/es\/wp-json\/wp\/v2\/product"}],"about":[{"href":"https:\/\/www.llibreriasantjordi.cat\/es\/wp-json\/wp\/v2\/types\/product"}],"wp:featuredmedia":[{"embeddable":true,"href":"https:\/\/www.llibreriasantjordi.cat\/es\/wp-json\/wp\/v2\/media\/979"}],"wp:attachment":[{"href":"https:\/\/www.llibreriasantjordi.cat\/es\/wp-json\/wp\/v2\/media?parent=2000"}],"wp:term":[{"taxonomy":"product_brand","embeddable":true,"href":"https:\/\/www.llibreriasantjordi.cat\/es\/wp-json\/wp\/v2\/product_brand?post=2000"},{"taxonomy":"product_cat","embeddable":true,"href":"https:\/\/www.llibreriasantjordi.cat\/es\/wp-json\/wp\/v2\/product_cat?post=2000"},{"taxonomy":"product_tag","embeddable":true,"href":"https:\/\/www.llibreriasantjordi.cat\/es\/wp-json\/wp\/v2\/product_tag?post=2000"}],"curies":[{"name":"wp","href":"https:\/\/api.w.org\/{rel}","templated":true}]}}