{"id":1998,"date":"2025-04-07T11:17:16","date_gmt":"2025-04-07T09:17:16","guid":{"rendered":"https:\/\/www.llibreriasantjordi.cat\/?post_type=product&#038;p=1998"},"modified":"2025-05-13T18:38:03","modified_gmt":"2025-05-13T16:38:03","slug":"invisible","status":"publish","type":"product","link":"https:\/\/www.llibreriasantjordi.cat\/es\/producte\/invisible\/","title":{"rendered":"Invisible"},"content":{"rendered":"<div class=\"wpb-content-wrapper\"><p>[vc_row css_animation=\u00bb\u00bb row_type=\u00bbrow\u00bb use_row_as_full_screen_section=\u00bbno\u00bb type=\u00bbfull_width\u00bb angled_section=\u00bbno\u00bb text_align=\u00bbleft\u00bb background_image_as_pattern=\u00bbwithout_pattern\u00bb][vc_column][vc_column_text css=\u00bb\u00bb]<strong>Editorial:<\/strong> Nube de Tinta<br \/>\n<strong>ISBN:<\/strong> 9788416588435<br \/>\n<strong>Idioma:<\/strong> Catal\u00e1n<br \/>\n<strong>N\u00famero de p\u00e1ginas:<\/strong> 304<br \/>\n<strong>Encuadernaci\u00f3n:<\/strong> Tapa blanda<br \/>\n<strong>Fecha de publicaci\u00f3n:<\/strong> 01\/02\/2018[\/vc_column_text][\/vc_column][\/vc_row]<\/p>\n<\/div>","protected":false},"excerpt":{"rendered":"<p>Emotiva, commovedora, diferent&#8230; Invisible narra a trav\u00e9s dels ulls d&#8217;un nen una hist\u00f2ria que podria ser la de qualsevol de nosaltres.<\/p>\n<p>&nbsp;<\/p>\n<p>Qui no ha volgut mai ser invisible?<\/p>\n<p>&nbsp;<\/p>\n<p>Qui no ha desitjat mai deixar de ser-ho?<\/p>\n<p>&nbsp;<\/p>\n<p>El problema \u00e9s que mai he arribat a controlar b\u00e9 aquest poder:<\/p>\n<p>&nbsp;<\/p>\n<p>De vegades, quan m\u00e9s ganes tenia de ser invisible, era quan m\u00e9s gent em veia, i en canvi, quan desitjava que tothom em vei\u00e9s, era quan al meu cos li donava per desapar\u00e8ixer. <a class=\"continue\" href=\"https:\/\/www.llibreriasantjordi.cat\/es\/producte\/invisible\/\">CONTINUAR >><span> Invisible<\/span><\/a><\/p>\n","protected":false},"featured_media":1281,"template":"","meta":{"_joinchat":[]},"product_brand":[],"product_cat":[173,184],"product_tag":[210],"class_list":{"0":"post-1998","1":"product","2":"type-product","3":"status-publish","4":"has-post-thumbnail","6":"product_cat-catalan","7":"product_cat-juvenil-es","8":"product_tag-eloy-moreno-es","10":"first","11":"instock","12":"taxable","13":"shipping-taxable","14":"purchasable","15":"product-type-simple"},"_links":{"self":[{"href":"https:\/\/www.llibreriasantjordi.cat\/es\/wp-json\/wp\/v2\/product\/1998","targetHints":{"allow":["GET"]}}],"collection":[{"href":"https:\/\/www.llibreriasantjordi.cat\/es\/wp-json\/wp\/v2\/product"}],"about":[{"href":"https:\/\/www.llibreriasantjordi.cat\/es\/wp-json\/wp\/v2\/types\/product"}],"wp:featuredmedia":[{"embeddable":true,"href":"https:\/\/www.llibreriasantjordi.cat\/es\/wp-json\/wp\/v2\/media\/1281"}],"wp:attachment":[{"href":"https:\/\/www.llibreriasantjordi.cat\/es\/wp-json\/wp\/v2\/media?parent=1998"}],"wp:term":[{"taxonomy":"product_brand","embeddable":true,"href":"https:\/\/www.llibreriasantjordi.cat\/es\/wp-json\/wp\/v2\/product_brand?post=1998"},{"taxonomy":"product_cat","embeddable":true,"href":"https:\/\/www.llibreriasantjordi.cat\/es\/wp-json\/wp\/v2\/product_cat?post=1998"},{"taxonomy":"product_tag","embeddable":true,"href":"https:\/\/www.llibreriasantjordi.cat\/es\/wp-json\/wp\/v2\/product_tag?post=1998"}],"curies":[{"name":"wp","href":"https:\/\/api.w.org\/{rel}","templated":true}]}}