{"id":1995,"date":"2025-04-07T11:31:08","date_gmt":"2025-04-07T09:31:08","guid":{"rendered":"https:\/\/www.llibreriasantjordi.cat\/?post_type=product&#038;p=1995"},"modified":"2025-05-14T15:59:11","modified_gmt":"2025-05-14T13:59:11","slug":"eteri-enamorat-dallo-desconegut","status":"publish","type":"product","link":"https:\/\/www.llibreriasantjordi.cat\/es\/producte\/eteri-enamorat-dallo-desconegut\/","title":{"rendered":"Eteri &#8211; Enamora&#8217;t d&#8217;all\u00f2 desconegut"},"content":{"rendered":"<div class=\"wpb-content-wrapper\"><p>[vc_row css_animation=\u00bb\u00bb row_type=\u00bbrow\u00bb use_row_as_full_screen_section=\u00bbno\u00bb type=\u00bbfull_width\u00bb angled_section=\u00bbno\u00bb text_align=\u00bbleft\u00bb background_image_as_pattern=\u00bbwithout_pattern\u00bb][vc_column][vc_column_text css=\u00bb\u00bb]<strong>Editorial:<\/strong> Montena<br \/>\n<strong>ISBN:<\/strong> 9788419501189<br \/>\n<strong>Idioma:<\/strong> Catal\u00e1n<br \/>\n<strong>N\u00famero de p\u00e1ginas:<\/strong> 528<br \/>\n<strong>Encuadernaci\u00f3n:<\/strong> Tapa blanda<br \/>\n<strong>Fecha de publicaci\u00f3n:<\/strong> 24\/10\/2024[\/vc_column_text][\/vc_column][\/vc_row]<\/p>\n<\/div>","protected":false},"excerpt":{"rendered":"<p>ADVERTENCIA: este libro incluye contenido sexual expl\u00edcito, consumo de drogas y escenas violentas.<\/p>\n<p>&nbsp;<\/p>\n<p>Caleb no es un chico corriente. Ha tenido una vida complicada, quiz\u00e1 por las habilidades especiales que le convierten, a su juicio, en un monstruo. El destino ha querido que termines trabajando para gente de moral dudosa, haciendo cosas que le han manchado tanto las manos como el alma.<\/p>\n<p>&nbsp;<\/p>\n<p>Entonces, una de sus misiones se complica y le asignan vigilar a Victoria, una humana tan normal como cualquier otra, con un trabajo rutinario, un apartamento peque\u00f1o y un gato extra\u00f1o.<\/p>\n<p>&nbsp;<\/p>\n<p>Deber\u00eda ser el trabajo m\u00e1s f\u00e1cil del mundo, pero Caleb se ve forzado a elegir entre el mundo que conoce y la \u00fanica persona que nunca le ha importado.<\/p>\n<p>&nbsp;<\/p>\n<p>Y t\u00fa, \u00bfser\u00edas capaz de enamorarte de alguien que no conoce el significado del amor? <a class=\"continue\" href=\"https:\/\/www.llibreriasantjordi.cat\/es\/producte\/eteri-enamorat-dallo-desconegut\/\">CONTINUAR >><span> Eteri &#8211; Enamora&#8217;t d&#8217;all\u00f2 desconegut<\/span><\/a><\/p>\n","protected":false},"featured_media":1275,"template":"","meta":{"_joinchat":[]},"product_brand":[],"product_cat":[173,184],"product_tag":[208],"class_list":{"0":"post-1995","1":"product","2":"type-product","3":"status-publish","4":"has-post-thumbnail","6":"product_cat-catalan","7":"product_cat-juvenil-es","8":"product_tag-joana-marcus-es","10":"first","11":"instock","12":"taxable","13":"shipping-taxable","14":"purchasable","15":"product-type-simple"},"_links":{"self":[{"href":"https:\/\/www.llibreriasantjordi.cat\/es\/wp-json\/wp\/v2\/product\/1995","targetHints":{"allow":["GET"]}}],"collection":[{"href":"https:\/\/www.llibreriasantjordi.cat\/es\/wp-json\/wp\/v2\/product"}],"about":[{"href":"https:\/\/www.llibreriasantjordi.cat\/es\/wp-json\/wp\/v2\/types\/product"}],"wp:featuredmedia":[{"embeddable":true,"href":"https:\/\/www.llibreriasantjordi.cat\/es\/wp-json\/wp\/v2\/media\/1275"}],"wp:attachment":[{"href":"https:\/\/www.llibreriasantjordi.cat\/es\/wp-json\/wp\/v2\/media?parent=1995"}],"wp:term":[{"taxonomy":"product_brand","embeddable":true,"href":"https:\/\/www.llibreriasantjordi.cat\/es\/wp-json\/wp\/v2\/product_brand?post=1995"},{"taxonomy":"product_cat","embeddable":true,"href":"https:\/\/www.llibreriasantjordi.cat\/es\/wp-json\/wp\/v2\/product_cat?post=1995"},{"taxonomy":"product_tag","embeddable":true,"href":"https:\/\/www.llibreriasantjordi.cat\/es\/wp-json\/wp\/v2\/product_tag?post=1995"}],"curies":[{"name":"wp","href":"https:\/\/api.w.org\/{rel}","templated":true}]}}