{"id":1994,"date":"2025-04-07T11:33:45","date_gmt":"2025-04-07T09:33:45","guid":{"rendered":"https:\/\/www.llibreriasantjordi.cat\/?post_type=product&#038;p=1994"},"modified":"2025-05-13T18:33:27","modified_gmt":"2025-05-13T16:33:27","slug":"entre-nosaltres","status":"publish","type":"product","link":"https:\/\/www.llibreriasantjordi.cat\/es\/producte\/entre-nosaltres\/","title":{"rendered":"Entre nosaltres"},"content":{"rendered":"<div class=\"wpb-content-wrapper\"><p>[vc_row css_animation=\u00bb\u00bb row_type=\u00bbrow\u00bb use_row_as_full_screen_section=\u00bbno\u00bb type=\u00bbfull_width\u00bb angled_section=\u00bbno\u00bb text_align=\u00bbleft\u00bb background_image_as_pattern=\u00bbwithout_pattern\u00bb][vc_column][vc_column_text css=\u00bb\u00bb]<strong>Editorial:<\/strong> Libros del Delito<br \/>\n<strong>ISBN:<\/strong> 9788412062588<br \/>\n<strong>Idioma:<\/strong> Catal\u00e1n<br \/>\n<strong>N\u00famero de p\u00e1ginas:<\/strong> 227<br \/>\n<strong>Encuadernaci\u00f3n:<\/strong> Tapa blanda<br \/>\n<strong>Fecha de publicaci\u00f3n:<\/strong> 31\/08\/2020[\/vc_column_text][\/vc_column][\/vc_row]<\/p>\n<\/div>","protected":false},"excerpt":{"rendered":"<p>Con s\u00f3lo 16 a\u00f1os, Aina Huix debuta con una novela juvenil de misterio que emana pasi\u00f3n por la vida y las relaciones humanas durante la adolescencia.<\/p>\n<p>&nbsp;<\/p>\n<p>El primer d\u00eda de instituto todo son nervios ante el inicio de un nuevo curso, los reencuentros y las sorpresas que todo el mundo espera encontrar. Pero nada es tan inesperado como el asesinato de uno de los alumnos y la presencia de una enigm\u00e1tica moza de escuadra para investigar el caso. Entre los alumnos del instituto se encuentra el asesino, pero la vida de estos adolescentes no se detiene mientras en el instituto se desarrolla una investigaci\u00f3n que destapar\u00e1 secretos y problemas silenciados. Realidades escondidas que condicionan las relaciones personales de unos j\u00f3venes que luchan por descubrir el mundo adulto, a pesar de los desenga\u00f1os. <a class=\"continue\" href=\"https:\/\/www.llibreriasantjordi.cat\/es\/producte\/entre-nosaltres\/\">CONTINUAR >><span> Entre nosaltres<\/span><\/a><\/p>\n","protected":false},"featured_media":1273,"template":"","meta":{"_joinchat":[]},"product_brand":[],"product_cat":[173,184],"product_tag":[],"class_list":{"0":"post-1994","1":"product","2":"type-product","3":"status-publish","4":"has-post-thumbnail","6":"product_cat-catalan","7":"product_cat-juvenil-es","9":"first","10":"instock","11":"taxable","12":"shipping-taxable","13":"purchasable","14":"product-type-simple"},"_links":{"self":[{"href":"https:\/\/www.llibreriasantjordi.cat\/es\/wp-json\/wp\/v2\/product\/1994","targetHints":{"allow":["GET"]}}],"collection":[{"href":"https:\/\/www.llibreriasantjordi.cat\/es\/wp-json\/wp\/v2\/product"}],"about":[{"href":"https:\/\/www.llibreriasantjordi.cat\/es\/wp-json\/wp\/v2\/types\/product"}],"wp:featuredmedia":[{"embeddable":true,"href":"https:\/\/www.llibreriasantjordi.cat\/es\/wp-json\/wp\/v2\/media\/1273"}],"wp:attachment":[{"href":"https:\/\/www.llibreriasantjordi.cat\/es\/wp-json\/wp\/v2\/media?parent=1994"}],"wp:term":[{"taxonomy":"product_brand","embeddable":true,"href":"https:\/\/www.llibreriasantjordi.cat\/es\/wp-json\/wp\/v2\/product_brand?post=1994"},{"taxonomy":"product_cat","embeddable":true,"href":"https:\/\/www.llibreriasantjordi.cat\/es\/wp-json\/wp\/v2\/product_cat?post=1994"},{"taxonomy":"product_tag","embeddable":true,"href":"https:\/\/www.llibreriasantjordi.cat\/es\/wp-json\/wp\/v2\/product_tag?post=1994"}],"curies":[{"name":"wp","href":"https:\/\/api.w.org\/{rel}","templated":true}]}}