{"id":1991,"date":"2025-04-07T11:46:15","date_gmt":"2025-04-07T09:46:15","guid":{"rendered":"https:\/\/www.llibreriasantjordi.cat\/?post_type=product&#038;p=1991"},"modified":"2025-05-13T18:17:03","modified_gmt":"2025-05-13T16:17:03","slug":"alguien-ha-vuelto","status":"publish","type":"product","link":"https:\/\/www.llibreriasantjordi.cat\/es\/producte\/alguien-ha-vuelto\/","title":{"rendered":"Alguien ha vuelto"},"content":{"rendered":"<div class=\"wpb-content-wrapper\"><p>[vc_row css_animation=\u00bb\u00bb row_type=\u00bbrow\u00bb use_row_as_full_screen_section=\u00bbno\u00bb type=\u00bbfull_width\u00bb angled_section=\u00bbno\u00bb text_align=\u00bbleft\u00bb background_image_as_pattern=\u00bbwithout_pattern\u00bb][vc_column][vc_column_text css=\u00bb\u00bb]<strong>Editorial:<\/strong> Alfaguara<br \/>\n<strong>ISBN:<\/strong> 9788419366597<br \/>\n<strong>Idioma:<\/strong> Castellano<br \/>\n<strong>N\u00famero de p\u00e1ginas:<\/strong> 416<br \/>\n<strong>Encuadernaci\u00f3n:<\/strong> Tapa blanda<br \/>\n<strong>Fecha de publicaci\u00f3n:<\/strong> 05\/10\/2023[\/vc_column_text][\/vc_column][\/vc_row]<\/p>\n<\/div>","protected":false},"excerpt":{"rendered":"<p>El fin de la saga ALGUIEN EST\u00c1 MINTIENDO de la autora best-seller KAREN M. MCMANUS.<\/p>\n<p>&nbsp;<\/p>\n<p>UN NUEVO JUEGO, UN ANTIGUO SECRETO, LA \u00daLTIMA OPORTUNIDAD.<\/p>\n<p>&nbsp;<\/p>\n<p>Al principio, el misterioso letrero parece una broma de mal gusto: \u00abEs hora de un nuevo juego, Bayview\u00bb. Pero cuando alguien desaparece, est\u00e1 claro que este juego se ha vuelto serio, y nadie puede ser la siguiente v\u00edctima.<\/p>\n<p>&nbsp;<\/p>\n<p>Sim\u00f3n ten\u00eda raz\u00f3n sobre los secretos: al final todos salen a la luz. <a class=\"continue\" href=\"https:\/\/www.llibreriasantjordi.cat\/es\/producte\/alguien-ha-vuelto\/\">CONTINUAR >><span> Alguien ha vuelto<\/span><\/a><\/p>\n","protected":false},"featured_media":1267,"template":"","meta":{"_joinchat":[]},"product_brand":[],"product_cat":[172,184],"product_tag":[207],"class_list":{"0":"post-1991","1":"product","2":"type-product","3":"status-publish","4":"has-post-thumbnail","6":"product_cat-castellano","7":"product_cat-juvenil-es","8":"product_tag-karen-m-mcmanus-es","10":"first","11":"instock","12":"taxable","13":"shipping-taxable","14":"purchasable","15":"product-type-simple"},"_links":{"self":[{"href":"https:\/\/www.llibreriasantjordi.cat\/es\/wp-json\/wp\/v2\/product\/1991","targetHints":{"allow":["GET"]}}],"collection":[{"href":"https:\/\/www.llibreriasantjordi.cat\/es\/wp-json\/wp\/v2\/product"}],"about":[{"href":"https:\/\/www.llibreriasantjordi.cat\/es\/wp-json\/wp\/v2\/types\/product"}],"wp:featuredmedia":[{"embeddable":true,"href":"https:\/\/www.llibreriasantjordi.cat\/es\/wp-json\/wp\/v2\/media\/1267"}],"wp:attachment":[{"href":"https:\/\/www.llibreriasantjordi.cat\/es\/wp-json\/wp\/v2\/media?parent=1991"}],"wp:term":[{"taxonomy":"product_brand","embeddable":true,"href":"https:\/\/www.llibreriasantjordi.cat\/es\/wp-json\/wp\/v2\/product_brand?post=1991"},{"taxonomy":"product_cat","embeddable":true,"href":"https:\/\/www.llibreriasantjordi.cat\/es\/wp-json\/wp\/v2\/product_cat?post=1991"},{"taxonomy":"product_tag","embeddable":true,"href":"https:\/\/www.llibreriasantjordi.cat\/es\/wp-json\/wp\/v2\/product_tag?post=1991"}],"curies":[{"name":"wp","href":"https:\/\/api.w.org\/{rel}","templated":true}]}}