{"id":1988,"date":"2025-04-07T11:55:57","date_gmt":"2025-04-07T09:55:57","guid":{"rendered":"https:\/\/www.llibreriasantjordi.cat\/?post_type=product&#038;p=1988"},"modified":"2025-05-13T18:14:49","modified_gmt":"2025-05-13T16:14:49","slug":"mes-enlla-de-la-fi-del-mon","status":"publish","type":"product","link":"https:\/\/www.llibreriasantjordi.cat\/es\/producte\/mes-enlla-de-la-fi-del-mon\/","title":{"rendered":"M\u00e9s enll\u00e0 de la fi del m\u00f3n"},"content":{"rendered":"<div class=\"wpb-content-wrapper\"><p>[vc_row css_animation=\u00bb\u00bb row_type=\u00bbrow\u00bb use_row_as_full_screen_section=\u00bbno\u00bb type=\u00bbfull_width\u00bb angled_section=\u00bbno\u00bb text_align=\u00bbleft\u00bb background_image_as_pattern=\u00bbwithout_pattern\u00bb][vc_column][vc_column_text css=\u00bb\u00bb]<strong>Editorial:<\/strong> Elastic Books<br \/>\n<strong>ISBN:<\/strong> 9788419478757<br \/>\n<strong>Idioma:<\/strong> Catalan<br \/>\n<strong>N\u00famero de p\u00e1ginas:<\/strong> 352<br \/>\n<strong>Encuadernaci\u00f3n:<\/strong> Tapa blanda<br \/>\n<strong>Fecha de publicaci\u00f3n:<\/strong> 04\/02\/2025[\/vc_column_text][\/vc_column][\/vc_row]<\/p>\n<\/div>","protected":false},"excerpt":{"rendered":"<p>La continuaci\u00f3n de Un faro al final del mundo, una novela de adolescentes que buscan su sitio en el mundo.<\/p>\n<p>&nbsp;<\/p>\n<p>Cuatro meses despu\u00e9s del primer beso entre Max y \u00c0lex, su relaci\u00f3n se ha ido estancando. Ahora que han llegado las fiestas de Navidad y el cumplea\u00f1os de Max, parece que podr\u00eda ser un buen momento para que el amor caliente corazones y lo ponga todo en su sitio. Pero ya se sabe que las fechas se\u00f1aladas remueven m\u00e1s de la cuenta y en una isla poco habitada esto se hace a\u00fan m\u00e1s patente. La nostalgia, la soledad y los temores m\u00e1s \u00edntimos afloran mientras afuera el fr\u00edo y la lluvia van conquistando el terreno. Adem\u00e1s, la llegada del hijo de las dos propietarias del hotel del faro, un chico atractivo y misterioso, supondr\u00e1 un detonante para el grupo de adolescentes de la isla. Mientras Max se distancia de \u00e9l, \u00c1lex ir\u00e1 descubriendo el mundo del deseo a trav\u00e9s de las redes y de este reci\u00e9n llegado, un adolescente con una esquina oscura que desquiciar\u00e1 a los j\u00f3venes de la isla para siempre.<\/p>\n<p>&nbsp;<\/p>\n<p>Cuando el amor m\u00e1s tierno e inocente da paso al deseo, \u00bfcu\u00e1les son los miedos y l\u00edmites que nos paralizan? <a class=\"continue\" href=\"https:\/\/www.llibreriasantjordi.cat\/es\/producte\/mes-enlla-de-la-fi-del-mon\/\">CONTINUAR >><span> M\u00e9s enll\u00e0 de la fi del m\u00f3n<\/span><\/a><\/p>\n","protected":false},"featured_media":1263,"template":"","meta":{"_joinchat":[]},"product_brand":[],"product_cat":[173,184,188],"product_tag":[206],"class_list":{"0":"post-1988","1":"product","2":"type-product","3":"status-publish","4":"has-post-thumbnail","6":"product_cat-catalan","7":"product_cat-juvenil-es","8":"product_cat-novedades","9":"product_tag-gerard-guix-es","11":"first","12":"instock","13":"taxable","14":"shipping-taxable","15":"purchasable","16":"product-type-simple"},"_links":{"self":[{"href":"https:\/\/www.llibreriasantjordi.cat\/es\/wp-json\/wp\/v2\/product\/1988","targetHints":{"allow":["GET"]}}],"collection":[{"href":"https:\/\/www.llibreriasantjordi.cat\/es\/wp-json\/wp\/v2\/product"}],"about":[{"href":"https:\/\/www.llibreriasantjordi.cat\/es\/wp-json\/wp\/v2\/types\/product"}],"wp:featuredmedia":[{"embeddable":true,"href":"https:\/\/www.llibreriasantjordi.cat\/es\/wp-json\/wp\/v2\/media\/1263"}],"wp:attachment":[{"href":"https:\/\/www.llibreriasantjordi.cat\/es\/wp-json\/wp\/v2\/media?parent=1988"}],"wp:term":[{"taxonomy":"product_brand","embeddable":true,"href":"https:\/\/www.llibreriasantjordi.cat\/es\/wp-json\/wp\/v2\/product_brand?post=1988"},{"taxonomy":"product_cat","embeddable":true,"href":"https:\/\/www.llibreriasantjordi.cat\/es\/wp-json\/wp\/v2\/product_cat?post=1988"},{"taxonomy":"product_tag","embeddable":true,"href":"https:\/\/www.llibreriasantjordi.cat\/es\/wp-json\/wp\/v2\/product_tag?post=1988"}],"curies":[{"name":"wp","href":"https:\/\/api.w.org\/{rel}","templated":true}]}}