{"id":1987,"date":"2025-04-07T11:58:18","date_gmt":"2025-04-07T09:58:18","guid":{"rendered":"https:\/\/www.llibreriasantjordi.cat\/?post_type=product&#038;p=1987"},"modified":"2025-05-14T15:58:46","modified_gmt":"2025-05-14T13:58:46","slug":"el-cami-de-la-lloba","status":"publish","type":"product","link":"https:\/\/www.llibreriasantjordi.cat\/es\/producte\/el-cami-de-la-lloba\/","title":{"rendered":"El cam\u00ed de la lloba"},"content":{"rendered":"<div class=\"wpb-content-wrapper\"><p>[vc_row css_animation=\u00bb\u00bb row_type=\u00bbrow\u00bb use_row_as_full_screen_section=\u00bbno\u00bb type=\u00bbfull_width\u00bb angled_section=\u00bbno\u00bb text_align=\u00bbleft\u00bb background_image_as_pattern=\u00bbwithout_pattern\u00bb][vc_column][vc_column_text css=\u00bb\u00bb]<strong>Editorial:<\/strong> Blume<br \/>\n<strong>ISBN:<\/strong> 9788410268227<br \/>\n<strong>Idioma:<\/strong> Catal\u00e1n<br \/>\n<strong>N\u00famero de p\u00e1ginas:<\/strong> 336<br \/>\n<strong>Encuadernaci\u00f3n:<\/strong> Tapa dura<br \/>\n<strong>Fecha de publicaci\u00f3n:<\/strong> 20\/06\/2024[\/vc_column_text][\/vc_column][\/vc_row]<\/p>\n<\/div>","protected":false},"excerpt":{"rendered":"<p>Una \u00e9pica novela de la historia de la humanidad a trav\u00e9s de la b\u00fasqueda de aventuras de una ni\u00f1a. Tuuli es una ni\u00f1a prehist\u00f3rica que viaja con su tribu a lo largo de las estaciones: acampa, caza para comer y se protege de los numerosos peligros con los que les amenaza el clima. Tuuli sabe que hay un mundo m\u00e1s grande ah\u00ed fuera y, cuando ve a un chico extra\u00f1o que vuelta cerca del campamento, se da cuenta de que \u00e9l le podr\u00eda ofrecer la aventura que est\u00e1 buscando. Un gran relato con un profundo trasfondo humano, lleno de animales salvajes, vastos paisajes y peligros vertiginosos, inspirado en descubrimientos antropol\u00f3gicos reales. \u00danete a Tuuli en el viaje de su vida y conoce el principio de todas nuestras historias. <em>Es all\u00e1 donde vamos<\/em> dijo Tuuli, acariciando el pelo suave de la nuca de la loba. Y se adentr\u00f3 en la inmensidad de la tundra. <a class=\"continue\" href=\"https:\/\/www.llibreriasantjordi.cat\/es\/producte\/el-cami-de-la-lloba\/\">CONTINUAR >><span> El cam\u00ed de la lloba<\/span><\/a><\/p>\n","protected":false},"featured_media":1261,"template":"","meta":{"_joinchat":[]},"product_brand":[],"product_cat":[173,184],"product_tag":[205],"class_list":{"0":"post-1987","1":"product","2":"type-product","3":"status-publish","4":"has-post-thumbnail","6":"product_cat-catalan","7":"product_cat-juvenil-es","8":"product_tag-alice-roberts-es","10":"first","11":"instock","12":"taxable","13":"shipping-taxable","14":"purchasable","15":"product-type-simple"},"_links":{"self":[{"href":"https:\/\/www.llibreriasantjordi.cat\/es\/wp-json\/wp\/v2\/product\/1987","targetHints":{"allow":["GET"]}}],"collection":[{"href":"https:\/\/www.llibreriasantjordi.cat\/es\/wp-json\/wp\/v2\/product"}],"about":[{"href":"https:\/\/www.llibreriasantjordi.cat\/es\/wp-json\/wp\/v2\/types\/product"}],"wp:featuredmedia":[{"embeddable":true,"href":"https:\/\/www.llibreriasantjordi.cat\/es\/wp-json\/wp\/v2\/media\/1261"}],"wp:attachment":[{"href":"https:\/\/www.llibreriasantjordi.cat\/es\/wp-json\/wp\/v2\/media?parent=1987"}],"wp:term":[{"taxonomy":"product_brand","embeddable":true,"href":"https:\/\/www.llibreriasantjordi.cat\/es\/wp-json\/wp\/v2\/product_brand?post=1987"},{"taxonomy":"product_cat","embeddable":true,"href":"https:\/\/www.llibreriasantjordi.cat\/es\/wp-json\/wp\/v2\/product_cat?post=1987"},{"taxonomy":"product_tag","embeddable":true,"href":"https:\/\/www.llibreriasantjordi.cat\/es\/wp-json\/wp\/v2\/product_tag?post=1987"}],"curies":[{"name":"wp","href":"https:\/\/api.w.org\/{rel}","templated":true}]}}