{"id":1986,"date":"2025-04-07T12:02:34","date_gmt":"2025-04-07T10:02:34","guid":{"rendered":"https:\/\/www.llibreriasantjordi.cat\/?post_type=product&#038;p=1986"},"modified":"2025-05-14T15:58:36","modified_gmt":"2025-05-14T13:58:36","slug":"wolfgand-extraordinari","status":"publish","type":"product","link":"https:\/\/www.llibreriasantjordi.cat\/es\/producte\/wolfgand-extraordinari\/","title":{"rendered":"Wolfgand (extraordinari)"},"content":{"rendered":"<div class=\"wpb-content-wrapper\"><p>[vc_row css_animation=\u00bb\u00bb row_type=\u00bbrow\u00bb use_row_as_full_screen_section=\u00bbno\u00bb type=\u00bbfull_width\u00bb angled_section=\u00bbno\u00bb text_align=\u00bbleft\u00bb background_image_as_pattern=\u00bbwithout_pattern\u00bb][vc_column][vc_column_text css=\u00bb\u00bb]<strong>Editorial:<\/strong> Columna<br \/>\n<strong>ISBN:<\/strong> 9788466422659<br \/>\n<strong>Idioma:<\/strong> Catal\u00e1n<br \/>\n<strong>N\u00famero de p\u00e1ginas:<\/strong> 256<br \/>\n<strong>Encuadernaci\u00f3n:<\/strong> Tapa blanda<br \/>\n<strong>Fecha de publicaci\u00f3n:<\/strong> 10\/05\/2017[\/vc_column_text][\/vc_column][\/vc_row]<\/p>\n<\/div>","protected":false},"excerpt":{"rendered":"<p>Tres vidas y un destino inexorable.<\/p>\n<p>&nbsp;<\/p>\n<p>Tres historias impresionantes que se entrelazan y que acabar\u00e1n teniendo un destino com\u00fan.<\/p>\n<p>&nbsp;<\/p>\n<p>De la autora de <i>Lluvia de estrellas <\/i>y <i>Wolfgang (extraordinario)<\/i>.<\/p>\n<p>&nbsp;<\/p>\n<p>Emma est\u00e1 embarazada de ocho meses cuando se enfrenta a la p\u00e9rdida inesperada de su hijo. Lo ten\u00eda todo preparado: la habitaci\u00f3n del ni\u00f1o, la ropa, los juguetes&#8230; y todas las ilusiones del mundo.<\/p>\n<p>&nbsp;<\/p>\n<p>Jhanet ha sido criada por la abuela en Bolivia mientras la madre emigra a Europa para trabajar en el servicio dom\u00e9stico. Con quince a\u00f1os, es ella quien decide cruzar el oc\u00e9ano para reencontrar a la madre que tanto necesita y que pr\u00e1cticamente no conoce.<\/p>\n<p>&nbsp;<\/p>\n<p>Natalka es insegura, y se siente muy desprotegida sin familiares cercanos. Vive atrapada en una relaci\u00f3n abusiva con un hombre violento que le presiona para que haga de vientre de alquiler sin que ella est\u00e9 muy convencida.<\/p>\n<p>&nbsp;<\/p>\n<p>En <i>Las otras madres<\/i>\u00a0Laia Aguilar, con su prosa l\u00facida y transparente, se despliega sin concesiones en un relato deslumbrante de tres mujeres, \u00ablas dem\u00e1s madres, las no madres, las incomprendidas\u00bb, que a pesar de todo nunca perder\u00e1n la esperanza. <a class=\"continue\" href=\"https:\/\/www.llibreriasantjordi.cat\/es\/producte\/wolfgand-extraordinari\/\">CONTINUAR >><span> Wolfgand (extraordinari)<\/span><\/a><\/p>\n","protected":false},"featured_media":1259,"template":"","meta":{"_joinchat":[]},"product_brand":[],"product_cat":[173,184],"product_tag":[204],"class_list":{"0":"post-1986","1":"product","2":"type-product","3":"status-publish","4":"has-post-thumbnail","6":"product_cat-catalan","7":"product_cat-juvenil-es","8":"product_tag-laia-aguilar-es","10":"first","11":"instock","12":"taxable","13":"shipping-taxable","14":"purchasable","15":"product-type-simple"},"_links":{"self":[{"href":"https:\/\/www.llibreriasantjordi.cat\/es\/wp-json\/wp\/v2\/product\/1986","targetHints":{"allow":["GET"]}}],"collection":[{"href":"https:\/\/www.llibreriasantjordi.cat\/es\/wp-json\/wp\/v2\/product"}],"about":[{"href":"https:\/\/www.llibreriasantjordi.cat\/es\/wp-json\/wp\/v2\/types\/product"}],"wp:featuredmedia":[{"embeddable":true,"href":"https:\/\/www.llibreriasantjordi.cat\/es\/wp-json\/wp\/v2\/media\/1259"}],"wp:attachment":[{"href":"https:\/\/www.llibreriasantjordi.cat\/es\/wp-json\/wp\/v2\/media?parent=1986"}],"wp:term":[{"taxonomy":"product_brand","embeddable":true,"href":"https:\/\/www.llibreriasantjordi.cat\/es\/wp-json\/wp\/v2\/product_brand?post=1986"},{"taxonomy":"product_cat","embeddable":true,"href":"https:\/\/www.llibreriasantjordi.cat\/es\/wp-json\/wp\/v2\/product_cat?post=1986"},{"taxonomy":"product_tag","embeddable":true,"href":"https:\/\/www.llibreriasantjordi.cat\/es\/wp-json\/wp\/v2\/product_tag?post=1986"}],"curies":[{"name":"wp","href":"https:\/\/api.w.org\/{rel}","templated":true}]}}