{"id":1984,"date":"2025-04-07T12:06:14","date_gmt":"2025-04-07T10:06:14","guid":{"rendered":"https:\/\/www.llibreriasantjordi.cat\/?post_type=product&#038;p=1984"},"modified":"2025-08-24T17:38:45","modified_gmt":"2025-08-24T15:38:45","slug":"agus-i-els-monstres-coleccion","status":"publish","type":"product","link":"https:\/\/www.llibreriasantjordi.cat\/es\/producte\/agus-i-els-monstres-coleccion\/","title":{"rendered":"Agus i els monstres (Colecci\u00f3n)"},"content":{"rendered":"<div class=\"wpb-content-wrapper\"><p>[vc_row css_animation=\u00bb\u00bb row_type=\u00bbrow\u00bb use_row_as_full_screen_section=\u00bbno\u00bb type=\u00bbfull_width\u00bb angled_section=\u00bbno\u00bb text_align=\u00bbleft\u00bb background_image_as_pattern=\u00bbwithout_pattern\u00bb][vc_column][vc_column_text css=\u00bb\u00bb]<strong>Editorial:<\/strong> Combel<br \/>\n<strong>ISBN:<\/strong> Varios<br \/>\n<strong>Idioma:<\/strong> Catal\u00e1n<br \/>\n<strong>N\u00famero de p\u00e1ginas:<\/strong> Varios<br \/>\n<strong>Encuadernaci\u00f3n:<\/strong> Tapa blanda<br \/>\n<strong>Fecha de publicaci\u00f3n del n\u00famero 1:<\/strong> 15\/10\/2014[\/vc_column_text][\/vc_column][\/vc_row]<\/p>\n<\/div>","protected":false},"excerpt":{"rendered":"<p><strong>IMPORTANTE: Este libro forma parte de una colecci\u00f3n. Es necesario elegir el n\u00famero que desee en el desplegable inferior.<\/strong><\/p>\n<p>&nbsp;<\/p>\n<p>Hola, soy Agus, \u00bfseguro que me conoces, verdad? Durante a\u00f1os, Lidia y yo hemos vivido todo tipo de aventuras con los monstruos. monstruos. Cuando todo empez\u00f3, no pod\u00edamos ni imaginar todo lo que vivir\u00edamos y todo lo que iban a aprender. Ni siquiera se nos pasaba por la cabeza que nosotros dos acabar\u00edamos siendo tan amigos, amigos de verdad. Y, de repente, despu\u00e9s de tanto tiempo, acompa\u00f1amos a nuestros amigos al Libro de los monstruos. \u00bfTe apuntas? <a class=\"continue\" href=\"https:\/\/www.llibreriasantjordi.cat\/es\/producte\/agus-i-els-monstres-coleccion\/\">CONTINUAR >><span> Agus i els monstres (Colecci\u00f3n)<\/span><\/a><\/p>\n","protected":false},"featured_media":1257,"template":"","meta":{"_joinchat":[]},"product_brand":[],"product_cat":[173,174,180,183],"product_tag":[195,196],"class_list":{"0":"post-1984","1":"product","2":"type-product","3":"status-publish","4":"has-post-thumbnail","6":"product_cat-catalan","7":"product_cat-colecciones","8":"product_cat-de-7-a-9-anos","9":"product_cat-infantil-es","10":"product_tag-jaume-copons-es","11":"product_tag-liliana-fortuny-es","13":"first","14":"instock","15":"taxable","16":"shipping-taxable","17":"purchasable","18":"product-type-variable"},"_links":{"self":[{"href":"https:\/\/www.llibreriasantjordi.cat\/es\/wp-json\/wp\/v2\/product\/1984","targetHints":{"allow":["GET"]}}],"collection":[{"href":"https:\/\/www.llibreriasantjordi.cat\/es\/wp-json\/wp\/v2\/product"}],"about":[{"href":"https:\/\/www.llibreriasantjordi.cat\/es\/wp-json\/wp\/v2\/types\/product"}],"wp:featuredmedia":[{"embeddable":true,"href":"https:\/\/www.llibreriasantjordi.cat\/es\/wp-json\/wp\/v2\/media\/1257"}],"wp:attachment":[{"href":"https:\/\/www.llibreriasantjordi.cat\/es\/wp-json\/wp\/v2\/media?parent=1984"}],"wp:term":[{"taxonomy":"product_brand","embeddable":true,"href":"https:\/\/www.llibreriasantjordi.cat\/es\/wp-json\/wp\/v2\/product_brand?post=1984"},{"taxonomy":"product_cat","embeddable":true,"href":"https:\/\/www.llibreriasantjordi.cat\/es\/wp-json\/wp\/v2\/product_cat?post=1984"},{"taxonomy":"product_tag","embeddable":true,"href":"https:\/\/www.llibreriasantjordi.cat\/es\/wp-json\/wp\/v2\/product_tag?post=1984"}],"curies":[{"name":"wp","href":"https:\/\/api.w.org\/{rel}","templated":true}]}}