{"id":1983,"date":"2025-04-07T12:59:04","date_gmt":"2025-04-07T10:59:04","guid":{"rendered":"https:\/\/www.llibreriasantjordi.cat\/?post_type=product&#038;p=1983"},"modified":"2025-08-24T17:36:42","modified_gmt":"2025-08-24T15:36:42","slug":"rob-ot-coleccion","status":"publish","type":"product","link":"https:\/\/www.llibreriasantjordi.cat\/es\/producte\/rob-ot-coleccion\/","title":{"rendered":"Rob &#038; Ot (Colecci\u00f3n)"},"content":{"rendered":"<div class=\"wpb-content-wrapper\"><p>[vc_row css_animation=\u00bb\u00bb row_type=\u00bbrow\u00bb use_row_as_full_screen_section=\u00bbno\u00bb type=\u00bbfull_width\u00bb angled_section=\u00bbno\u00bb text_align=\u00bbleft\u00bb background_image_as_pattern=\u00bbwithout_pattern\u00bb][vc_column][vc_column_text css=\u00bb\u00bb]<strong>Editorial:<\/strong> Combel<br \/>\n<strong>ISBN:<\/strong> 9788411581998<br \/>\n<strong>Idioma:<\/strong> Catal\u00e1n<br \/>\n<strong>N\u00famero de p\u00e1ginas:<\/strong> 64<br \/>\n<strong>Encuadernaci\u00f3n:<\/strong> Tapa blanda<br \/>\n<strong>Fecha de publicaci\u00f3n:<\/strong> 01\/02\/2025[\/vc_column_text][\/vc_column][\/vc_row]<\/p>\n<\/div>","protected":false},"excerpt":{"rendered":"<p><strong>IMPORTANTE: Este libro forma parte de una colecci\u00f3n. Es necesario elegir el n\u00famero que desea en el desplegable inferior. La portada y la descripci\u00f3n corresponden al n\u00famero 1.<\/strong><\/p>\n<p>&nbsp;<\/p>\n<p>Una nueva serie de novelas gr\u00e1ficas de Jaume Copons y Liliana Fortuny para ni\u00f1os a partir de 5 a\u00f1os. Rob&amp;Ot nace con un doble objetivo: entretener, divertir y emocionar a los primeros lectores, con el prop\u00f3sito de convertirse en la puerta de entrada a bibliotecas y librer\u00edas, y de constituir una herramienta educativa que potencia la alfabetizaci\u00f3n a trav\u00e9s de la transmisi\u00f3n de contenidos educativos y valores positivos. <a class=\"continue\" href=\"https:\/\/www.llibreriasantjordi.cat\/es\/producte\/rob-ot-coleccion\/\">CONTINUAR >><span> Rob &#038; Ot (Colecci\u00f3n)<\/span><\/a><\/p>\n","protected":false},"featured_media":1255,"template":"","meta":{"_joinchat":[]},"product_brand":[],"product_cat":[173,174,179,183,188],"product_tag":[195,196],"class_list":{"0":"post-1983","1":"product","2":"type-product","3":"status-publish","4":"has-post-thumbnail","6":"product_cat-catalan","7":"product_cat-colecciones","8":"product_cat-de-5-a-6-anos","9":"product_cat-infantil-es","10":"product_cat-novedades","11":"product_tag-jaume-copons-es","12":"product_tag-liliana-fortuny-es","14":"first","15":"instock","16":"taxable","17":"shipping-taxable","18":"purchasable","19":"product-type-variable"},"_links":{"self":[{"href":"https:\/\/www.llibreriasantjordi.cat\/es\/wp-json\/wp\/v2\/product\/1983","targetHints":{"allow":["GET"]}}],"collection":[{"href":"https:\/\/www.llibreriasantjordi.cat\/es\/wp-json\/wp\/v2\/product"}],"about":[{"href":"https:\/\/www.llibreriasantjordi.cat\/es\/wp-json\/wp\/v2\/types\/product"}],"wp:featuredmedia":[{"embeddable":true,"href":"https:\/\/www.llibreriasantjordi.cat\/es\/wp-json\/wp\/v2\/media\/1255"}],"wp:attachment":[{"href":"https:\/\/www.llibreriasantjordi.cat\/es\/wp-json\/wp\/v2\/media?parent=1983"}],"wp:term":[{"taxonomy":"product_brand","embeddable":true,"href":"https:\/\/www.llibreriasantjordi.cat\/es\/wp-json\/wp\/v2\/product_brand?post=1983"},{"taxonomy":"product_cat","embeddable":true,"href":"https:\/\/www.llibreriasantjordi.cat\/es\/wp-json\/wp\/v2\/product_cat?post=1983"},{"taxonomy":"product_tag","embeddable":true,"href":"https:\/\/www.llibreriasantjordi.cat\/es\/wp-json\/wp\/v2\/product_tag?post=1983"}],"curies":[{"name":"wp","href":"https:\/\/api.w.org\/{rel}","templated":true}]}}