{"id":1979,"date":"2025-04-07T13:16:24","date_gmt":"2025-04-07T11:16:24","guid":{"rendered":"https:\/\/www.llibreriasantjordi.cat\/?post_type=product&#038;p=1979"},"modified":"2025-05-13T17:47:51","modified_gmt":"2025-05-13T15:47:51","slug":"un-sopar-de-por","status":"publish","type":"product","link":"https:\/\/www.llibreriasantjordi.cat\/es\/producte\/un-sopar-de-por\/","title":{"rendered":"Un sopar de por"},"content":{"rendered":"<div class=\"wpb-content-wrapper\"><p>[vc_row css_animation=\u00bb\u00bb row_type=\u00bbrow\u00bb use_row_as_full_screen_section=\u00bbno\u00bb type=\u00bbfull_width\u00bb angled_section=\u00bbno\u00bb text_align=\u00bbleft\u00bb background_image_as_pattern=\u00bbwithout_pattern\u00bb][vc_column][vc_column_text css=\u00bb\u00bb]<strong>Editorial:<\/strong> Cruce<br \/>\n<strong>ISBN:<\/strong> 9788466142120<br \/>\n<strong>Idioma:<\/strong> Catal\u00e1n<br \/>\n<strong>N\u00famero de p\u00e1ginas:<\/strong> 32<br \/>\n<strong>Encuadernaci\u00f3n:<\/strong> Tapa dura<br \/>\n<strong>Fecha de publicaci\u00f3n:<\/strong> 10\/10\/2017[\/vc_column_text][\/vc_column][\/vc_row]<\/p>\n<\/div>","protected":false},"excerpt":{"rendered":"<p>Una cena de miedo para los m\u00e1s malvados monstruos. Esta noche se celebra una cena de gala que re\u00fane a los personajes m\u00e1s malvados del mundo. \u00bfQu\u00e9 viandas habr\u00e1 preparado el chef Jean-Col Trinxat? Levante las solapas y lo sabr\u00e1. Tome los nueve personajes m\u00e1s malvados que hay, a\u00f1ada un gran chef de renombre mundial, ponlo todo en un restaurante de tres estrellas negras&#8230; \u00a1y tendr\u00e1 una cena de miedo! Levante las solapas para descubrir las croquetas de abuela, la leche podrida con crujiente de hormigas o la escalivada de lagarto. Y, sobre todo, no se pierdan el plato sorpresa del&#8230; <a class=\"continue\" href=\"https:\/\/www.llibreriasantjordi.cat\/es\/producte\/un-sopar-de-por\/\">CONTINUAR >><span> Un sopar de por<\/span><\/a><\/p>\n","protected":false},"featured_media":1247,"template":"","meta":{"_joinchat":[]},"product_brand":[],"product_cat":[173,179,183],"product_tag":[202,320],"class_list":{"0":"post-1979","1":"product","2":"type-product","3":"status-publish","4":"has-post-thumbnail","6":"product_cat-catalan","7":"product_cat-de-5-a-6-anos","8":"product_cat-infantil-es","9":"product_tag-meritxell-marti-es","10":"product_tag-xavier-salomo-es","12":"first","13":"instock","14":"taxable","15":"shipping-taxable","16":"purchasable","17":"product-type-simple"},"_links":{"self":[{"href":"https:\/\/www.llibreriasantjordi.cat\/es\/wp-json\/wp\/v2\/product\/1979","targetHints":{"allow":["GET"]}}],"collection":[{"href":"https:\/\/www.llibreriasantjordi.cat\/es\/wp-json\/wp\/v2\/product"}],"about":[{"href":"https:\/\/www.llibreriasantjordi.cat\/es\/wp-json\/wp\/v2\/types\/product"}],"wp:featuredmedia":[{"embeddable":true,"href":"https:\/\/www.llibreriasantjordi.cat\/es\/wp-json\/wp\/v2\/media\/1247"}],"wp:attachment":[{"href":"https:\/\/www.llibreriasantjordi.cat\/es\/wp-json\/wp\/v2\/media?parent=1979"}],"wp:term":[{"taxonomy":"product_brand","embeddable":true,"href":"https:\/\/www.llibreriasantjordi.cat\/es\/wp-json\/wp\/v2\/product_brand?post=1979"},{"taxonomy":"product_cat","embeddable":true,"href":"https:\/\/www.llibreriasantjordi.cat\/es\/wp-json\/wp\/v2\/product_cat?post=1979"},{"taxonomy":"product_tag","embeddable":true,"href":"https:\/\/www.llibreriasantjordi.cat\/es\/wp-json\/wp\/v2\/product_tag?post=1979"}],"curies":[{"name":"wp","href":"https:\/\/api.w.org\/{rel}","templated":true}]}}