{"id":1978,"date":"2025-04-07T13:19:07","date_gmt":"2025-04-07T11:19:07","guid":{"rendered":"https:\/\/www.llibreriasantjordi.cat\/?post_type=product&#038;p=1978"},"modified":"2025-08-24T17:06:38","modified_gmt":"2025-08-24T15:06:38","slug":"la-misteriosa-i-sorprenent-casa-de-lavi","status":"publish","type":"product","link":"https:\/\/www.llibreriasantjordi.cat\/es\/producte\/la-misteriosa-i-sorprenent-casa-de-lavi\/","title":{"rendered":"La misteriosa i sorprenent casa de l&#8217;avi"},"content":{"rendered":"<div class=\"wpb-content-wrapper\"><p>[vc_row css_animation=\u00bb\u00bb row_type=\u00bbrow\u00bb use_row_as_full_screen_section=\u00bbno\u00bb type=\u00bbfull_width\u00bb angled_section=\u00bbno\u00bb text_align=\u00bbleft\u00bb background_image_as_pattern=\u00bbwithout_pattern\u00bb][vc_column][vc_column_text css=\u00bb\u00bb]<strong>Editorial:<\/strong> Combel<br \/>\n<strong>ISBN:<\/strong> 9788411580113<br \/>\n<strong>Idioma:<\/strong> Catal\u00e1n<br \/>\n<strong>N\u00famero de p\u00e1ginas:<\/strong> 32<br \/>\n<strong>Encuadernaci\u00f3n:<\/strong> Tapa dura<br \/>\n<strong>Fecha de publicaci\u00f3n:<\/strong> 01\/09\/2023[\/vc_column_text][\/vc_column][\/vc_row]<\/p>\n<\/div>","protected":false},"excerpt":{"rendered":"<p>Tras visitar La maravillosa y horripilante casa de la abuela, llega un nuevo t\u00edtulo del t\u00e1ndem formado por Mart\u00ed y Salom\u00f3, con un mont\u00f3n de elementos por descubrir y solapas para destapar que esconden detalles ocultos. La casa del abuelo no es como te la imaginas. A primera vista parece una taberna marinera, pero, si te la miras bien, ver\u00e1s cosas sorprendentes y pistas que te llevar\u00e1n a lugares ins\u00f3litos. \u00a1Abre bien los ojos y buena pesca! <a class=\"continue\" href=\"https:\/\/www.llibreriasantjordi.cat\/es\/producte\/la-misteriosa-i-sorprenent-casa-de-lavi\/\">CONTINUAR >><span> La misteriosa i sorprenent casa de l&#8217;avi<\/span><\/a><\/p>\n","protected":false},"featured_media":1245,"template":"","meta":{"_joinchat":[]},"product_brand":[],"product_cat":[173,178,183],"product_tag":[202,320],"class_list":{"0":"post-1978","1":"product","2":"type-product","3":"status-publish","4":"has-post-thumbnail","6":"product_cat-catalan","7":"product_cat-de-3-a-4-anos","8":"product_cat-infantil-es","9":"product_tag-meritxell-marti-es","10":"product_tag-xavier-salomo-es","12":"first","13":"instock","14":"taxable","15":"shipping-taxable","16":"purchasable","17":"product-type-simple"},"_links":{"self":[{"href":"https:\/\/www.llibreriasantjordi.cat\/es\/wp-json\/wp\/v2\/product\/1978","targetHints":{"allow":["GET"]}}],"collection":[{"href":"https:\/\/www.llibreriasantjordi.cat\/es\/wp-json\/wp\/v2\/product"}],"about":[{"href":"https:\/\/www.llibreriasantjordi.cat\/es\/wp-json\/wp\/v2\/types\/product"}],"wp:featuredmedia":[{"embeddable":true,"href":"https:\/\/www.llibreriasantjordi.cat\/es\/wp-json\/wp\/v2\/media\/1245"}],"wp:attachment":[{"href":"https:\/\/www.llibreriasantjordi.cat\/es\/wp-json\/wp\/v2\/media?parent=1978"}],"wp:term":[{"taxonomy":"product_brand","embeddable":true,"href":"https:\/\/www.llibreriasantjordi.cat\/es\/wp-json\/wp\/v2\/product_brand?post=1978"},{"taxonomy":"product_cat","embeddable":true,"href":"https:\/\/www.llibreriasantjordi.cat\/es\/wp-json\/wp\/v2\/product_cat?post=1978"},{"taxonomy":"product_tag","embeddable":true,"href":"https:\/\/www.llibreriasantjordi.cat\/es\/wp-json\/wp\/v2\/product_tag?post=1978"}],"curies":[{"name":"wp","href":"https:\/\/api.w.org\/{rel}","templated":true}]}}