{"id":1977,"date":"2025-04-07T13:21:51","date_gmt":"2025-04-07T11:21:51","guid":{"rendered":"https:\/\/www.llibreriasantjordi.cat\/?post_type=product&#038;p=1977"},"modified":"2025-08-24T18:21:00","modified_gmt":"2025-08-24T16:21:00","slug":"la-meravellosa-i-horripilant-casa-de-la-iaia","status":"publish","type":"product","link":"https:\/\/www.llibreriasantjordi.cat\/es\/producte\/la-meravellosa-i-horripilant-casa-de-la-iaia\/","title":{"rendered":"La meravellosa i horripilant casa de la iaia"},"content":{"rendered":"<div class=\"wpb-content-wrapper\"><p>[vc_row css_animation=\u00bb\u00bb row_type=\u00bbrow\u00bb use_row_as_full_screen_section=\u00bbno\u00bb type=\u00bbfull_width\u00bb angled_section=\u00bbno\u00bb text_align=\u00bbleft\u00bb background_image_as_pattern=\u00bbwithout_pattern\u00bb][vc_column][vc_column_text css=\u00bb\u00bb]<strong>Editorial:<\/strong> Combel<br \/>\n<strong>ISBN:<\/strong> 9788491016779<br \/>\n<strong>Idioma:<\/strong> Catal\u00e1n<br \/>\n<strong>N\u00famero de p\u00e1ginas:<\/strong> 36<br \/>\n<strong>Encuadernaci\u00f3n:<\/strong> Tapa dura<br \/>\n<strong>Fecha de publicaci\u00f3n:<\/strong> 01\/09\/2021[\/vc_column_text][\/vc_column][\/vc_row]<\/p>\n<\/div>","protected":false},"excerpt":{"rendered":"<p>La casa de la abuela es un lugar un poco especial porque esconde muchas sorpresas&#8230; F\u00edjate bien en todos los detalles, pero vigila, \u00a1porque te puedes llevar m\u00e1s de un susto! Y, sobre todo, recuerda esto: mira hacia el cielo cuando oscurezca&#8230;, \u00a1porque no todo es lo que parece! Un nuevo t\u00edtulo del t\u00e1ndem Mart\u00ed&amp;Salom\u00f3, con un mont\u00f3n de detalles por descubrir y solapas que esconden secretos misteriosos. <a class=\"continue\" href=\"https:\/\/www.llibreriasantjordi.cat\/es\/producte\/la-meravellosa-i-horripilant-casa-de-la-iaia\/\">CONTINUAR >><span> La meravellosa i horripilant casa de la iaia<\/span><\/a><\/p>\n","protected":false},"featured_media":1243,"template":"","meta":{"_joinchat":[]},"product_brand":[],"product_cat":[173,179,183],"product_tag":[202,320],"class_list":{"0":"post-1977","1":"product","2":"type-product","3":"status-publish","4":"has-post-thumbnail","6":"product_cat-catalan","7":"product_cat-de-5-a-6-anos","8":"product_cat-infantil-es","9":"product_tag-meritxell-marti-es","10":"product_tag-xavier-salomo-es","12":"first","13":"instock","14":"taxable","15":"shipping-taxable","16":"purchasable","17":"product-type-simple"},"_links":{"self":[{"href":"https:\/\/www.llibreriasantjordi.cat\/es\/wp-json\/wp\/v2\/product\/1977","targetHints":{"allow":["GET"]}}],"collection":[{"href":"https:\/\/www.llibreriasantjordi.cat\/es\/wp-json\/wp\/v2\/product"}],"about":[{"href":"https:\/\/www.llibreriasantjordi.cat\/es\/wp-json\/wp\/v2\/types\/product"}],"wp:featuredmedia":[{"embeddable":true,"href":"https:\/\/www.llibreriasantjordi.cat\/es\/wp-json\/wp\/v2\/media\/1243"}],"wp:attachment":[{"href":"https:\/\/www.llibreriasantjordi.cat\/es\/wp-json\/wp\/v2\/media?parent=1977"}],"wp:term":[{"taxonomy":"product_brand","embeddable":true,"href":"https:\/\/www.llibreriasantjordi.cat\/es\/wp-json\/wp\/v2\/product_brand?post=1977"},{"taxonomy":"product_cat","embeddable":true,"href":"https:\/\/www.llibreriasantjordi.cat\/es\/wp-json\/wp\/v2\/product_cat?post=1977"},{"taxonomy":"product_tag","embeddable":true,"href":"https:\/\/www.llibreriasantjordi.cat\/es\/wp-json\/wp\/v2\/product_tag?post=1977"}],"curies":[{"name":"wp","href":"https:\/\/api.w.org\/{rel}","templated":true}]}}