{"id":1976,"date":"2025-04-07T13:25:19","date_gmt":"2025-04-07T11:25:19","guid":{"rendered":"https:\/\/www.llibreriasantjordi.cat\/?post_type=product&#038;p=1976"},"modified":"2025-08-24T18:18:42","modified_gmt":"2025-08-24T16:18:42","slug":"heura","status":"publish","type":"product","link":"https:\/\/www.llibreriasantjordi.cat\/es\/producte\/heura\/","title":{"rendered":"Heura"},"content":{"rendered":"<div class=\"wpb-content-wrapper\"><p>[vc_row css_animation=\u00bb\u00bb row_type=\u00bbrow\u00bb use_row_as_full_screen_section=\u00bbno\u00bb type=\u00bbfull_width\u00bb angled_section=\u00bbno\u00bb text_align=\u00bbleft\u00bb background_image_as_pattern=\u00bbwithout_pattern\u00bb][vc_column][vc_column_text css=\u00bb\u00bb]<strong>Editorial:<\/strong> Bindi Books<br \/>\n<strong>ISBN:<\/strong> 9791387594022<br \/>\n<strong>Idioma:<\/strong> Catal\u00e1n<br \/>\n<strong>Nombre de p\u00e0gines:<\/strong> 64<br \/>\n<strong>Enquadernaci\u00f3:<\/strong> Tapa dura<br \/>\n<strong>Data de publicaci\u00f3:<\/strong> 12\/03\/2025[\/vc_column_text][\/vc_column][\/vc_row]<\/p>\n<\/div>","protected":false},"excerpt":{"rendered":"<p>ILUSTRACIONES DE MARIAM BIEN-ARAB UN C\u00d3MICO TREPIDANTE, CON AVENTURAS LLENAS DE LUZ Y ESPERANZA.<\/p>\n<p>&nbsp;<\/p>\n<p>Antes del Gran Colapso los \u00e1rboles eran tan verdes que hac\u00edan saltar las l\u00e1grimas de tan bonitos, el agua era tan fresca y transparente que pod\u00edas nadar y ver a los peces, y la brisa ondulaba las espigas y el pelo. Pero un d\u00eda lleg\u00f3 el Gran Colapso y todo cambi\u00f3&#8230; Y ahora, el mundo en el que vivimos es un mundo del pasado. Todo est\u00e1 roto y abandonado, queda poca gente en la Tierra y cuesta ver a ning\u00fan animal. Pero todav\u00eda se puede encontrar belleza si sabes d\u00f3nde buscarla, y nosotros&#8230; \u00a1Nosotros tenemos un plan!<\/p>\n<p>&nbsp;<\/p>\n<p>INCLUYE UN PLAN, PREMIO CABALLO FUERTE 2020, Y TODA LA OBRA DE LA HEURA PUBLICADA EN CABALLO FUERTE (2022-2024).<\/p>\n<p>* Esta publicaci\u00f3n es el recopilatorio de toda la obra publicada durante 3 a\u00f1os.<\/p>\n<p>* C\u00f3mic para primeros lectores. <a class=\"continue\" href=\"https:\/\/www.llibreriasantjordi.cat\/es\/producte\/heura\/\">CONTINUAR >><span> Heura<\/span><\/a><\/p>\n","protected":false},"featured_media":1241,"template":"","meta":{"_joinchat":[]},"product_brand":[],"product_cat":[173,187,183,185,188],"product_tag":[318,201],"class_list":{"0":"post-1976","1":"product","2":"type-product","3":"status-publish","4":"has-post-thumbnail","6":"product_cat-catalan","7":"product_cat-comic-manga-y-novela-grafica","8":"product_cat-infantil-es","9":"product_cat-libros-premiados","10":"product_cat-novedades","11":"product_tag-mariam-ben-arab-es","12":"product_tag-volker-schmitt-es","14":"first","15":"instock","16":"taxable","17":"shipping-taxable","18":"purchasable","19":"product-type-simple"},"_links":{"self":[{"href":"https:\/\/www.llibreriasantjordi.cat\/es\/wp-json\/wp\/v2\/product\/1976","targetHints":{"allow":["GET"]}}],"collection":[{"href":"https:\/\/www.llibreriasantjordi.cat\/es\/wp-json\/wp\/v2\/product"}],"about":[{"href":"https:\/\/www.llibreriasantjordi.cat\/es\/wp-json\/wp\/v2\/types\/product"}],"wp:featuredmedia":[{"embeddable":true,"href":"https:\/\/www.llibreriasantjordi.cat\/es\/wp-json\/wp\/v2\/media\/1241"}],"wp:attachment":[{"href":"https:\/\/www.llibreriasantjordi.cat\/es\/wp-json\/wp\/v2\/media?parent=1976"}],"wp:term":[{"taxonomy":"product_brand","embeddable":true,"href":"https:\/\/www.llibreriasantjordi.cat\/es\/wp-json\/wp\/v2\/product_brand?post=1976"},{"taxonomy":"product_cat","embeddable":true,"href":"https:\/\/www.llibreriasantjordi.cat\/es\/wp-json\/wp\/v2\/product_cat?post=1976"},{"taxonomy":"product_tag","embeddable":true,"href":"https:\/\/www.llibreriasantjordi.cat\/es\/wp-json\/wp\/v2\/product_tag?post=1976"}],"curies":[{"name":"wp","href":"https:\/\/api.w.org\/{rel}","templated":true}]}}