{"id":1974,"date":"2025-04-07T13:32:47","date_gmt":"2025-04-07T11:32:47","guid":{"rendered":"https:\/\/www.llibreriasantjordi.cat\/?post_type=product&#038;p=1974"},"modified":"2025-08-24T18:16:35","modified_gmt":"2025-08-24T16:16:35","slug":"el-detetctiu-clatellot-i-tu-coleccion","status":"publish","type":"product","link":"https:\/\/www.llibreriasantjordi.cat\/es\/producte\/el-detetctiu-clatellot-i-tu-coleccion\/","title":{"rendered":"El detectiu Clatellot i tu (Colecci\u00f3n)"},"content":{"rendered":"<div class=\"wpb-content-wrapper\"><p>[vc_row css_animation=\u00bb\u00bb row_type=\u00bbrow\u00bb use_row_as_full_screen_section=\u00bbno\u00bb type=\u00bbfull_width\u00bb angled_section=\u00bbno\u00bb text_align=\u00bbleft\u00bb background_image_as_pattern=\u00bbwithout_pattern\u00bb][vc_column][vc_column_text css=\u00bb\u00bb]<strong>Editorial:<\/strong> Estrella Polar<br \/>\n<strong>ISBN:<\/strong> Varios<br \/>\n<strong>Idioma:<\/strong> Catal\u00e1n<br \/>\n<strong>N\u00famero de p\u00e1ginas:<\/strong> Varios<br \/>\n<strong>Encuadernaci\u00f3n:<\/strong> Tapa blanda<br \/>\n<strong>Fecha de publicaci\u00f3n del n\u00famero 1:<\/strong> 19\/02\/2025[\/vc_column_text][\/vc_column][\/vc_row]<\/p>\n<\/div>","protected":false},"excerpt":{"rendered":"<p><strong>IMPORTANTE: Este libro forma parte de una colecci\u00f3n. Es necesario elegir el n\u00famero que desea en el desplegable inferior. La portada y descripci\u00f3n corresponden al n\u00famero 2.<\/strong><\/p>\n<p>&nbsp;<\/p>\n<p>Resuelve todos los misterios y convi\u00e9rtete en detective.<\/p>\n<p>&nbsp;<\/p>\n<p>Un misterioso personaje ha dejado una advertencia: \u00a1liberar\u00e1 a los animales m\u00e1s temidos del zoo si no consigues detenerlo! Ayuda al detective Clatellot y su mono Uet en esta carrera contra reloj llena de dudas, pistas y giros sorprendentes. \u00bfSer\u00e1s capaz de descubrir la identidad del culpable y salvar a la ciudad? \u00a1Utiliza el ingenio, resuelve los enigmas y convi\u00e9rtete en un verdadero detective!<\/p>\n<p>&nbsp;<\/p>\n<p>Ad\u00e9ntrate en esta nueva serie donde los lectores se convierten en detectives y resuelven cada misterio junto con el despistado Detective Clatellot y su mono travieso. En cada cap\u00edtulo, los lectores toman decisiones que cambian el rumbo de la historia, llen\u00e1ndola de sorpresas, risas y desaf\u00edos visuales.<\/p>\n<p>&nbsp;<\/p>\n<p>Una colecci\u00f3n ideal para primeros lectores a partir de 8 a\u00f1os, que no s\u00f3lo divierte, sino que estimula la creatividad y el pensamiento cr\u00edtico. Con cap\u00edtulos cortos, lenguaje accesible y formato visual din\u00e1mico, es perfecta para disfrutar tanto en familia como de forma independiente. \u00a1Prep\u00e1rate para horas de aventuras y diversi\u00f3n en cada caso! <a class=\"continue\" href=\"https:\/\/www.llibreriasantjordi.cat\/es\/producte\/el-detetctiu-clatellot-i-tu-coleccion\/\">CONTINUAR >><span> El detectiu Clatellot i tu (Colecci\u00f3n)<\/span><\/a><\/p>\n","protected":false},"featured_media":1239,"template":"","meta":{"_joinchat":[]},"product_brand":[],"product_cat":[173,174,180,183,188],"product_tag":[316,200],"class_list":{"0":"post-1974","1":"product","2":"type-product","3":"status-publish","4":"has-post-thumbnail","6":"product_cat-catalan","7":"product_cat-colecciones","8":"product_cat-de-7-a-9-anos","9":"product_cat-infantil-es","10":"product_cat-novedades","11":"product_tag-fran-fuego-es","12":"product_tag-isaac-palmiola-es","14":"first","15":"instock","16":"taxable","17":"shipping-taxable","18":"purchasable","19":"product-type-variable"},"_links":{"self":[{"href":"https:\/\/www.llibreriasantjordi.cat\/es\/wp-json\/wp\/v2\/product\/1974","targetHints":{"allow":["GET"]}}],"collection":[{"href":"https:\/\/www.llibreriasantjordi.cat\/es\/wp-json\/wp\/v2\/product"}],"about":[{"href":"https:\/\/www.llibreriasantjordi.cat\/es\/wp-json\/wp\/v2\/types\/product"}],"wp:featuredmedia":[{"embeddable":true,"href":"https:\/\/www.llibreriasantjordi.cat\/es\/wp-json\/wp\/v2\/media\/1239"}],"wp:attachment":[{"href":"https:\/\/www.llibreriasantjordi.cat\/es\/wp-json\/wp\/v2\/media?parent=1974"}],"wp:term":[{"taxonomy":"product_brand","embeddable":true,"href":"https:\/\/www.llibreriasantjordi.cat\/es\/wp-json\/wp\/v2\/product_brand?post=1974"},{"taxonomy":"product_cat","embeddable":true,"href":"https:\/\/www.llibreriasantjordi.cat\/es\/wp-json\/wp\/v2\/product_cat?post=1974"},{"taxonomy":"product_tag","embeddable":true,"href":"https:\/\/www.llibreriasantjordi.cat\/es\/wp-json\/wp\/v2\/product_tag?post=1974"}],"curies":[{"name":"wp","href":"https:\/\/api.w.org\/{rel}","templated":true}]}}