{"id":1970,"date":"2025-04-07T13:37:27","date_gmt":"2025-04-07T11:37:27","guid":{"rendered":"https:\/\/www.llibreriasantjordi.cat\/?post_type=product&#038;p=1970"},"modified":"2025-07-14T16:08:23","modified_gmt":"2025-07-14T14:08:23","slug":"em-dic-goa-coleccion","status":"publish","type":"product","link":"https:\/\/www.llibreriasantjordi.cat\/es\/producte\/em-dic-goa-coleccion\/","title":{"rendered":"Em dic Goa (Colecci\u00f3n)"},"content":{"rendered":"<div class=\"wpb-content-wrapper\"><p>[vc_row css_animation=\u00bb\u00bb row_type=\u00bbrow\u00bb use_row_as_full_screen_section=\u00bbno\u00bb type=\u00bbfull_width\u00bb angled_section=\u00bbno\u00bb text_align=\u00bbleft\u00bb background_image_as_pattern=\u00bbwithout_pattern\u00bb][vc_column][vc_column_text css=\u00bb\u00bb]<strong>Editorial:<\/strong> B de Blok<br \/>\n<strong>ISBN:<\/strong> Varios<br \/>\n<strong>Idioma:<\/strong> Catal\u00e1n<br \/>\n<strong>N\u00famero de p\u00e1ginas:<\/strong> Varios<br \/>\n<strong>Encuadernaci\u00f3n:<\/strong> Tapa dura<br \/>\n<strong>Fecha de publicaci\u00f3n del n\u00famero 1:<\/strong> 16\/03\/2023[\/vc_column_text][\/vc_column][\/vc_row]<\/p>\n<\/div>","protected":false},"excerpt":{"rendered":"<p><strong>IMPORTANTE: Este libro forma parte de una colecci\u00f3n. Es necesario elegir el n\u00famero que desea en el desplegable inferior.<\/strong><\/p>\n<p>&nbsp;<\/p>\n<p>\u00a1Llega el sexto volumen de Me llamo Goa, la serie que ha atrapado a m\u00e1s de 100.000 lectores y lectoras j\u00f3venes!<\/p>\n<p>&nbsp;<\/p>\n<p>\u00a1Por fin est\u00e1n aqu\u00ed las vacaciones de Semana Santa! La espera ha sido interminable, pero he sobrevivido.<\/p>\n<p>&nbsp;<\/p>\n<p>Goa desea ir de camping con su madre y Anna. Vaya con su prima, Martina, y el resto de su familia lo hace a\u00fan m\u00e1s emocionante. hab\u00eda imaginado&#8230;<\/p>\n<p>&nbsp;<\/p>\n<p>Un nuevo volumen de la serie juvenil de M\u00edriam Tirado, autora de logros como <i>El hilo invisible, Sensibles\u00a0<\/i>y\u00a0<i>Infinito. Ir y volver<\/i>, en la que explora la adolescencia con el humor y la sensibilidad que la caracterizan. <a class=\"continue\" href=\"https:\/\/www.llibreriasantjordi.cat\/es\/producte\/em-dic-goa-coleccion\/\">CONTINUAR >><span> Em dic Goa (Colecci\u00f3n)<\/span><\/a><\/p>\n","protected":false},"featured_media":1237,"template":"","meta":{"_joinchat":[]},"product_brand":[],"product_cat":[173,174,177,183],"product_tag":[199],"class_list":{"0":"post-1970","1":"product","2":"type-product","3":"status-publish","4":"has-post-thumbnail","6":"product_cat-catalan","7":"product_cat-colecciones","8":"product_cat-de-10-a-12-anos","9":"product_cat-infantil-es","10":"product_tag-miriam-tirado-es","12":"first","13":"instock","14":"taxable","15":"shipping-taxable","16":"purchasable","17":"product-type-variable"},"_links":{"self":[{"href":"https:\/\/www.llibreriasantjordi.cat\/es\/wp-json\/wp\/v2\/product\/1970","targetHints":{"allow":["GET"]}}],"collection":[{"href":"https:\/\/www.llibreriasantjordi.cat\/es\/wp-json\/wp\/v2\/product"}],"about":[{"href":"https:\/\/www.llibreriasantjordi.cat\/es\/wp-json\/wp\/v2\/types\/product"}],"wp:featuredmedia":[{"embeddable":true,"href":"https:\/\/www.llibreriasantjordi.cat\/es\/wp-json\/wp\/v2\/media\/1237"}],"wp:attachment":[{"href":"https:\/\/www.llibreriasantjordi.cat\/es\/wp-json\/wp\/v2\/media?parent=1970"}],"wp:term":[{"taxonomy":"product_brand","embeddable":true,"href":"https:\/\/www.llibreriasantjordi.cat\/es\/wp-json\/wp\/v2\/product_brand?post=1970"},{"taxonomy":"product_cat","embeddable":true,"href":"https:\/\/www.llibreriasantjordi.cat\/es\/wp-json\/wp\/v2\/product_cat?post=1970"},{"taxonomy":"product_tag","embeddable":true,"href":"https:\/\/www.llibreriasantjordi.cat\/es\/wp-json\/wp\/v2\/product_tag?post=1970"}],"curies":[{"name":"wp","href":"https:\/\/api.w.org\/{rel}","templated":true}]}}