{"id":1969,"date":"2025-04-07T16:10:01","date_gmt":"2025-04-07T14:10:01","guid":{"rendered":"https:\/\/www.llibreriasantjordi.cat\/?post_type=product&#038;p=1969"},"modified":"2025-05-13T17:37:08","modified_gmt":"2025-05-13T15:37:08","slug":"els-secrets-de-la-nur","status":"publish","type":"product","link":"https:\/\/www.llibreriasantjordi.cat\/es\/producte\/els-secrets-de-la-nur\/","title":{"rendered":"Els secrets de la Nur"},"content":{"rendered":"<div class=\"wpb-content-wrapper\"><p>[vc_row css_animation=\u00bb\u00bb row_type=\u00bbrow\u00bb use_row_as_full_screen_section=\u00bbno\u00bb type=\u00bbfull_width\u00bb angled_section=\u00bbno\u00bb text_align=\u00bbleft\u00bb background_image_as_pattern=\u00bbwithout_pattern\u00bb][vc_column][vc_column_text css=\u00bb\u00bb]<strong>Editorial:<\/strong> Estrella Polar<br \/>\n<strong>ISBN:<\/strong> 9788413891798<br \/>\n<strong>Idioma:<\/strong> Catal\u00e1n<br \/>\n<strong>N\u00famero de p\u00e1ginas:<\/strong> 176<br \/>\n<strong>Encuadernaci\u00f3n:<\/strong> Tapa dura<br \/>\n<strong>Fecha de publicaci\u00f3n:<\/strong> 26\/02\/2025[\/vc_column_text][\/vc_column][\/vc_row]<\/p>\n<\/div>","protected":false},"excerpt":{"rendered":"<p>La primera novela juvenil de Najat El Hachmi, una narraci\u00f3n absolutamente necesaria sobre la construcci\u00f3n de la identidad propia entre la ni\u00f1ez y la juventud.<\/p>\n<p>&nbsp;<\/p>\n<p>Nur es una ni\u00f1a de 12 a\u00f1os muy inteligente, hija de padres inmigrantes. Un d\u00eda, la tutora de Nur convoca a los padres y les da una gran noticia: ha sido elegida para cursar los estudios secundarios en el mejor instituto de Barcelona de forma gratuita, gracias a una beca.<\/p>\n<p>&nbsp;<\/p>\n<p>Por un lado, Nur est\u00e1 contenta, porque que la hayan becada es una recompensa a su esfuerzo, pero al mismo tiempo no quiere irse lejos ni dejar a Amal, su prima y gran amiga, con quien ha ido toda la vida al colegio.<\/p>\n<p>&nbsp;<\/p>\n<p>Cuando llegue septiembre descubrir\u00e1 un mundo muy diferente al suyo, que la llevar\u00e1 a ver claramente las desigualdades y el rechazo que se crean alrededor de lo que para algunos es desconocido: en el instituto se sentir\u00e1 diferente por primera vez, pero, lejos de quedarse de brazos cruzados, se enfrentar\u00e1 al racismo a la vez que intenta construir una identidad propia, entre la caballo. <a class=\"continue\" href=\"https:\/\/www.llibreriasantjordi.cat\/es\/producte\/els-secrets-de-la-nur\/\">CONTINUAR >><span> Els secrets de la Nur<\/span><\/a><\/p>\n","protected":false},"featured_media":1235,"template":"","meta":{"_joinchat":[]},"product_brand":[],"product_cat":[173,177,183,188],"product_tag":[198],"class_list":{"0":"post-1969","1":"product","2":"type-product","3":"status-publish","4":"has-post-thumbnail","6":"product_cat-catalan","7":"product_cat-de-10-a-12-anos","8":"product_cat-infantil-es","9":"product_cat-novedades","10":"product_tag-najat-el-hachmi-es","12":"first","13":"instock","14":"taxable","15":"shipping-taxable","16":"purchasable","17":"product-type-simple"},"_links":{"self":[{"href":"https:\/\/www.llibreriasantjordi.cat\/es\/wp-json\/wp\/v2\/product\/1969","targetHints":{"allow":["GET"]}}],"collection":[{"href":"https:\/\/www.llibreriasantjordi.cat\/es\/wp-json\/wp\/v2\/product"}],"about":[{"href":"https:\/\/www.llibreriasantjordi.cat\/es\/wp-json\/wp\/v2\/types\/product"}],"wp:featuredmedia":[{"embeddable":true,"href":"https:\/\/www.llibreriasantjordi.cat\/es\/wp-json\/wp\/v2\/media\/1235"}],"wp:attachment":[{"href":"https:\/\/www.llibreriasantjordi.cat\/es\/wp-json\/wp\/v2\/media?parent=1969"}],"wp:term":[{"taxonomy":"product_brand","embeddable":true,"href":"https:\/\/www.llibreriasantjordi.cat\/es\/wp-json\/wp\/v2\/product_brand?post=1969"},{"taxonomy":"product_cat","embeddable":true,"href":"https:\/\/www.llibreriasantjordi.cat\/es\/wp-json\/wp\/v2\/product_cat?post=1969"},{"taxonomy":"product_tag","embeddable":true,"href":"https:\/\/www.llibreriasantjordi.cat\/es\/wp-json\/wp\/v2\/product_tag?post=1969"}],"curies":[{"name":"wp","href":"https:\/\/api.w.org\/{rel}","templated":true}]}}