{"id":1966,"date":"2025-04-07T16:14:27","date_gmt":"2025-04-07T14:14:27","guid":{"rendered":"https:\/\/www.llibreriasantjordi.cat\/?post_type=product&#038;p=1966"},"modified":"2025-08-23T19:17:57","modified_gmt":"2025-08-23T17:17:57","slug":"narval-coleccion","status":"publish","type":"product","link":"https:\/\/www.llibreriasantjordi.cat\/es\/producte\/narval-coleccion\/","title":{"rendered":"Narval (Colecci\u00f3n)"},"content":{"rendered":"<div class=\"wpb-content-wrapper\"><p>[vc_row css_animation=\u00bb\u00bb row_type=\u00bbrow\u00bb use_row_as_full_screen_section=\u00bbno\u00bb type=\u00bbfull_width\u00bb angled_section=\u00bbno\u00bb text_align=\u00bbleft\u00bb background_image_as_pattern=\u00bbwithout_pattern\u00bb][vc_column][vc_column_text css=\u00bb\u00bb]<strong>Editorial:<\/strong> Juventud<br \/>\n<strong>ISBN:<\/strong> Varios<br \/>\n<strong>Idioma:<\/strong> Catal\u00e1n<br \/>\n<strong>N\u00famero de p\u00e1ginas:<\/strong> Varios<br \/>\n<strong>Encuadernaci\u00f3n:<\/strong> Tapa dura<br \/>\n<strong>Fecha de publicaci\u00f3n del n\u00famero 1:<\/strong> 01\/03\/2018[\/vc_column_text][\/vc_column][\/vc_row]<\/p>\n<\/div>","protected":false},"excerpt":{"rendered":"<p><strong>IMPORTANTE: Este libro forma parte de una colecci\u00f3n. Es necesario elegir el n\u00famero que desea en el desplegable inferior. La portada y descripci\u00f3n corresponden al n\u00famero 9.<\/strong><\/p>\n<p>&nbsp;<\/p>\n<p>\u00a1Narval y Medu han vuelto! Todos sabemos c\u00f3mo le gustan los dulces a Narval, pero Medu empieza a preocuparse cuando ve agrietado y amarillento el colmillo de Narval&#8230; Por suerte, su amigo Taur\u00f3 sabe much\u00edsimo de higiene bucodental, con sus siete filas de dientes. Mientras, Medu y Cangrejo quieren demostrarle a Narval que es normal tener algunos d\u00edas malos&#8230; \u00bfLe podr\u00e1n convencer de que no es necesario estar siempre contento? Una nueva aventura narval\u00e1stica de nuestro d\u00fao favorito, con apariciones de personajes ya bien conocidos. Se mantiene el humor tan caracter\u00edstico de la serie, y los datos informativos que van apareciendo a lo largo del libro. <a class=\"continue\" href=\"https:\/\/www.llibreriasantjordi.cat\/es\/producte\/narval-coleccion\/\">CONTINUAR >><span> Narval (Colecci\u00f3n)<\/span><\/a><\/p>\n","protected":false},"featured_media":1233,"template":"","meta":{"_joinchat":[]},"product_brand":[],"product_cat":[173,174,187,180,183],"product_tag":[197],"class_list":{"0":"post-1966","1":"product","2":"type-product","3":"status-publish","4":"has-post-thumbnail","6":"product_cat-catalan","7":"product_cat-colecciones","8":"product_cat-comic-manga-y-novela-grafica","9":"product_cat-de-7-a-9-anos","10":"product_cat-infantil-es","11":"product_tag-ben-clanton-es","13":"first","14":"instock","15":"taxable","16":"shipping-taxable","17":"purchasable","18":"product-type-variable"},"_links":{"self":[{"href":"https:\/\/www.llibreriasantjordi.cat\/es\/wp-json\/wp\/v2\/product\/1966","targetHints":{"allow":["GET"]}}],"collection":[{"href":"https:\/\/www.llibreriasantjordi.cat\/es\/wp-json\/wp\/v2\/product"}],"about":[{"href":"https:\/\/www.llibreriasantjordi.cat\/es\/wp-json\/wp\/v2\/types\/product"}],"wp:featuredmedia":[{"embeddable":true,"href":"https:\/\/www.llibreriasantjordi.cat\/es\/wp-json\/wp\/v2\/media\/1233"}],"wp:attachment":[{"href":"https:\/\/www.llibreriasantjordi.cat\/es\/wp-json\/wp\/v2\/media?parent=1966"}],"wp:term":[{"taxonomy":"product_brand","embeddable":true,"href":"https:\/\/www.llibreriasantjordi.cat\/es\/wp-json\/wp\/v2\/product_brand?post=1966"},{"taxonomy":"product_cat","embeddable":true,"href":"https:\/\/www.llibreriasantjordi.cat\/es\/wp-json\/wp\/v2\/product_cat?post=1966"},{"taxonomy":"product_tag","embeddable":true,"href":"https:\/\/www.llibreriasantjordi.cat\/es\/wp-json\/wp\/v2\/product_tag?post=1966"}],"curies":[{"name":"wp","href":"https:\/\/api.w.org\/{rel}","templated":true}]}}