{"id":1961,"date":"2025-04-07T16:26:19","date_gmt":"2025-04-07T14:26:19","guid":{"rendered":"https:\/\/www.llibreriasantjordi.cat\/?post_type=product&#038;p=1961"},"modified":"2025-08-24T18:41:29","modified_gmt":"2025-08-24T16:41:29","slug":"tinc-un-drac-a-casa","status":"publish","type":"product","link":"https:\/\/www.llibreriasantjordi.cat\/es\/producte\/tinc-un-drac-a-casa\/","title":{"rendered":"Tinc un drac a casa!"},"content":{"rendered":"<div class=\"wpb-content-wrapper\"><p>[vc_row css_animation=\u00bb\u00bb row_type=\u00bbrow\u00bb use_row_as_full_screen_section=\u00bbno\u00bb type=\u00bbfull_width\u00bb angled_section=\u00bbno\u00bb text_align=\u00bbleft\u00bb background_image_as_pattern=\u00bbwithout_pattern\u00bb][vc_column][vc_column_text css=\u00bb\u00bb]<strong>Editorial:<\/strong> Cruce<br \/>\n<strong>ISBN:<\/strong> 9788466144759<br \/>\n<strong>Idioma:<\/strong> Catal\u00e1n<br \/>\n<strong>N\u00famero de p\u00e1ginas:<\/strong> 32<br \/>\n<strong>Encuadernaci\u00f3n:<\/strong> Tapa dura<br \/>\n<strong>Fecha de publicaci\u00f3n:<\/strong> 20\/09\/2018[\/vc_column_text][\/vc_column][\/vc_row]<\/p>\n<\/div>","protected":false},"excerpt":{"rendered":"<p>\u00c0lex ha encontrado un drag\u00f3n en el s\u00f3tano de casa. \u00bfQu\u00e9 debe hacer? Abre las cartas y ay\u00fadale a descubrirlo. \u00a1\u00c0lex se ha encontrado un drag\u00f3n en el s\u00f3tano de casa y no sabe qu\u00e9 hacer con ellos! Lee las cartas que le env\u00edan y ay\u00fadale a descubrirlo. Pero \u00a1ten cuidado! Los dragones son peligrosos&#8230; \u00bfo quiz\u00e1s no? \u00a1Con 5 cartas urgentes para abrir! \u00c0lex ha encontrado un drag\u00f3n en el s\u00f3tano de su casa y no sabe qu\u00e9 hacer con \u00e9l. \u00bfQu\u00e9 comen los dragones? \u00bfHay que ba\u00f1arlos? \u00bfY si echa fuego por las muelas? Al ser muy espabilado, ha hecho todas estas preguntas a las personas adecuadas y ha recibido 5 cartas con todas las explicaciones. Pero, \u00bfrealmente una casa de tama\u00f1o \u00abnormal\u00bb es un buen lugar para tener un drag\u00f3n? <a class=\"continue\" href=\"https:\/\/www.llibreriasantjordi.cat\/es\/producte\/tinc-un-drac-a-casa\/\">CONTINUAR >><span> Tinc un drac a casa!<\/span><\/a><\/p>\n","protected":false},"featured_media":1229,"template":"","meta":{"_joinchat":[]},"product_brand":[],"product_cat":[173,178,183],"product_tag":[323],"class_list":{"0":"post-1961","1":"product","2":"type-product","3":"status-publish","4":"has-post-thumbnail","6":"product_cat-catalan","7":"product_cat-de-3-a-4-anos","8":"product_cat-infantil-es","9":"product_tag-emma-yarlett-es","11":"first","12":"instock","13":"taxable","14":"shipping-taxable","15":"purchasable","16":"product-type-simple"},"_links":{"self":[{"href":"https:\/\/www.llibreriasantjordi.cat\/es\/wp-json\/wp\/v2\/product\/1961","targetHints":{"allow":["GET"]}}],"collection":[{"href":"https:\/\/www.llibreriasantjordi.cat\/es\/wp-json\/wp\/v2\/product"}],"about":[{"href":"https:\/\/www.llibreriasantjordi.cat\/es\/wp-json\/wp\/v2\/types\/product"}],"wp:featuredmedia":[{"embeddable":true,"href":"https:\/\/www.llibreriasantjordi.cat\/es\/wp-json\/wp\/v2\/media\/1229"}],"wp:attachment":[{"href":"https:\/\/www.llibreriasantjordi.cat\/es\/wp-json\/wp\/v2\/media?parent=1961"}],"wp:term":[{"taxonomy":"product_brand","embeddable":true,"href":"https:\/\/www.llibreriasantjordi.cat\/es\/wp-json\/wp\/v2\/product_brand?post=1961"},{"taxonomy":"product_cat","embeddable":true,"href":"https:\/\/www.llibreriasantjordi.cat\/es\/wp-json\/wp\/v2\/product_cat?post=1961"},{"taxonomy":"product_tag","embeddable":true,"href":"https:\/\/www.llibreriasantjordi.cat\/es\/wp-json\/wp\/v2\/product_tag?post=1961"}],"curies":[{"name":"wp","href":"https:\/\/api.w.org\/{rel}","templated":true}]}}